{"id":5192,"date":"2024-08-26T04:14:25","date_gmt":"2024-08-26T02:14:25","guid":{"rendered":"https:\/\/ambtokyo.esteri.it\/?page_id=5192"},"modified":"2024-08-29T04:17:05","modified_gmt":"2024-08-29T02:17:05","slug":"discorso-di-benvenuto-dellambasciatore-ditalia-gianluigi-benedetti-indirizzato-al-ministro-della-difesa-guido-crosetto-tokyo-25-agosto-2024","status":"publish","type":"page","link":"https:\/\/ambtokyo.esteri.it\/it\/chi-siamo\/ambasciatore\/discorsi-dellambasciatore__trashed\/discorso-di-benvenuto-dellambasciatore-ditalia-gianluigi-benedetti-indirizzato-al-ministro-della-difesa-guido-crosetto-tokyo-25-agosto-2024\/","title":{"rendered":"Discorso di benvenuto dell\u2019Ambasciatore d\u2019Italia Gianluigi Benedetti indirizzato al Ministro della Difesa, Guido Crosetto (Tokyo, 25 agosto 2024)"},"content":{"rendered":"<p>Signor Ministro della Difesa, Vertici politici e militari del Ministero della Difesa, Ufficiali della Marina Militare, colleghi, signore e signori, \u00e8 veramente grande l\u2019onore di accogliere nella Residenza dell\u2019Ambasciatore d\u2019Italia in Giappone una delegazione cos\u00ec importante in un\u2019occasione storica per la Marina Militare italiana e per il Paese.<\/p>\n<p>&nbsp;<\/p>\n<p>Signor Ministro, la sua presenza qui, le esercitazioni dell\u2019Aereonautica Militare condotte qualche giorno fa, quelle che saranno condotte dal Carrier Strike Group con le Forze di autodifesa giapponesi e la prima visita in questo Paese del Vespucci in occasione del giro del mondo permettono all\u2019Italia di dare un contenuto concreto e forte al \u201cpartenariato strategico\u201d lanciato dai Primi Ministri Giorgia Meloni e Fumio Kishida nel gennaio 2023 e di scrivere un nuovo capitolo nella storia delle relazioni con il Giappone.<\/p>\n<p>&nbsp;<\/p>\n<p>D\u2019altra parte, con una coincidenza poco nota, le relazioni con il Giappone iniziarono proprio con l\u2019arrivo di una nave della Marina Militare, allora Regia Marina, la corvetta a elica \u201cMagenta\u201d che nel 1866 gett\u00f2 l\u2019ancora a Yokohama. Il suo Comandante e Plenipotenziario italiano, Vittorio Arminjon, negozi\u00f2 e firm\u00f2 il primo Trattato di Amicizia e di Commercio con il Giappone avviando i rapporti diplomatici e commerciali fra i nostri Paesi.<\/p>\n<p>&nbsp;<\/p>\n<p>Prima di partire per il Giappone, quella nave faceva parte della Divisione navale dell\u2019America meridionale di stanza a Montevideo, dove assicurava la protezione dei nostri interessi economici e commerciali e delle nostre comunit\u00e0 emigrate nei Paesi di quell\u2019area. Nel tornare in Patria, quella nave fu anche la prima nave da guerra italiana a compiere il giro del mondo e ad effettuare, durante il periplo, un\u2019importante missione scientifica che consent\u00ec la raccolta di minerali e campioni animali oltre che rilevamenti nautici e osservazioni e studi antropologici.<\/p>\n<p>&nbsp;<\/p>\n<p>Le articolate campagne aeree e navali di quest\u2019anno confermano che oggi, come allora, l\u2019Italia \u00e8 in grado di proiettare la propria presenza a grande distanza, fin nel lontano Indo-Pacifico, per cooperare con alleati e partner, tutelare i nostri interessi nazionali, svolgere missioni umanitarie e scientifiche, rafforzare la nostra immagine e salvaguardare la prosperit\u00e0 del nostro Paese e dei nostri connazionali.<\/p>\n<p>&nbsp;<\/p>\n<p>L\u2019Atlantico, il Mediterraneo e l\u2019Indo-pacifico sono ormai da tempo sempre pi\u00f9 interdipendenti, ma nel nuovo scenario geostrategico e geoeconomico delineatosi con l\u2019aggressione russa dell\u2019Ucraina, il nostro Paese ha acquisito una maggiore responsabilit\u00e0 nel contribuire a mantenere la pace e la stabilit\u00e0 nel mondo e assicurare ovunque la protezione della sicurezza marittima e della libert\u00e0 di navigazione, sulla base dei principi e delle regole del diritto internazionale.<\/p>\n<p>&nbsp;<\/p>\n<p>Cavour, Alpino e Montecuccoli, con le loro caratteristiche d\u2019ingegneria navale, gli apparati meccanici, i sistemi elettronici e d\u2019armamento, rappresentano inoltre l\u2019avanguardia tecnologica del nostro Paese. La loro presenza qui, a pi\u00f9 di 10.000 chilometri da casa, \u00e8 anche una vetrina straordinariamente visibile delle competenze industriali e tecnologiche del nostro Paese. Una vetrina che Nave Vespucci e il Villaggio Italia arricchiranno mostrando la nostra migliore tradizione del saper fare prodotti belli e funzionali oltre che la nostra straordinaria ricchezza culturale.<\/p>\n<p>&nbsp;<\/p>\n<p>Signor Ministro, grazie ancora per questo imponente sforzo politico e organizzativo che senza dubbio sar\u00e0 osservato e ammirato da molti, ma soprattutto rimarr\u00e0 nella storia e nella memoria di tutti i giapponesi, confermando che il rilancio del partenariato voluto dai due Governi ha veramente aperto una \u201cnuova era\u201d nelle relazioni tra i nostri Paesi.<\/p>\n<p>&nbsp;<\/p>\n<p>Let me conclude switching to English to thank our Japanese and American friends for joining us tonight in this historical occasion. As I stressed in my Italian address, our Airforce and Navy joint exercises in the Indo-Pacific rise the bar in the relationship between our Countries and are a testimony of the \u201cstrategic partnership\u201d between Italy and Japan, which was inaugurated by our Prime Ministers Giorgia Meloni and Fumio Kishida in January last year.<\/p>\n<p>&nbsp;<\/p>\n<p>In a wider and strategic framework, these campaigns are the confirmation of the Italian commitment and capability to actively contributing to maintain peace and stability by cooperating with allies and partners for the protection of maritime security and freedom of navigation around the world, including in the far Indo-Pacific, a region of utmost importance in the current geopolitical scenario.<\/p>\n<p>&nbsp;<\/p>\n<p>Thank you<\/p>\n<p>&nbsp;<\/p>\n<p>&nbsp;<\/p>\n","protected":false},"excerpt":{"rendered":"Signor Ministro della Difesa, Vertici politici e militari del Ministero della Difesa, Ufficiali della Marina Militare, colleghi, signore e signori, \u00e8 veramente grande l\u2019onore di accogliere nella Residenza dell\u2019Ambasciatore d\u2019Italia in Giappone una delegazione cos\u00ec importante in un\u2019occasione storica per la Marina Militare italiana e per il Paese. &nbsp; Signor Ministro, la sua presenza qui, [&hellip;]","protected":false},"author":6,"featured_media":0,"parent":272,"menu_order":0,"comment_status":"closed","ping_status":"closed","template":"","meta":{"footnotes":""},"class_list":["post-5192","page","type-page","status-publish","hentry"],"_links":{"self":[{"href":"https:\/\/ambtokyo.esteri.it\/it\/wp-json\/wp\/v2\/pages\/5192","targetHints":{"allow":["GET"]}}],"collection":[{"href":"https:\/\/ambtokyo.esteri.it\/it\/wp-json\/wp\/v2\/pages"}],"about":[{"href":"https:\/\/ambtokyo.esteri.it\/it\/wp-json\/wp\/v2\/types\/page"}],"author":[{"embeddable":true,"href":"https:\/\/ambtokyo.esteri.it\/it\/wp-json\/wp\/v2\/users\/6"}],"replies":[{"embeddable":true,"href":"https:\/\/ambtokyo.esteri.it\/it\/wp-json\/wp\/v2\/comments?post=5192"}],"version-history":[{"count":1,"href":"https:\/\/ambtokyo.esteri.it\/it\/wp-json\/wp\/v2\/pages\/5192\/revisions"}],"predecessor-version":[{"id":5195,"href":"https:\/\/ambtokyo.esteri.it\/it\/wp-json\/wp\/v2\/pages\/5192\/revisions\/5195"}],"up":[{"embeddable":true,"href":"https:\/\/ambtokyo.esteri.it\/it\/wp-json\/wp\/v2\/pages\/272"}],"wp:attachment":[{"href":"https:\/\/ambtokyo.esteri.it\/it\/wp-json\/wp\/v2\/media?parent=5192"}],"curies":[{"name":"wp","href":"https:\/\/api.w.org\/{rel}","templated":true}]}}