{"id":5199,"date":"2024-08-27T04:17:29","date_gmt":"2024-08-27T02:17:29","guid":{"rendered":"https:\/\/ambtokyo.esteri.it\/?page_id=5199"},"modified":"2024-08-29T04:19:37","modified_gmt":"2024-08-29T02:19:37","slug":"intervento-dellambasciatore-ditalia-gianluigi-benedetti-in-occasione-della-cerimonia-di-apertura-del-villaggio-italia-realizzato-per-il-tour-mondiale-della-nave-amerigo-vespucci-tok","status":"publish","type":"page","link":"https:\/\/ambtokyo.esteri.it\/it\/chi-siamo\/ambasciatore\/discorsi-dellambasciatore__trashed\/intervento-dellambasciatore-ditalia-gianluigi-benedetti-in-occasione-della-cerimonia-di-apertura-del-villaggio-italia-realizzato-per-il-tour-mondiale-della-nave-amerigo-vespucci-tok\/","title":{"rendered":"Intervento dell\u2019Ambasciatore d\u2019Italia Gianluigi Benedetti in occasione della cerimonia di apertura del Villaggio Italia realizzato per il Tour Mondiale della Nave Amerigo Vespucci (Tokyo, 26 agosto 2024)"},"content":{"rendered":"<p>Onorevole Ministro Crosetto, Onorevole Vice Ministro Miyake, Autorit\u00e0 militari e civili, Signore e signori,<\/p>\n<p>&nbsp;<\/p>\n<p>La Nave Amerigo Vespucci, nella sua lunga e gloriosa storia come nave scuola della Marina Militare italiana, ha solcato i mari di tutto il mondo, partecipando a innumerevoli missioni in acque lontane.<\/p>\n<p>&nbsp;<\/p>\n<p>Tuttavia, fino ad oggi, i porti giapponesi non avevano ancora avuto l\u2019occasione di accoglierla. \u00c8 quindi per me un grande privilegio dare oggi il benvenuto a Tokyo, per la prima volta nella sua storia, a questo magnifico veliero, simbolo di tante eccellenti competenze italiane, da quelle di ingegneria navale e di design a quelle di navigazione oceanica e addestramento.<\/p>\n<p>&nbsp;<\/p>\n<p>L\u2019arrivo della Nave Vespucci coincide con l\u2019inizio di una nuova fase dei rapporti bilaterali, che possiamo definire \u201cShin Jidai\u201d, una nuova era aperta dai Primi Ministri Giorgia Meloni e Fumio Kishida, con il lancio del \u201cpartenariato strategico\u201d nel gennaio 2023 e l\u2019approvazione del Piano di Azione triennale nel giugno di quest\u2019anno.<\/p>\n<p>&nbsp;<\/p>\n<p>Questa nuova era vedr\u00e0 il rafforzamento delle relazioni in tutti i campi: quello diplomatico e della difesa, quello economico e industriale, quello scientifico e tecnologico e quello culturale che \u00e8 fondamentale per rafforzare la conoscenza tra le nostre generazioni pi\u00f9 giovani cui spetter\u00e0 custodire la perpetua amicizia tra i nostri popoli auspicata nel primo Trattato bilaterale nel lontano 1866.<\/p>\n<p>&nbsp;<\/p>\n<p>La presenza qui del Vespucci e soprattutto, la presenza poco lontano da qui, a Yokosuka, del Carrier Strike Group della Marina Militare Italiana \u00e8 la testimonianza del profondo impegno dell\u2019Italia a contribuire alla pace e alla stabilit\u00e0 nel mondo, incluso nell\u2019Indo-Pacifico, cooperando con alleati e partner per assicurare ovunque la sicurezza marittima e la libert\u00e0 di navigazione nel rispetto dei principi e delle regole del diritto internazionale.<\/p>\n<p>&nbsp;<\/p>\n<p>Desidero esprimere il mio pi\u00f9 sentito ringraziamento al Ministro Crosetto per aver reso possibile questa storica campagna navale e al Ministro Kihara per aver voluto sottolineare l\u2019importanza di questa eccezionale presenza italiana visitando questa mattina Nave Vespucci, nonostante i pressanti impegni di Governo.<\/p>\n<p>&nbsp;<\/p>\n<p>Nei suoi 93 anni di storia in ogni porto in cui ha attraccato il Vespucci ha sempre portato il meglio che l\u2019Italia ha da offrire, contribuendo a rafforzare la nostra diplomazia economica e culturale.<\/p>\n<p>&nbsp;<\/p>\n<p>A Tokyo, per celebrare questa storica visita, abbiamo allestito un Villaggio Italia, uno spazio straordinario che mette in mostra le eccellenze del Made in Italy, delle nostre tradizioni, della nostra arte e del nostro saper fare. \u00c8 un\u2019occasione unica, anche per evidenziare l\u2019importanza del legame tra la sicurezza e la libert\u00e0 della navigazione e lo sviluppo economico e culturale del nostro come di ogni altro Paese.<\/p>\n<p>&nbsp;<\/p>\n<p>Formulo i miei migliori auguri per il successo di questa campagna navale e auspico che possa procedere a vele spiegate verso la prossima tappa di questo meraviglioso giro del mondo.<\/p>\n<p>&nbsp;<\/p>\n<p>Grazie a tutti voi per aver dedicato questa mattina all\u2019Italia con la vostra presenza qui.<\/p>\n","protected":false},"excerpt":{"rendered":"Onorevole Ministro Crosetto, Onorevole Vice Ministro Miyake, Autorit\u00e0 militari e civili, Signore e signori, &nbsp; La Nave Amerigo Vespucci, nella sua lunga e gloriosa storia come nave scuola della Marina Militare italiana, ha solcato i mari di tutto il mondo, partecipando a innumerevoli missioni in acque lontane. &nbsp; Tuttavia, fino ad oggi, i porti giapponesi [&hellip;]","protected":false},"author":6,"featured_media":0,"parent":272,"menu_order":0,"comment_status":"closed","ping_status":"closed","template":"","meta":{"footnotes":""},"class_list":["post-5199","page","type-page","status-publish","hentry"],"_links":{"self":[{"href":"https:\/\/ambtokyo.esteri.it\/it\/wp-json\/wp\/v2\/pages\/5199","targetHints":{"allow":["GET"]}}],"collection":[{"href":"https:\/\/ambtokyo.esteri.it\/it\/wp-json\/wp\/v2\/pages"}],"about":[{"href":"https:\/\/ambtokyo.esteri.it\/it\/wp-json\/wp\/v2\/types\/page"}],"author":[{"embeddable":true,"href":"https:\/\/ambtokyo.esteri.it\/it\/wp-json\/wp\/v2\/users\/6"}],"replies":[{"embeddable":true,"href":"https:\/\/ambtokyo.esteri.it\/it\/wp-json\/wp\/v2\/comments?post=5199"}],"version-history":[{"count":1,"href":"https:\/\/ambtokyo.esteri.it\/it\/wp-json\/wp\/v2\/pages\/5199\/revisions"}],"predecessor-version":[{"id":5200,"href":"https:\/\/ambtokyo.esteri.it\/it\/wp-json\/wp\/v2\/pages\/5199\/revisions\/5200"}],"up":[{"embeddable":true,"href":"https:\/\/ambtokyo.esteri.it\/it\/wp-json\/wp\/v2\/pages\/272"}],"wp:attachment":[{"href":"https:\/\/ambtokyo.esteri.it\/it\/wp-json\/wp\/v2\/media?parent=5199"}],"curies":[{"name":"wp","href":"https:\/\/api.w.org\/{rel}","templated":true}]}}