{"id":5204,"date":"2024-08-29T04:22:50","date_gmt":"2024-08-29T02:22:50","guid":{"rendered":"https:\/\/ambtokyo.esteri.it\/?page_id=5204"},"modified":"2024-08-29T04:22:50","modified_gmt":"2024-08-29T02:22:50","slug":"intervento-dellambasciatore-ditalia-gianluigi-benedetti-in-occasione-della-tavola-rotonda-invest-in-italy-where-innovating-is-tradition-a-foreign-direct-investment-round","status":"publish","type":"page","link":"https:\/\/ambtokyo.esteri.it\/it\/chi-siamo\/ambasciatore\/discorsi-dellambasciatore__trashed\/intervento-dellambasciatore-ditalia-gianluigi-benedetti-in-occasione-della-tavola-rotonda-invest-in-italy-where-innovating-is-tradition-a-foreign-direct-investment-round\/","title":{"rendered":"Intervento dell\u2019Ambasciatore d\u2019Italia, Gianluigi Benedetti in occasione della Tavola Rotonda \u201cInvest in Italy: where innovating is tradition. A foreign direct investment Round Table\u201d (Tokyo, Villaggio Italia, 28 agosto 2024)"},"content":{"rendered":"<p>Buongiorno a tutti e benvenuti al Villaggio Italia. Desidero, innanzitutto, rivolgere un sentito ringraziamento al Vice Ministro del MIMIT, Valentini e al Vice-Ministro del METI Yoshida per la loro partecipazione a questa tavola rotonda.<\/p>\n<p>&nbsp;<\/p>\n<p>La partecipazione di alcune delle pi\u00f9 grandi aziende testimonia quanto sia forte l\u2019interesse che l\u2019Italia suscita, in questo momento, negli ambienti economici giapponesi in termini di opportunit\u00e0 di investimento e collaborazione.<\/p>\n<p>&nbsp;<\/p>\n<p>Questa attenzione verso l\u2019Italia e il suo sistema produttivo \u00e8 certamente un fatto nuovo, ma non completamente inaspettato.<\/p>\n<p>&nbsp;<\/p>\n<p>Infatti, \u00e8 proprio con i colleghi del METI che avevamo negli scorsi anni condiviso la convinzione che nelle relazioni economiche bilaterali, soprattutto per quanto riguarda la cooperazione industriale, vi fossero potenzialit\u00e0 inespresse.<\/p>\n<p>&nbsp;<\/p>\n<p>Con loro abbiamo quindi puntato su un rafforzamento del nostro partenariato, un partenariato diventato poi strategico grazie all\u2019intesa tra i nostri Primi Ministri del gennaio 2023, basato proprio su un ampliamento e approfondimento delle relazioni tra aziende.<\/p>\n<p>&nbsp;<\/p>\n<p>Come strumento di azione concordammo di utilizzare l\u2019Italy Japan Business Group, rilanciandolo come piattaforma di networking open-ended e cio\u00e8 aperta a tutte le aziende interessate a fare affari in Italia o in Giappone.<\/p>\n<p>&nbsp;<\/p>\n<p>In questo quadro, anche in preparazione della prossima riunione del business group che si terr\u00e0 a Roma il 13 e 14 novembre, questa tavola rotonda ci dar\u00e0 la possibilit\u00e0 di illustrare le iniziative e i nuovi strumenti messi in campo da parte Italiana per attrarre gli investimenti diretti stranieri. Allo stesso tempo per noi \u00e8 anche un\u2019occasione privilegiata per ascoltare da voi, gentili rappresentanti delle aziende giapponesi, quali sono i vostri obiettivi e le vostre priorit\u00e0 di cooperazione internazionale.<\/p>\n<p>&nbsp;<\/p>\n<p>Il mio auspicio \u00e8 che la tavola rotonda e il successivo momento di networking siano animati da un confronto veramente aperto e franco che possa essere di grande interesse e utilit\u00e0 per entrambi.<\/p>\n<p>&nbsp;<\/p>\n<p>Auguro, quindi a tutti voi una fruttuosa mattinata di lavori, una piacevole visita alla mostra \u201cItalia Geniale\u201d che presenta alcuni dei pi\u00f9 creativi prodotti <em>Made in Italy, <\/em>e, soprattutto, un\u2019indimenticabile esperienza a bordo della splendida nave Amerigo Vespucci che per la prima volta nei suoi 93 anni di vita \u00e8 in Giappone. Un\u2019occasione eccezionale che non pu\u00f2 essere mancata.<\/p>\n<p>&nbsp;<\/p>\n<p>Grazie.<\/p>\n","protected":false},"excerpt":{"rendered":"Buongiorno a tutti e benvenuti al Villaggio Italia. Desidero, innanzitutto, rivolgere un sentito ringraziamento al Vice Ministro del MIMIT, Valentini e al Vice-Ministro del METI Yoshida per la loro partecipazione a questa tavola rotonda. &nbsp; La partecipazione di alcune delle pi\u00f9 grandi aziende testimonia quanto sia forte l\u2019interesse che l\u2019Italia suscita, in questo momento, negli [&hellip;]","protected":false},"author":6,"featured_media":0,"parent":272,"menu_order":0,"comment_status":"closed","ping_status":"closed","template":"","meta":{"footnotes":""},"class_list":["post-5204","page","type-page","status-publish","hentry"],"_links":{"self":[{"href":"https:\/\/ambtokyo.esteri.it\/it\/wp-json\/wp\/v2\/pages\/5204","targetHints":{"allow":["GET"]}}],"collection":[{"href":"https:\/\/ambtokyo.esteri.it\/it\/wp-json\/wp\/v2\/pages"}],"about":[{"href":"https:\/\/ambtokyo.esteri.it\/it\/wp-json\/wp\/v2\/types\/page"}],"author":[{"embeddable":true,"href":"https:\/\/ambtokyo.esteri.it\/it\/wp-json\/wp\/v2\/users\/6"}],"replies":[{"embeddable":true,"href":"https:\/\/ambtokyo.esteri.it\/it\/wp-json\/wp\/v2\/comments?post=5204"}],"version-history":[{"count":1,"href":"https:\/\/ambtokyo.esteri.it\/it\/wp-json\/wp\/v2\/pages\/5204\/revisions"}],"predecessor-version":[{"id":5207,"href":"https:\/\/ambtokyo.esteri.it\/it\/wp-json\/wp\/v2\/pages\/5204\/revisions\/5207"}],"up":[{"embeddable":true,"href":"https:\/\/ambtokyo.esteri.it\/it\/wp-json\/wp\/v2\/pages\/272"}],"wp:attachment":[{"href":"https:\/\/ambtokyo.esteri.it\/it\/wp-json\/wp\/v2\/media?parent=5204"}],"curies":[{"name":"wp","href":"https:\/\/api.w.org\/{rel}","templated":true}]}}