{"id":5244,"date":"2024-09-01T07:20:56","date_gmt":"2024-09-01T05:20:56","guid":{"rendered":"https:\/\/ambtokyo.esteri.it\/?page_id=5244"},"modified":"2024-09-19T07:22:39","modified_gmt":"2024-09-19T05:22:39","slug":"intervento-dellambasciatore-ditalia-gianluigi-benedetti-in-occasione-della-cerimonia-di-chiusura-del-villaggio-italia-realizzato-per-il-tour-mondiale-della-nave-amerigo-vespucci-tok","status":"publish","type":"page","link":"https:\/\/ambtokyo.esteri.it\/it\/chi-siamo\/ambasciatore\/discorsi-dellambasciatore__trashed\/intervento-dellambasciatore-ditalia-gianluigi-benedetti-in-occasione-della-cerimonia-di-chiusura-del-villaggio-italia-realizzato-per-il-tour-mondiale-della-nave-amerigo-vespucci-tok\/","title":{"rendered":"Intervento dell\u2019Ambasciatore d\u2019Italia Gianluigi Benedetti in occasione della cerimonia di chiusura del Villaggio Italia realizzato per il Tour Mondiale della Nave Amerigo Vespucci (Tokyo, 30 agosto 2024)"},"content":{"rendered":"<p>\u00c8 per me un grande privilegio essere qui oggi per salutare, con un senso di orgoglio e profonda gratitudine, la nave scuola Amerigo Vespucci alla sua partenza da Tokyo. Questa tappa del Giro del mondo ha segnato nel modo pi\u00f9 appariscente e significativo l\u2019inizio della \u201cnuova era\u201d nelle relazioni tra l\u2019Italia e il Giappone avviata nel gennaio 2023, lasciando un\u2019impronta indelebile nella lunga storia della nostra amicizia.<\/p>\n<p>&nbsp;<\/p>\n<p>Il Vespucci \u00e8 un messaggero itinerante della cultura, delle tradizioni, dei valori e delle eccellenze italiane nel mondo e l\u2019accoglienza che ha ricevuto qui in Giappone, con un calore e un entusiasmo che hanno superato ogni aspettativa, \u00e8 la dimostrazione tangibile del profondo legame che unisce i nostri Paesi e i nostri popoli.<\/p>\n<p>&nbsp;<\/p>\n<p>L\u2019enorme afflusso di pubblico che ha visitato la nave e il Villaggio Italia \u00e8 una chiara testimonianza di questo legame e possiamo essere certi che questa dimensione umana alla base della nostra amicizia ci permetter\u00e0 di sviluppare sempre di pi\u00f9 i rapporti istituzionali, economici, scientifici e culturali.<\/p>\n<p>&nbsp;<\/p>\n<p>Desidero esprimere il mio pi\u00f9 sentito ringraziamento a tutte le persone che hanno reso questa iniziativa un successo. Grazie al Ministro della Difesa Guido Crosetto, la cui immaginazione e determinazione ha reso possibile questo ambizioso e straordinario Giro del mondo. Grazie alle pi\u00f9 alte Istituzioni e alle autorit\u00e0 del Giappone che hanno accolto e visitato con amicizia il Vespucci in questi giorni. Grazie al Governo Metropolitano di Tokyo per averci ospitato in questo splendido edificio e aiutato a realizzare il Villaggio Italia.<\/p>\n<p>&nbsp;<\/p>\n<p>Un ringraziamento speciale va al Comitato interministeriale, che ha curato con grande competenza i contenuti delle mostre e degli appuntamenti organizzati al Villaggio Italia; a Difesa Servizi e Ninetynine, per l\u2019eccezionale e impeccabile organizzazione di questo grande evento; e, naturalmente, al personale dell\u2019Ambasciata, dell\u2019Addettanza militare e a tutto il Sistema Italia, che hanno lavorato instancabilmente per garantire che tutto fosse realizzato nei tempi giusti e con il massimo successo.<\/p>\n<p>&nbsp;<\/p>\n<p>Tengo in particolare a ringraziare tutti i visitatori che hanno partecipato con entusiasmo alle visite a bordo e alle attivit\u00e0 del Villaggio Italia. Sono certo che queste giornate resteranno per sempre nei loro cuori e che il ricordo di questa esperienza rafforzer\u00e0 ulteriormente l\u2019amicizia tra i nostri popoli.<\/p>\n<p>&nbsp;<\/p>\n<p>Questi giorni hanno trasformato il Vespucci e il Villaggio Italia in un crocevia di culture, dove l\u2019arte, la musica, il design, la tecnologia e i prodotti enogastronomici italiani hanno raccontato al pubblico giapponese la ricchezza e la diversit\u00e0 del nostro Paese. Le iniziative promosse hanno portato l&#8217;Italia nel cuore di Tokyo, in anticipo rispetto a quelle che saranno realizzate a Osaka nel nostro Padiglione all\u2019Expo 2025, creando un dialogo vivo tra le nostre comunit\u00e0. Grazie a Serena Autieri che le ha presentate nel modo migliore e grazie a tutti gli artisti che le hanno realizzate.<\/p>\n<p>&nbsp;<\/p>\n<p>Nel salutare poco fa gli allievi dell\u2019Accademia Navale e l\u2019equipaggio del Vespucci, ho ricordato loro l\u2019orgoglio nel portare avanti la tradizione navale italiana, la responsabilit\u00e0 del servizio allo Stato anche in contesti difficili e lontano da casa. Il loro viaggio intorno al mondo \u00e8 un esempio per tutti, una testimonianza vivente dei valori che guidano la nostra Marina e, pi\u00f9 in generale, il nostro Paese. A loro, soprattutto, va il mio e il nostro pi\u00f9 caloroso ringraziamento. Sono certo che, ovunque vadano, continueranno a rappresentare l&#8217;Italia con lo stesso orgoglio, la stessa passione e lo stesso impegno che hanno dimostrato qui a Tokyo.<\/p>\n<p>&nbsp;<\/p>\n<p>A questo punto non mi resta che affidare virtualmente questi due tesori, nave Vespucci e il Villaggio Italia, al mio collega e amico Paolo Crudele, Ambasciatore d\u2019Italia in Australia, che \u00e8 collegato con noi da Canberra, augurandogli lo stesso successo avuto in Giappone. Buongiorno Paolo, a te la parola.<\/p>\n","protected":false},"excerpt":{"rendered":"\u00c8 per me un grande privilegio essere qui oggi per salutare, con un senso di orgoglio e profonda gratitudine, la nave scuola Amerigo Vespucci alla sua partenza da Tokyo. Questa tappa del Giro del mondo ha segnato nel modo pi\u00f9 appariscente e significativo l\u2019inizio della \u201cnuova era\u201d nelle relazioni tra l\u2019Italia e il Giappone avviata [&hellip;]","protected":false},"author":6,"featured_media":0,"parent":272,"menu_order":0,"comment_status":"closed","ping_status":"closed","template":"","meta":{"footnotes":""},"class_list":["post-5244","page","type-page","status-publish","hentry"],"_links":{"self":[{"href":"https:\/\/ambtokyo.esteri.it\/it\/wp-json\/wp\/v2\/pages\/5244","targetHints":{"allow":["GET"]}}],"collection":[{"href":"https:\/\/ambtokyo.esteri.it\/it\/wp-json\/wp\/v2\/pages"}],"about":[{"href":"https:\/\/ambtokyo.esteri.it\/it\/wp-json\/wp\/v2\/types\/page"}],"author":[{"embeddable":true,"href":"https:\/\/ambtokyo.esteri.it\/it\/wp-json\/wp\/v2\/users\/6"}],"replies":[{"embeddable":true,"href":"https:\/\/ambtokyo.esteri.it\/it\/wp-json\/wp\/v2\/comments?post=5244"}],"version-history":[{"count":1,"href":"https:\/\/ambtokyo.esteri.it\/it\/wp-json\/wp\/v2\/pages\/5244\/revisions"}],"predecessor-version":[{"id":5247,"href":"https:\/\/ambtokyo.esteri.it\/it\/wp-json\/wp\/v2\/pages\/5244\/revisions\/5247"}],"up":[{"embeddable":true,"href":"https:\/\/ambtokyo.esteri.it\/it\/wp-json\/wp\/v2\/pages\/272"}],"wp:attachment":[{"href":"https:\/\/ambtokyo.esteri.it\/it\/wp-json\/wp\/v2\/media?parent=5244"}],"curies":[{"name":"wp","href":"https:\/\/api.w.org\/{rel}","templated":true}]}}