{"id":5249,"date":"2024-09-01T07:25:33","date_gmt":"2024-09-01T05:25:33","guid":{"rendered":"https:\/\/ambtokyo.esteri.it\/?page_id=5249"},"modified":"2024-09-19T07:27:47","modified_gmt":"2024-09-19T05:27:47","slug":"intervento-dellambasciatore-ditalia-gianluigi-benedetti-allequipaggio-e-agli-allievi-della-nave-amerigo-vespucci-tokyo-30-agosto-2024","status":"publish","type":"page","link":"https:\/\/ambtokyo.esteri.it\/it\/chi-siamo\/ambasciatore\/discorsi-dellambasciatore__trashed\/intervento-dellambasciatore-ditalia-gianluigi-benedetti-allequipaggio-e-agli-allievi-della-nave-amerigo-vespucci-tokyo-30-agosto-2024\/","title":{"rendered":"Intervento dell\u2019Ambasciatore d\u2019Italia Gianluigi Benedetti all\u2019equipaggio e agli allievi della Nave Amerigo Vespucci (Tokyo, 30 agosto 2024)"},"content":{"rendered":"<p>Ammiraglio Natale, grazie per aver sottolineato con la sua presenza l\u2019importanza della tappa in Giappone del Vespucci.<\/p>\n<p>&nbsp;<\/p>\n<p>Comandante Lai, membri dell\u2019equipaggio, Allievi ufficiali dell\u2019Accademia Navale di Livorno, il vostro arrivo a Tokyo era atteso con curiosit\u00e0 e con l\u2019orgoglio di aver incluso questo lontano Paese come tappa del vostro straordinario giro del mondo.<\/p>\n<p>&nbsp;<\/p>\n<p>Durante la vostra permanenza in questa citt\u00e0, avete potuto apprezzare in prima persona la calorosa accoglienza del popolo giapponese, che, con la sua gentilezza \u00e8 salito a bordo per rendere omaggio a questa splendida Nave e vedere con i propri occhi quello che nell\u2019immaginario collettivo \u00e8 pi\u00f9 un mito che una realt\u00e0.<\/p>\n<p>&nbsp;<\/p>\n<p>Avete avuto l\u2019onore e il privilegio di visite di personalit\u00e0 politiche importanti e di rappresentanti al pi\u00f9 alto livello istituzionale del Giappone che con la loro presenza hanno sottolineato l\u2019amicizia tra i nostri Paesi e i nostri popoli. Lo stesso sentimento con il quale voi siete arrivati qui, da Ambasciatori itineranti dell\u2019Italia, dei suoi valori, delle sue tradizioni e delle sue eccellenze.<\/p>\n<p>&nbsp;<\/p>\n<p>Ora, giunti al termine di questa sosta, \u00e8 tempo per voi di ripartire in questo lungo viaggio che vi vedr\u00e0 navigare per nuovi mari e arricchirvi giorno dopo giorno di nuove esperienze. Questo viaggio, lungo e impegnativo, \u00e8 una sfida per tutti voi.<\/p>\n<p>&nbsp;<\/p>\n<p>Come diplomatico all\u2019estero so bene che non \u00e8 facile staccarsi dalle proprie radici, affrontare l\u2019ignoto e confrontarsi con le difficolt\u00e0 che terre lontane o acque non solcate possono presentare.<\/p>\n<p>&nbsp;<\/p>\n<p>Ma so anche che \u00e8 proprio in questi momenti cruciali che si forgiano le qualit\u00e0 pi\u00f9 preziose per i marinai e per i servitori dello Stato: la determinazione, il senso del dovere, l\u2019equilibrio, la perseveranza, l\u2019adattabilit\u00e0, \u00a0lo spirito di fratellanza che \u00e8 anche la capacit\u00e0 di rinunciare a qualcosa nell\u2019interesse di tutti. In fondo, alcuni di questi aspetti si ritrovano anche nel mito di Okeanos che avete scelto come nome per il vostro corso.<\/p>\n<p>&nbsp;<\/p>\n<p>Per voi allievi ufficiali, questa esperienza \u00e8 molto pi\u00f9 di una semplice fase del vostro addestramento. \u00c8 una prova di carattere, un percorso che solo pochissime donne e uomini possono dire di aver compiuto.<\/p>\n<p>&nbsp;<\/p>\n<p>Chi arriva alla fine di un viaggio come questo non ha solo imparato a navigare, ma ha trasformato la parte pi\u00f9 profonda di s\u00e9. Per tutta la vita, porterete con voi il ricordo di queste notti sotto le stelle, delle tempeste affrontate, delle coste lontane avvistate all\u2019alba. Questi ricordi non saranno soltanto un bel capitolo della vostra storia personale, ma, come vi ha detto il Ministro Crosetto, un\u2019ancora alla quale aggrapparvi nei momenti pi\u00f9 difficili della vita.<\/p>\n<p>&nbsp;<\/p>\n<p>Quando in futuro sarete chiamati a comandare una nave, quando il peso della responsabilit\u00e0 sar\u00e0 sulle vostre spalle, questa esperienza sar\u00e0 la vostra guida. Avrete imparato cosa significa davvero essere un Comandante.<\/p>\n<p>&nbsp;<\/p>\n<p>Non \u00e8 solo una questione di ordini e manovre, ma di leadership: \u00e8 saper ispirare fiducia e rispetto, \u00e8 saper costruire una squadra coesa, \u00e8 avere il senso di responsabilit\u00e0 che serve ad assumere decisioni difficili.<\/p>\n<p>&nbsp;<\/p>\n<p>Voi qui rappresentate la nuova generazione di ufficiali della Marina Militare Italiana. Siete coloro che porteranno avanti una tradizione di eccellenza, di coraggio e di servizio alla Patria. Questo viaggio sulla Nave Amerigo Vespucci serve a prepararvi a questo compito, seguendo l\u2019esempio encomiabile del vostro Comandante.<\/p>\n<p>&nbsp;<\/p>\n<p>A voi tutti va il mio pi\u00f9 sincero ringraziamento per aver portato alta la bandiera italiana in Giappone. Vi auguro un felice proseguimento del viaggio e che il vento continui a soffiare dolce nelle vostre vele.<\/p>\n<p>&nbsp;<\/p>\n<p>Grazie<\/p>\n","protected":false},"excerpt":{"rendered":"Ammiraglio Natale, grazie per aver sottolineato con la sua presenza l\u2019importanza della tappa in Giappone del Vespucci. &nbsp; Comandante Lai, membri dell\u2019equipaggio, Allievi ufficiali dell\u2019Accademia Navale di Livorno, il vostro arrivo a Tokyo era atteso con curiosit\u00e0 e con l\u2019orgoglio di aver incluso questo lontano Paese come tappa del vostro straordinario giro del mondo. &nbsp; [&hellip;]","protected":false},"author":6,"featured_media":0,"parent":272,"menu_order":0,"comment_status":"closed","ping_status":"closed","template":"","meta":{"footnotes":""},"class_list":["post-5249","page","type-page","status-publish","hentry"],"_links":{"self":[{"href":"https:\/\/ambtokyo.esteri.it\/it\/wp-json\/wp\/v2\/pages\/5249","targetHints":{"allow":["GET"]}}],"collection":[{"href":"https:\/\/ambtokyo.esteri.it\/it\/wp-json\/wp\/v2\/pages"}],"about":[{"href":"https:\/\/ambtokyo.esteri.it\/it\/wp-json\/wp\/v2\/types\/page"}],"author":[{"embeddable":true,"href":"https:\/\/ambtokyo.esteri.it\/it\/wp-json\/wp\/v2\/users\/6"}],"replies":[{"embeddable":true,"href":"https:\/\/ambtokyo.esteri.it\/it\/wp-json\/wp\/v2\/comments?post=5249"}],"version-history":[{"count":1,"href":"https:\/\/ambtokyo.esteri.it\/it\/wp-json\/wp\/v2\/pages\/5249\/revisions"}],"predecessor-version":[{"id":5252,"href":"https:\/\/ambtokyo.esteri.it\/it\/wp-json\/wp\/v2\/pages\/5249\/revisions\/5252"}],"up":[{"embeddable":true,"href":"https:\/\/ambtokyo.esteri.it\/it\/wp-json\/wp\/v2\/pages\/272"}],"wp:attachment":[{"href":"https:\/\/ambtokyo.esteri.it\/it\/wp-json\/wp\/v2\/media?parent=5249"}],"curies":[{"name":"wp","href":"https:\/\/api.w.org\/{rel}","templated":true}]}}