{"id":5254,"date":"2024-09-19T07:36:41","date_gmt":"2024-09-19T05:36:41","guid":{"rendered":"https:\/\/ambtokyo.esteri.it\/?page_id=5254"},"modified":"2024-09-19T07:36:41","modified_gmt":"2024-09-19T05:36:41","slug":"intervento-dellambasciatore-ditalia-gianluigi-benedetti-in-occasione-del-ricevimento-crui-tokyo-13-settembre-2024","status":"publish","type":"page","link":"https:\/\/ambtokyo.esteri.it\/it\/chi-siamo\/ambasciatore\/discorsi-dellambasciatore__trashed\/intervento-dellambasciatore-ditalia-gianluigi-benedetti-in-occasione-del-ricevimento-crui-tokyo-13-settembre-2024\/","title":{"rendered":"Intervento dell\u2019Ambasciatore d\u2019Italia Gianluigi Benedetti in occasione del ricevimento CRUI (Tokyo, 13 settembre 2024)"},"content":{"rendered":"<p>Magnifici Rettori, esimi Professori, gentili ospiti, buonasera a tutti e benvenuti nella splendida Residenza dell\u2019Ambasciatore d\u2019Italia a Tokyo, circondata da uno storico giardino la cui affascinante storia risale ai primi decenni del 1600.<\/p>\n<p>&nbsp;<\/p>\n<p>Realizzato dalla famiglia feudale Matsudaira, rappresenta un bellissimo esempio di giardino delle residenze dei samurai del periodo Edo. Ancora oggi \u00e8 considerato un luogo di importanza storica e culturale per essere stato nel 1703 uno dei luoghi del sacrificio dei Samurai di Ako raccontato nell\u2019opera teatrale Chushingura.<\/p>\n<p>&nbsp;<\/p>\n<p>A seguito del grande terremoto di Tokyo del 1923, quando le Ambasciate si spostarono a Mita per lasciare posto alla ricostruzione della citt\u00e0, questo luogo cos\u00ec importante e significativo \u00e8 stato offerto come nuova sede per l\u2019Ambasciata d\u2019Italia, suggellando l\u2019amicizia tra i nostri Paesi sviluppata a partire dal primo Trattato del 1866.<\/p>\n<p>&nbsp;<\/p>\n<p>Questo rapporto stretto e amichevole che lega i nostri Paesi da oltre 150 anni \u00e8 oggi ancora pi\u00f9 forte grazie alla decisione, assunta dai Primi Ministri Giorgia Meloni e Fumio Kishida nel gennaio 2023, di elevare le relazioni bilaterali a partenariato strategico. Questa decisione ha aperto una \u201cnuova era\u201d \u2013 Shin Jidai \u2013 i cui obiettivi di lungo termine sono stati chiaramente definiti in un Piano d\u2019Azione approvato pochi mesi fa sempre dai due Primi Ministri.<\/p>\n<p>&nbsp;<\/p>\n<p>Tra gli obiettivi principali del nuovo partenariato, spicca il rafforzamento delle relazioni nel settore accademico e della ricerca scientifica e tecnologica, insieme a quello della crescita dei partenariati industriali. Due pilastri che dobbiamo rafforzare in una prospettiva di lungo termine.<\/p>\n<p>&nbsp;<\/p>\n<p>Alla luce di queste priorit\u00e0 politiche, sono molto felice e onorato di ospitare questa sera la delegazione della Conferenza dei Rettori delle Universit\u00e0 italiane, guidata dal suo Presidente, la Professoressa Giovanna Iannantuoni e composta dai Rettori di alcuni dei pi\u00f9 importanti Atenei italiani.<\/p>\n<p>&nbsp;<\/p>\n<p>La cooperazione accademica e scientifica tra Italia e Giappone ha una storia importante, che risale addirittura ai primi anni del periodo Meiji, quando intorno al 1875 artisti, incisori e architetti italiani &#8211; ricordo tra tutti i professori Chiossone, Fontanesi, Ragusa e Cappelletti &#8211; furono invitati in Giappone come per insegnare le tecniche e trasfrire i saperi italiani nelle nuove istituzioni di formazione del Giappone post feudale.<\/p>\n<p>&nbsp;<\/p>\n<p>In periodi pi\u00f9 recenti, altri Professori hanno sospinto la collaborazione accademica e scientifica bilaterale. Voglio ricordare in particolare Fosco Maraini che ha insegnato per anni in Giappone lasciandoci importanti studi di antropologia; Franco Mazzei che \u00e8 stato per anni un punto di riferimento accademico e mentore per tantissimi studenti italiani e giapponesi; Paolo Dario, eccellenza italiana nel campo della Robotica biomedica e oggi Direttore dell\u2019Istituto di BioRobotica della Scuola Sant\u2019Anna di Pisa; Enrico Traversa, che ha condotto in Giappone studi nel campo della scienza dei materiali per pi\u00f9 di venti anni e qui ha aperto un laboratorio congiunto; e, last but not least, Giuseppe Pezzotti, che \u00e8 qui con noi in questa occasione cos\u00ec importante, che ha fornito un contributo straordinario alle attivit\u00e0 di ricerca tra Italia e Giappone e non ha mai smesso di sostenere e alimentare con sue iniziative la cooperazione scientifica tra i nostri due paesi.<\/p>\n<p>&nbsp;<\/p>\n<p>In questa scia, la presenza di ricercatori italiani in Giappone \u00e8 progressivamente cresciuta raggiungendo oggi un gruppo di quasi cento persone, riunite in un\u2019associazione la cui Presidente Sara Cosentino \u00e8 anche lei qui con noi questa sera. Sono soprattutto loro che oggi costituiscono il nucleo stabile della rete che lega le comunit\u00e0 accademiche e scientifiche dei nostri Paesi in molteplici settori, sia umanistici sia, soprattutto, scientifici e tecnologici.<\/p>\n<p>&nbsp;<\/p>\n<p>Da ultimo, a seguito del rilancio delle relazioni bilaterali di cui parlavo all\u2019inizio abbiamo festeggiato tre importanti iniziative. La prima \u00e8 stata l\u2019apertura a Kyoto del Japan Hub del Politecnico di Torino, prima sede indipendente di un Ateneo italiano in Giappone, che ha l\u2019obiettivo di creare sinergie e reti per le sue attivit\u00e0 didattiche e di ricerca, ma soprattutto di avviare nuove collaborazioni con aziende giapponesi, sfruttando le tante opportunit\u00e0 che questo mercato offre.<\/p>\n<p>&nbsp;<\/p>\n<p>La seconda \u00e8 stata l\u2019istituzione del \u201cPhD Double Degree Program\u201d tra l&#8217;Universit\u00e0 di Torino e l&#8217;Universit\u00e0 di Osaka che ha segnato un ulteriore importante passo avanti nella cooperazione accademica tra i due Paesi.<\/p>\n<p>&nbsp;<\/p>\n<p>La terza, \u00e8 stata l\u2019avvio di due grandi progetti di ricerca congiunti uno nel settore dello \u201cstoccaggio dell\u2019energia\u201d coordinato dal CNR e l\u2019altro nel settore delle \u201conde gravitazionali\u201d coordinato da INFN annunciati dal Ministro Bernini e dal Ministro Moriyama nel loro incontro a margine del G7 Scienza e Tecnologia.<\/p>\n<p>&nbsp;<\/p>\n<p>Ecco, cara Presidente Iannantuoni, la vostra missione si situa strategicamente in questo grande panorama e sono certo che il focus operativo che avete voluto dare agli incontri che avrete in questi giorni a Tokyo e nel Kansai sar\u00e0 molto apprezzato. Presentando ai vostri interlocutori le opportunit\u00e0 concrete che 34 grandi progetti scientifici avviati in Italia nell\u2019ambito del PNRR possono offrire alle Universit\u00e0 e alle aziende giapponesi, darete senza dubbio un contributo utilissimo allo sviluppo di nuove collaborazioni e al rafforzamento delle relazioni accademiche e scientifiche bilaterali.<\/p>\n<p>&nbsp;<\/p>\n<p>Ne sono assolutamente certo e per questo vi ringrazio ancora.<\/p>\n","protected":false},"excerpt":{"rendered":"Magnifici Rettori, esimi Professori, gentili ospiti, buonasera a tutti e benvenuti nella splendida Residenza dell\u2019Ambasciatore d\u2019Italia a Tokyo, circondata da uno storico giardino la cui affascinante storia risale ai primi decenni del 1600. &nbsp; Realizzato dalla famiglia feudale Matsudaira, rappresenta un bellissimo esempio di giardino delle residenze dei samurai del periodo Edo. Ancora oggi \u00e8 [&hellip;]","protected":false},"author":6,"featured_media":0,"parent":272,"menu_order":0,"comment_status":"closed","ping_status":"closed","template":"","meta":{"footnotes":""},"class_list":["post-5254","page","type-page","status-publish","hentry"],"_links":{"self":[{"href":"https:\/\/ambtokyo.esteri.it\/it\/wp-json\/wp\/v2\/pages\/5254","targetHints":{"allow":["GET"]}}],"collection":[{"href":"https:\/\/ambtokyo.esteri.it\/it\/wp-json\/wp\/v2\/pages"}],"about":[{"href":"https:\/\/ambtokyo.esteri.it\/it\/wp-json\/wp\/v2\/types\/page"}],"author":[{"embeddable":true,"href":"https:\/\/ambtokyo.esteri.it\/it\/wp-json\/wp\/v2\/users\/6"}],"replies":[{"embeddable":true,"href":"https:\/\/ambtokyo.esteri.it\/it\/wp-json\/wp\/v2\/comments?post=5254"}],"version-history":[{"count":1,"href":"https:\/\/ambtokyo.esteri.it\/it\/wp-json\/wp\/v2\/pages\/5254\/revisions"}],"predecessor-version":[{"id":5255,"href":"https:\/\/ambtokyo.esteri.it\/it\/wp-json\/wp\/v2\/pages\/5254\/revisions\/5255"}],"up":[{"embeddable":true,"href":"https:\/\/ambtokyo.esteri.it\/it\/wp-json\/wp\/v2\/pages\/272"}],"wp:attachment":[{"href":"https:\/\/ambtokyo.esteri.it\/it\/wp-json\/wp\/v2\/media?parent=5254"}],"curies":[{"name":"wp","href":"https:\/\/api.w.org\/{rel}","templated":true}]}}