{"id":5257,"date":"2024-09-23T02:50:25","date_gmt":"2024-09-23T00:50:25","guid":{"rendered":"https:\/\/ambtokyo.esteri.it\/?page_id=5257"},"modified":"2024-09-23T02:50:25","modified_gmt":"2024-09-23T00:50:25","slug":"intervento-dellambasciatore-ditalia-gianluigi-benedetti-in-occasione-del-ricevimento-organizzato-per-linaugurazione-della-mostra-roppongi-rokken-sei-case-di-michele-de-lucch","status":"publish","type":"page","link":"https:\/\/ambtokyo.esteri.it\/it\/chi-siamo\/ambasciatore\/discorsi-dellambasciatore__trashed\/intervento-dellambasciatore-ditalia-gianluigi-benedetti-in-occasione-del-ricevimento-organizzato-per-linaugurazione-della-mostra-roppongi-rokken-sei-case-di-michele-de-lucch\/","title":{"rendered":"Intervento dell&#8217;Ambasciatore d&#8217;Italia, Gianluigi Benedetti, in occasione del ricevimento organizzato per l&#8217;inaugurazione della mostra \u201cRoppongi Rokken: Sei Case\u201d di Michele De Lucchi (Tokyo, 20 settembre2024)"},"content":{"rendered":"<p>Gentili ospiti, \u00e8 con grande piacere che mia moglie Sabina e io vi diamo il benvenuto nella Residenza dell\u2019Ambasciatore d\u2019Italia, una dimora che unisce il fascino di un\u2019architettura degli anni Sessanta con la bellezza senza tempo di un giardino giapponese del periodo Edo.<\/p>\n<p>&nbsp;<\/p>\n<p>Gi\u00e0 residenza della famiglia feudale Matsudaira, questo luogo \u00e8 stato teatro nel 1703 del celebre sacrificio dei Samurai di Ako raccontato nell\u2019opera teatrale Chushingura. Quando nel 1930 questa villa \u00e8 diventata Ambasciata d\u2019Italia, ha aggiunto un nuovo capitolo alla sua storia, rafforzandone il valore come ponte tra Italia e Giappone.<\/p>\n<p>&nbsp;<\/p>\n<p>L\u2019architettura, le opere d\u2019arte e gli arredi di questo luogo non fanno che accrescere il suo prestigio e preservare e valorizzare questo tesoro \u00e8 un onore, ma anche un impegno non facile. Al riguardo, desidero esprimere la nostra pi\u00f9 sincera gratitudine ad Angelo e Carlo Molteni e agli eccezionali artigiani di Unifor per aver contribuito al nostro sforzo ricreando i divani originali che erano stati realizzati negli anni Sessanta, ma erano poi stati dismessi.<\/p>\n<p>&nbsp;<\/p>\n<p>Architettura e casa, sono per\u00f2 oggi i temi della serata perch\u00e9 stasera abbiamo voluto celebrare con tutti voi la mostra \u201cRoppongi Rokken: Sei Case\u201d di Michele De Lucchi che \u00e8 stata inaugurata ieri al 21_21 <em>[two-one, two-one]<\/em> DESIGN SIGHT e rimarr\u00e0 esposta fino al 14 ottobre.<\/p>\n<p>&nbsp;<\/p>\n<p>Ho avuto il piacere di visitare questa mostra ieri e devo dire che sono rimasto colpito dall\u2019intreccio perfetto tra architettura, design e arte.<\/p>\n<p>&nbsp;<\/p>\n<p>Le Logge di Michele De Lucchi sono indiscutibilmente opere d\u2019arte, ma anche riflessioni profonde sull\u2019abitare che esplorano l\u2019unione tra scultura e architettura, tra cultura italiana e giapponese. In questa mostra sono evidenti i richiami alla visione architettonica e alla profonda ricerca nelle lavorazioni artigianali che fanno di Michele De Lucchi uno dei pi\u00f9 grandi protagonisti del panorama dell\u2019architettura e del design italiano e internazionale.<\/p>\n<p>&nbsp;<\/p>\n<p>Lasciando la parola al Maestro che ci racconter\u00e0 qualcosa di pi\u00f9 su questa mostra, voglio esprimergli il mio pi\u00f9 profondo ringraziamento e apprezzamento per questa esposizione cos\u00ec particolare, anzi unica, che accende un potente riflettore sull\u2019Italia in un momento in cui le nostre relazioni bilaterali vivono una fase di grande rilancio, l\u2019inizio di una nuova era.<\/p>\n<p>&nbsp;<\/p>\n<p>Caro Michele, le tue opere non solo onorano le nostre due culture, ma ci invitano a riflettere su come l\u2019architettura, il design e l\u2019arte possano essere un potente strumento di dialogo, di ispirazione e di cooperazione tra Italia e Giappone.<\/p>\n<p>&nbsp;<\/p>\n<p>Ringrazio di cuore tutti per la vostra presenza stasera che conferma il desiderio e il piacere di celebrare insieme questo momento cos\u00ec speciale.<\/p>\n","protected":false},"excerpt":{"rendered":"Gentili ospiti, \u00e8 con grande piacere che mia moglie Sabina e io vi diamo il benvenuto nella Residenza dell\u2019Ambasciatore d\u2019Italia, una dimora che unisce il fascino di un\u2019architettura degli anni Sessanta con la bellezza senza tempo di un giardino giapponese del periodo Edo. &nbsp; Gi\u00e0 residenza della famiglia feudale Matsudaira, questo luogo \u00e8 stato teatro [&hellip;]","protected":false},"author":6,"featured_media":0,"parent":272,"menu_order":0,"comment_status":"closed","ping_status":"closed","template":"","meta":{"footnotes":""},"class_list":["post-5257","page","type-page","status-publish","hentry"],"_links":{"self":[{"href":"https:\/\/ambtokyo.esteri.it\/it\/wp-json\/wp\/v2\/pages\/5257","targetHints":{"allow":["GET"]}}],"collection":[{"href":"https:\/\/ambtokyo.esteri.it\/it\/wp-json\/wp\/v2\/pages"}],"about":[{"href":"https:\/\/ambtokyo.esteri.it\/it\/wp-json\/wp\/v2\/types\/page"}],"author":[{"embeddable":true,"href":"https:\/\/ambtokyo.esteri.it\/it\/wp-json\/wp\/v2\/users\/6"}],"replies":[{"embeddable":true,"href":"https:\/\/ambtokyo.esteri.it\/it\/wp-json\/wp\/v2\/comments?post=5257"}],"version-history":[{"count":1,"href":"https:\/\/ambtokyo.esteri.it\/it\/wp-json\/wp\/v2\/pages\/5257\/revisions"}],"predecessor-version":[{"id":5258,"href":"https:\/\/ambtokyo.esteri.it\/it\/wp-json\/wp\/v2\/pages\/5257\/revisions\/5258"}],"up":[{"embeddable":true,"href":"https:\/\/ambtokyo.esteri.it\/it\/wp-json\/wp\/v2\/pages\/272"}],"wp:attachment":[{"href":"https:\/\/ambtokyo.esteri.it\/it\/wp-json\/wp\/v2\/media?parent=5257"}],"curies":[{"name":"wp","href":"https:\/\/api.w.org\/{rel}","templated":true}]}}