{"id":5265,"date":"2024-09-27T07:05:50","date_gmt":"2024-09-27T05:05:50","guid":{"rendered":"https:\/\/ambtokyo.esteri.it\/?page_id=5265"},"modified":"2024-09-27T07:05:50","modified_gmt":"2024-09-27T05:05:50","slug":"intervento-dellambasciatore-ditalia-gianluigi-benedetti-in-occasione-del-ricevimento-per-il-presidente-della-regione-basilicata-generale-vito-bardi-tokyo-25-settembre-2024","status":"publish","type":"page","link":"https:\/\/ambtokyo.esteri.it\/it\/chi-siamo\/ambasciatore\/discorsi-dellambasciatore__trashed\/intervento-dellambasciatore-ditalia-gianluigi-benedetti-in-occasione-del-ricevimento-per-il-presidente-della-regione-basilicata-generale-vito-bardi-tokyo-25-settembre-2024\/","title":{"rendered":"Intervento dell&#8217;Ambasciatore d&#8217;Italia, Gianluigi Benedetti, in occasione del ricevimento per il Presidente della Regione Basilicata, Generale Vito Bardi (Tokyo, 25 settembre 2024)"},"content":{"rendered":"<p>Gentile Presidente della Regione Basilicata, Generale Vito BARDI; gentile Dott.ssa Thalita MALAG\u00d2, Direttrice Generale dell\u2019Associazione di categoria dell\u2019industria dei videogiochi in Italia (IIDEA) e responsabili delle aziende italiane del settore del <em>gaming<\/em>; gentili rappresentanti delle agenzie regionali italiane per la promozione turistica; gentile Maestro fisarmonicista Coba; gentili ospiti,<\/p>\n<p>&nbsp;<\/p>\n<p>Buonasera e benvenuti da parte mia e di mia moglie Sabina nella splendida Residenza dell\u2019Ambasciatore d\u2019Italia a Tokyo e nello storico giardino giapponese dell\u2019epoca Edo, antica residenza (nakayashiki) dei Daimyo Matsudaira di Matsuyama.<\/p>\n<p>&nbsp;<\/p>\n<p>Abbiamo oggi il piacere di ospitare, in collaborazione con la Regione Basilicata e le Agenzie ENIT e ICE, questo importante evento all\u2019insegna della promozione del <em>Made in Italy<\/em> e della valorizzazione turistica, commerciale, tecnologica, culturale ed enogastronomica del nostro Paese.<\/p>\n<p>&nbsp;<\/p>\n<p>In particolare, questa serata \u00e8 dedicata a una delle regioni pi\u00f9 dinamiche del sud Italia &#8211; la Basilicata &#8211; che in questi giorni, grazie alla visita del Presidente Bardi e della sua delegazione, presenta al mercato giapponese le sue potenzialit\u00e0 per rafforzare le collaborazioni con il Giappone in un ampio ventaglio di settori.<\/p>\n<p>&nbsp;<\/p>\n<p>La Basilicata \u00e8 una regione alla quale gli investitori giapponesi guardano con crescente interesse e il Giappone \u00e8 a sua volta per le imprese lucane un Paese che offre rilevanti opportunit\u00e0 di crescita e di internazionalizzazione, non solo nei settori del turismo, del <em>gaming<\/em> e dell\u2019agro-alimentare, per citare solo quelli rilevanti questa sera.<\/p>\n<p>&nbsp;<\/p>\n<p>Interessanti prospettive riguardano anche altri settori come ad esempio lo spazio e la <em>space economy<\/em> &#8211; Matera ospita infatti uno dei siti pi\u00f9 importanti dell\u2019Agenzia Spaziale Italiana (ASI) che vanta un\u2019eccellente collaborazione con l\u2019Agenzia Spaziale giapponese (JAXA).<\/p>\n<p>&nbsp;<\/p>\n<p>Inoltre, grazie al recente accordo bilaterale di co-produzione cinematografica la cooperazione in questo settore potrebbe essere molto proficua considerando che le meravigliose citt\u00e0 lucane offrono setting cinematografici unici. Proprio in questi giorni, il famoso regista e attore Mel Gibson \u00e8 in Basilicata per girare il sequel della Passione di Cristo.<\/p>\n<p>&nbsp;<\/p>\n<p>Infine, i solidi legami culturali stabiliti negli anni, ad esempio nell\u2019ambito della collaborazione tra lo <em>EU Japan Fest <\/em>guidato dal Segretario Generale KOGI Shuji e la Fondazione Matera-Basilicata 2019 molto attiva grazie all\u2019opera del dott. Alberto Giordano, completano il rapporto tra la Basilicata e Giappone, nel quadro pi\u00f9 ampio di una relazione sempre pi\u00f9 strategica tra Roma e Tokyo rilanciata dai Primi Ministri Giorgia Meloni e Fumio Kishida nel gennaio 2023.<\/p>\n<p>&nbsp;<\/p>\n<p>La crescente partecipazione delle nostre aziende e dei nostri territori ad iniziative realizzate dal Sistema Italia in Giappone, come quelle del <em>Tourism Expo Japan<\/em> (TEJ) e del <em>Tokyo Game Show<\/em> (TGS) dove domani avremo il piacere di inaugurare i padiglioni italiani, conferma che vi sono molte occasioni da cogliere per il nostro tessuto produttivo.<\/p>\n<p>&nbsp;<\/p>\n<p>In questa prospettiva di crescente cooperazione bilaterale, l\u2019iniziativa di questa sera, alla quale partecipano anche numerosi rappresentanti di aziende giapponesi dei settori turistico, agroalimentare, culturale, scientifico e del <em>gaming<\/em>, costituisce un importante momento di <em>networking, <\/em>di conoscenza e di confronto con le nostre realt\u00e0 imprenditoriali, utile a generare sinergie ed opportunit\u00e0 di investimenti reciproci nell\u2019ottica della diplomazia della crescita.<\/p>\n<p>&nbsp;<\/p>\n<p>Grazie e buona serata!<\/p>\n","protected":false},"excerpt":{"rendered":"Gentile Presidente della Regione Basilicata, Generale Vito BARDI; gentile Dott.ssa Thalita MALAG\u00d2, Direttrice Generale dell\u2019Associazione di categoria dell\u2019industria dei videogiochi in Italia (IIDEA) e responsabili delle aziende italiane del settore del gaming; gentili rappresentanti delle agenzie regionali italiane per la promozione turistica; gentile Maestro fisarmonicista Coba; gentili ospiti, &nbsp; Buonasera e benvenuti da parte mia [&hellip;]","protected":false},"author":6,"featured_media":0,"parent":272,"menu_order":0,"comment_status":"closed","ping_status":"closed","template":"","meta":{"footnotes":""},"class_list":["post-5265","page","type-page","status-publish","hentry"],"_links":{"self":[{"href":"https:\/\/ambtokyo.esteri.it\/it\/wp-json\/wp\/v2\/pages\/5265","targetHints":{"allow":["GET"]}}],"collection":[{"href":"https:\/\/ambtokyo.esteri.it\/it\/wp-json\/wp\/v2\/pages"}],"about":[{"href":"https:\/\/ambtokyo.esteri.it\/it\/wp-json\/wp\/v2\/types\/page"}],"author":[{"embeddable":true,"href":"https:\/\/ambtokyo.esteri.it\/it\/wp-json\/wp\/v2\/users\/6"}],"replies":[{"embeddable":true,"href":"https:\/\/ambtokyo.esteri.it\/it\/wp-json\/wp\/v2\/comments?post=5265"}],"version-history":[{"count":2,"href":"https:\/\/ambtokyo.esteri.it\/it\/wp-json\/wp\/v2\/pages\/5265\/revisions"}],"predecessor-version":[{"id":5270,"href":"https:\/\/ambtokyo.esteri.it\/it\/wp-json\/wp\/v2\/pages\/5265\/revisions\/5270"}],"up":[{"embeddable":true,"href":"https:\/\/ambtokyo.esteri.it\/it\/wp-json\/wp\/v2\/pages\/272"}],"wp:attachment":[{"href":"https:\/\/ambtokyo.esteri.it\/it\/wp-json\/wp\/v2\/media?parent=5265"}],"curies":[{"name":"wp","href":"https:\/\/api.w.org\/{rel}","templated":true}]}}