{"id":5299,"date":"2024-10-03T06:45:58","date_gmt":"2024-10-03T04:45:58","guid":{"rendered":"https:\/\/ambtokyo.esteri.it\/?page_id=5299"},"modified":"2024-10-03T06:45:58","modified_gmt":"2024-10-03T04:45:58","slug":"intervento-dellambasciatore-ditalia-in-giappone-gianluigi-benedetti-in-occasione-delle-celebrazioni-della-giornata-nazionale-dello-sport-tokyo-2-ottobre-2024","status":"publish","type":"page","link":"https:\/\/ambtokyo.esteri.it\/it\/chi-siamo\/ambasciatore\/discorsi-dellambasciatore__trashed\/intervento-dellambasciatore-ditalia-in-giappone-gianluigi-benedetti-in-occasione-delle-celebrazioni-della-giornata-nazionale-dello-sport-tokyo-2-ottobre-2024\/","title":{"rendered":"Intervento dell\u2019Ambasciatore d\u2019Italia in Giappone, Gianluigi Benedetti in occasione delle celebrazioni della giornata nazionale dello sport (Tokyo, 2 ottobre 2024)"},"content":{"rendered":"<p>Buonasera a tutti e benvenuti da parte mia e di mia moglie Sabina nella splendida Residenza dell\u2019Ambasciatore d\u2019Italia a Tokyo con il suo storico giardino giapponese dell\u2019epoca Edo.<\/p>\n<p>&nbsp;<\/p>\n<p>Oggi \u00e8 una serata speciale, dedicata alle celebrazioni dello sport italiano nel mondo e qui in Giappone, anche all\u2019amicizia che &#8211; nel segno dello sport &#8211; lega i nostri Paesi che entrambi hanno una lunga tradizione di eccellenza sportiva.<\/p>\n<p>&nbsp;<\/p>\n<p>Appena tre anni fa, Tokyo ospitava i Giochi Olimpici e Paralimpici nel corso dei quali i nostri atleti si sono affermati con merito e successo in numerose discipline: dallo storico oro di Marcel Jacobs nei 100 metri di velocit\u00e0, a quello di Gianmarco Tamberi nel salto in alto, fino ai risultati iridati della schermitrice paralimpica Bebe Vio, solo per citarne alcuni. Vorrei ringraziare Kaori HOSHI e Kazuyoshi MORI per la loro leadership nel successo dei Giochi olimpici di Tokyo.<\/p>\n<p>&nbsp;<\/p>\n<p>Nelle Olimpiadi e Paralimpiadi di Parigi della scorsa estate, il team Italia \u00e8 addirittura riuscito a fare di meglio, incrementando complessivamente il numero di medaglie conquistate &#8211; dalla pallavolo femminile al nuoto, dal ciclismo alla vela &#8211; candidandosi idealmente a svolgere un ruolo da protagonista ai prossimi campionati mondiali di atletica, che si terranno a settembre 2025 proprio qui a Tokyo e poi alle Olimpiadi e Paralimpiadi Invernali di Milano-Cortina 2026.<\/p>\n<p>&nbsp;<\/p>\n<p>Lo sport \u00e8 uno straordinario veicolo di aggregazione sociale \u2013 oltre che una forma storicamente affermata di intrattenimento &#8211; ed ha l\u2019eccezionale capacit\u00e0 di manifestare in determinati momenti sportivi l\u2019orgoglio di una Nazione intera.<\/p>\n<p>&nbsp;<\/p>\n<p>Ma, per citare le parole del Vice Presidente del Consiglio e Ministro degli Esteri Tajani in occasione della presentazione a Roma dell\u2019<em>Italian Sports Day in the World<\/em>, lo sport rappresenta anche &#8211; e direi sempre pi\u00f9 &#8211; uno strumento integrato ed efficace nell\u2019azione diplomatica del nostro Paese.<\/p>\n<p>&nbsp;<\/p>\n<p>Non \u00e8 un caso che si parli sempre pi\u00f9 di \u201cdiplomazia sportiva\u201d, espressione che \u2013 nel caso dell\u2019Italia \u2013 mette insieme aspetti di natura politico-diplomatica, essenziali nel garantire la pace e la sicurezza internazionale e aspetti di carattere promozionale delle eccellenze del nostro <em>Made in Italy<\/em> nel mondo.<\/p>\n<p>&nbsp;<\/p>\n<p>Proprio qui a Tokyo, grazie al ruolo dell\u2019Ambasciata e di tutti gli enti e istituzioni del Sistema Italia in Giappone, in collaborazione con le Federazioni sportive italiane e giapponesi e le aziende dei nostri Paesi, questo connubio vincente tra diplomazia e sport si \u00e8 rivelato particolarmente efficace.<\/p>\n<p>&nbsp;<\/p>\n<p>Nel corso degli ultimi due anni, abbiamo infatti realizzato iniziative di successo dedicate allo sport. A dicembre 2022 l\u2019evento \u201cLa Bellezza in un Gesto\u201d ospitato in Ambasciata con le squadre italiane e giapponesi \u00e8 stato dedicato alla scherma.<\/p>\n<p>&nbsp;<\/p>\n<p>Nell\u2019aprile 2023, alla presenza del Ministro Tajani, di giocatrici professioniste giapponesi e di brand italiani di settore, abbiamo celebrato il golf presentando il prestigioso torneo di golf \u201c<em>Ryder\u2019s Cup<\/em>\u201d di Roma.<\/p>\n<p>&nbsp;<\/p>\n<p>Nel febbraio 2023, il Primo Ministro italiano Giorgia Meloni ha voluto sottolineare l\u2019amicizia tra i nostri Paesi con un Trofeo italiano per il Sumo, che avr\u00f2 l\u2019onore e il piacere di consegnare al vincitore del prossimo Basho di Tokyo a gennaio.<\/p>\n<p>&nbsp;<\/p>\n<p>A luglio scorso, abbiamo organizzato un\u2019iniziativa dedicata al rugby, con la partecipazione della nostra squadra e dei vertici delle Federazioni italiana e giapponese in occasione della gara amichevole tra le rispettive Nazionali svoltasi a Sapporo.<\/p>\n<p>&nbsp;<\/p>\n<p>Oggi, intendiamo celebrare lo sport italiano in tutte le sue forme, associando idealmente la giornata italiana dello sport a quella giapponese, <em>Sup\u014dtsu no hi<\/em>, che ricorre luned\u00ec prossimo, con la straordinaria presenza di personalit\u00e0 sportive di altissimo livello italiane e giapponesi e dei rappresentanti del Comitato Olimpico e Paralimpico Nazionale giapponese.<\/p>\n<p>&nbsp;<\/p>\n<p>\u00c8 quindi un onore &#8211; per me e per tutta l\u2019Ambasciata &#8211; avere qui questa sera Alberto Zaccheroni, che saluto e ringrazio, che ha allenato la nazionale giapponese di calcio dal 2010 al 2014 e che nei giorni scorsi \u00e8 stato insignito dalla <em>Japan Football Association<\/em> di un importante riconoscimento, entrando a far parte della <em>Hall of Fame<\/em> del calcio nipponico.<\/p>\n<p>&nbsp;<\/p>\n<p>Il gioco del calcio, che ha visto negli anni calciatori giapponesi importanti come Miura, Nakata, Nagatomo, Honda e tanti altri giocare nel campionato italiano &#8211; e questa sera il portiere dei Samurai Blue, Eiji Kawashima, \u00e8 qui con noi &#8211; \u00e8 senza dubbio lo sport pi\u00f9 rappresentativo nel legame profondo tra Italia e Giappone, come anche testimoniato dalla presenza in questo Paese delle cosiddette <em>Academies<\/em> di FC Internazionale, AC Milan e Juventus FC i cui giovani campioni si sono amichevolmente sfidati oggi pomeriggio in un torneo triangolare sul prato del giardino dell\u2019Ambasciata.<\/p>\n<p>&nbsp;<\/p>\n<p>A breve, dedicheremo un tributo a un grandissimo calciatore italiano che negli anni \u201990 ha fatto sognare i nostri tifosi nelle notti magiche della Coppa del Mondo a Italia \u201890 e quelli giapponesi del Jubilo Iwata. Grazie al Presidente Yukimitsu HAMAURA e al Direttore Sportivo Toshiya FUJITA per aver accettato il nostro invito questa sera.<\/p>\n<p>&nbsp;<\/p>\n<p>Ma al calcio si affiancano tanti altri sport nei quali atleti e sportivi italiani e giapponesi hanno reciprocamente contribuito a far crescere i rispettivi settori sportivi e campionati. In primis, la pallavolo, che oggi vede due allenatori italiani Valerio Baldovin e Federico Fagiani allenare rispettivamente le squadre <em>Wolf Dogs Nagoya<\/em> e <em>Hokkaido Yellow Stars<\/em>. Valerio e Federico sono qui con noi questa sera.<\/p>\n<p>&nbsp;<\/p>\n<p>Uno dei giocatori simbolo della nazionale nipponica \u2013 Yuki ISHIKAWA ha appena iniziato la sua avventura italiana nella squadra Campione del Mondo della SIR Perugia e ci ha voluto omaggiare con la sua maglia che insieme a quella del capitano della nazionale italiana di volley Giannelli potete vedere esposte questa sera, insieme ad altri cimeli e oggetti sportivi.<\/p>\n<p>&nbsp;<\/p>\n<p>Il motociclismo e la F1 rappresentano, inoltre, due manifestazioni dove la competizione \u2013 non solo sportiva, ma anche industriale e tecnologica \u2013 vede Italia e Giappone alla ribalta mondiale. Per questo, in collaborazione con Ducati, una delle punte di diamante dell\u2019industria italiana, abbiamo deciso di festeggiare la prima Giornata dello sport italiano nel mondo proprio nella settimana del Gran Premio di Moto GP che si correr\u00e0 questo fine settimana a Motegi. Ringrazio Mauro Grassilli e Davide Tardozzi per essere con noi stasera &#8211; in bocca al lupo per le gare! \u2013 e Mats LINDSTROM per la continua e preziosa collaborazione con l\u2019Ambasciata.<\/p>\n<p>&nbsp;<\/p>\n<p>In conclusione, desidero ringraziare gli atleti, le Federazioni, le istituzioni e tutti gli appassionati italiani e giapponesi di sport non solo per la vostra presenza qui stasera, ma anche e soprattutto perch\u00e9 rappresentate al meglio i valori di rispetto, passione, dedizione e benessere condivisi dai nostri due Paesi.<\/p>\n<p>&nbsp;<\/p>\n<p>Grazie e viva lo sport!<\/p>\n","protected":false},"excerpt":{"rendered":"Buonasera a tutti e benvenuti da parte mia e di mia moglie Sabina nella splendida Residenza dell\u2019Ambasciatore d\u2019Italia a Tokyo con il suo storico giardino giapponese dell\u2019epoca Edo. &nbsp; Oggi \u00e8 una serata speciale, dedicata alle celebrazioni dello sport italiano nel mondo e qui in Giappone, anche all\u2019amicizia che &#8211; nel segno dello sport &#8211; [&hellip;]","protected":false},"author":6,"featured_media":0,"parent":272,"menu_order":0,"comment_status":"closed","ping_status":"closed","template":"","meta":{"footnotes":""},"class_list":["post-5299","page","type-page","status-publish","hentry"],"_links":{"self":[{"href":"https:\/\/ambtokyo.esteri.it\/it\/wp-json\/wp\/v2\/pages\/5299","targetHints":{"allow":["GET"]}}],"collection":[{"href":"https:\/\/ambtokyo.esteri.it\/it\/wp-json\/wp\/v2\/pages"}],"about":[{"href":"https:\/\/ambtokyo.esteri.it\/it\/wp-json\/wp\/v2\/types\/page"}],"author":[{"embeddable":true,"href":"https:\/\/ambtokyo.esteri.it\/it\/wp-json\/wp\/v2\/users\/6"}],"replies":[{"embeddable":true,"href":"https:\/\/ambtokyo.esteri.it\/it\/wp-json\/wp\/v2\/comments?post=5299"}],"version-history":[{"count":1,"href":"https:\/\/ambtokyo.esteri.it\/it\/wp-json\/wp\/v2\/pages\/5299\/revisions"}],"predecessor-version":[{"id":5302,"href":"https:\/\/ambtokyo.esteri.it\/it\/wp-json\/wp\/v2\/pages\/5299\/revisions\/5302"}],"up":[{"embeddable":true,"href":"https:\/\/ambtokyo.esteri.it\/it\/wp-json\/wp\/v2\/pages\/272"}],"wp:attachment":[{"href":"https:\/\/ambtokyo.esteri.it\/it\/wp-json\/wp\/v2\/media?parent=5299"}],"curies":[{"name":"wp","href":"https:\/\/api.w.org\/{rel}","templated":true}]}}