{"id":5333,"date":"2024-10-09T02:44:30","date_gmt":"2024-10-09T00:44:30","guid":{"rendered":"https:\/\/ambtokyo.esteri.it\/?page_id=5333"},"modified":"2024-10-09T02:44:30","modified_gmt":"2024-10-09T00:44:30","slug":"saluto-dellambasciatore-ditalia-in-giappone-gianluigi-benedetti-in-occasione-delliniziativa-life-science-innovative-drug-therapies-organizzata-con-cassa","status":"publish","type":"page","link":"https:\/\/ambtokyo.esteri.it\/it\/chi-siamo\/ambasciatore\/discorsi-dellambasciatore__trashed\/saluto-dellambasciatore-ditalia-in-giappone-gianluigi-benedetti-in-occasione-delliniziativa-life-science-innovative-drug-therapies-organizzata-con-cassa\/","title":{"rendered":"Saluto dell\u2019Ambasciatore d\u2019Italia in Giappone, Gianluigi Benedetti in occasione dell\u2019iniziativa \u201cLife Science | Innovative Drug Therapies\u201d organizzata con Cassa Depositi e Prestiti e l\u2019Ufficio ICE di Tokyo nel quadro del programma \u201cItaly Innovation Days\u201d e \u201cRoad to Osaka 2025\u201d (Tokyo, 7 ottobre 2024)"},"content":{"rendered":"<p>Buon pomeriggio a tutti e buongiorno a chi ci segue dall\u2019Italia.<\/p>\n<p>&nbsp;<\/p>\n<p>Rivolgo un saluto al Direttore Salzano di Cassa Depositi e Prestiti, al Commissario Generale per Expo Osaka 2025, Ambasciatore Vattani, e a tutti coloro che partecipano a questo evento dedicato al settore farmaceutico.<\/p>\n<p>&nbsp;<\/p>\n<p>Lo sviluppo di terapie e strumenti innovativi nel campo della salute rappresenta un tema centrale nel rapporto bilaterale tra Italia e Giappone. I nostri due Paesi sono, infatti, entrambi all\u2019avanguardia negli investimenti pubblici e privati in ricerca e sviluppo in ambito farmaceutico e medicale.<\/p>\n<p>&nbsp;<\/p>\n<p>Il Giappone, in particolare, \u00e8 uno dei leader a livello globale nel processo d\u2019innovazione digitale della sanit\u00e0, generando un mercato in forte crescita e dalle ricadute importanti in molteplici settori che vanno dall\u2019elettronica alla robotica.<\/p>\n<p>&nbsp;<\/p>\n<p>Nel corso dell\u2019ultimo decennio, le principali aziende, universit\u00e0 e centri di ricerca giapponesi &#8211; a volte anche in sinergia con controparti italiane grazie alle intese tra i Ministeri della Salute e tra le Agenzie del farmaco &#8211; hanno compiuto eccezionali passi in avanti nello sviluppo di prodotti e terapie mediche innovative applicate a numerose patologie.<\/p>\n<p>&nbsp;<\/p>\n<p>A partire dal 2012, anno nel quale il dott. Shinya YAMANAKA fu insignito del Premio Nobel per la medicina per gli studi sulla riprogrammazione cellulare, molte sono state le ricerche e le sperimentazioni mediche in un ampio ventaglio di patologie:<\/p>\n<p>&nbsp;<\/p>\n<p>dalle terapie geniche per il trattamento dell\u2019atrofia muscolare spinale (SMA) allo sviluppo di tecniche per la diagnosi preventiva del Parkinson; dai test clinici del farmaco contro l\u2019Alzheimer all\u2019applicazione della cura farmacologica per gli aneurismi cerebrali; dallo sviluppo di una tecnica innovativa per la cura delle maculopatie e di una nuova terapia cellulare per il diabete mellito di tipo I, alla creazione di un farmaco per la ricrescita dei denti.<\/p>\n<p>&nbsp;<\/p>\n<p>Ma l\u2019innovazione globale nel settore della sanit\u00e0 va oltre le terapie farmacologiche e digitali, abbracciando anche lo sviluppo di nuovi strumenti tecnologici, un aspetto che soprattutto per Paesi come l\u2019Italia e il Giappone caratterizzati da un invecchiamento della popolazione sar\u00e0 sempre pi\u00f9 determinante nell\u2019assistenza medica del futuro.<\/p>\n<p>&nbsp;<\/p>\n<p>Tra questi, voglio citare la telemedicina, che assicurer\u00e0 sempre di pi\u00f9 la gestione a distanza dei pazienti; la robotica medica, un settore dalle potenzialit\u00e0 enormi che va dalla realizzazione di esoscheletri alla creazione di robot-pazienti per testare nuovi trattamenti clinici \u2013 di questo abbiamo anche discusso di recente alla <em>Kansai Medical School<\/em> in un seminario organizzato dal Prof. Pezzotti, che saluto e ringrazio.<\/p>\n<p>&nbsp;<\/p>\n<p>In tutti questi ambiti, Italia e Giappone gi\u00e0 collaborano nelle fasi di ricerca, sviluppo e produzione di nuovi farmaci e strumenti medicali grazie a reciproci investimenti incrociati e partenariati tra aziende farmaceutiche nei due Paesi.<\/p>\n<p>&nbsp;<\/p>\n<p>Vorrei innanzitutto ricordare le recenti intese tra Angelini Pharma e <em>JCR Pharmaceuticals<\/em> per lo sviluppo di nuove terapie in grado di superare la barriera emato-encefalica.<\/p>\n<p>&nbsp;<\/p>\n<p>Inoltre, la scorsa settimana, Takeda ha inaugurato un nuovo impianto produttivo a Rieti, che si aggiunge a precedenti investimenti del gruppo giapponese e di altre importanti aziende come Shionogi, che oggi avremo il piacere di ascoltare e Otsuka presente in Italia dal 2009, solo per citarne alcune.<\/p>\n<p>&nbsp;<\/p>\n<p>Sul fronte degli investimenti italiani in Giappone tengo a sottolineare quelli recentissimi di Bracco, Chiesi e ICE Farma i cui rappresentanti, che ringrazio per la loro presenza, interverranno a breve per condividere le proprie esperienze.<\/p>\n<p>&nbsp;<\/p>\n<p>Sono testimonianze preziose che abbiamo voluto presentare soprattutto a beneficio delle aziende italiane collegate dall\u2019Italia e di quelle che nei prossimi giorni parteciperanno alla fiera <em>Bio Japan<\/em>, dove insieme al Direttore ICE Bruno inaugureremo il padiglione Italia.<\/p>\n<p>&nbsp;<\/p>\n<p>Queste collaborazioni sono, infatti, un modello e una conferma delle potenzialit\u00e0 di crescita della cooperazione bilaterale industriale, auspicata nel quadro del Partenariato Strategico tra Italia e Giappone lanciato nel gennaio 2023 e promossa dai due Governi attraverso l\u2019Italy Japan Business Group e gli \u201cItaly Innovation Days\u201d settoriali organizzati dall\u2019Ambasciata.<\/p>\n<p>&nbsp;<\/p>\n<p>A questo articolato processo, che include anche numerosi scambi di visite tra universit\u00e0 e centri di ricerca e di ricercatori dei nostri due Paesi, l\u2019Ambasciata ha infine contribuito anche organizzando conferenze e seminari scientifici come quello dedicato alla rigenerazione neurale e quello sulle terapie alternative contro il cancro.<\/p>\n<p>&nbsp;<\/p>\n<p>L\u2019evento odierno, organizzato in collaborazione con Cassa Depositi e Prestiti e ICE, fa parte di questo processo di rafforzamento delle comunit\u00e0 industriali e scientifiche dei nostri Paesi, soprattutto in vista dell\u2019Expo di Osaka del prossimo anno che sar\u00e0 un\u2019occasione unica e irripetibile per mostrare in Giappone le eccellenze tecnologiche italiane, soprattutto nel settore delle scienze della vita, e realizzare nuove collaborazioni.<\/p>\n<p>&nbsp;<\/p>\n<p>Il Partenariato Strategico ha aperto una nuova era nelle relazioni bilaterali e il nostro obiettivo \u00e8 quello di sfruttare questo momento di slancio e di grande reciproco nuovo interesse di cooperazione bilaterale per rafforzare le nostre amichevoli e profonde relazioni di lunga data soprattutto all\u2019insegna dell\u2019innovazione e della tecnologia.<\/p>\n","protected":false},"excerpt":{"rendered":"Buon pomeriggio a tutti e buongiorno a chi ci segue dall\u2019Italia. &nbsp; Rivolgo un saluto al Direttore Salzano di Cassa Depositi e Prestiti, al Commissario Generale per Expo Osaka 2025, Ambasciatore Vattani, e a tutti coloro che partecipano a questo evento dedicato al settore farmaceutico. &nbsp; Lo sviluppo di terapie e strumenti innovativi nel campo [&hellip;]","protected":false},"author":6,"featured_media":0,"parent":272,"menu_order":0,"comment_status":"closed","ping_status":"closed","template":"","meta":{"footnotes":""},"class_list":["post-5333","page","type-page","status-publish","hentry"],"_links":{"self":[{"href":"https:\/\/ambtokyo.esteri.it\/it\/wp-json\/wp\/v2\/pages\/5333","targetHints":{"allow":["GET"]}}],"collection":[{"href":"https:\/\/ambtokyo.esteri.it\/it\/wp-json\/wp\/v2\/pages"}],"about":[{"href":"https:\/\/ambtokyo.esteri.it\/it\/wp-json\/wp\/v2\/types\/page"}],"author":[{"embeddable":true,"href":"https:\/\/ambtokyo.esteri.it\/it\/wp-json\/wp\/v2\/users\/6"}],"replies":[{"embeddable":true,"href":"https:\/\/ambtokyo.esteri.it\/it\/wp-json\/wp\/v2\/comments?post=5333"}],"version-history":[{"count":1,"href":"https:\/\/ambtokyo.esteri.it\/it\/wp-json\/wp\/v2\/pages\/5333\/revisions"}],"predecessor-version":[{"id":5336,"href":"https:\/\/ambtokyo.esteri.it\/it\/wp-json\/wp\/v2\/pages\/5333\/revisions\/5336"}],"up":[{"embeddable":true,"href":"https:\/\/ambtokyo.esteri.it\/it\/wp-json\/wp\/v2\/pages\/272"}],"wp:attachment":[{"href":"https:\/\/ambtokyo.esteri.it\/it\/wp-json\/wp\/v2\/media?parent=5333"}],"curies":[{"name":"wp","href":"https:\/\/api.w.org\/{rel}","templated":true}]}}