{"id":5400,"date":"2024-10-18T04:18:12","date_gmt":"2024-10-18T02:18:12","guid":{"rendered":"https:\/\/ambtokyo.esteri.it\/?page_id=5400"},"modified":"2024-10-22T04:42:32","modified_gmt":"2024-10-22T02:42:32","slug":"intervento-dellambasciatore-ditalia-in-giappone-gianluigi-benedetti-in-occasione-della-cerimonia-per-il-25-anniversario-della-fondazione-dellassociazione-italo-giapp","status":"publish","type":"page","link":"https:\/\/ambtokyo.esteri.it\/it\/chi-siamo\/ambasciatore\/discorsi-dellambasciatore__trashed\/intervento-dellambasciatore-ditalia-in-giappone-gianluigi-benedetti-in-occasione-della-cerimonia-per-il-25-anniversario-della-fondazione-dellassociazione-italo-giapp\/","title":{"rendered":"Intervento dell\u2019Ambasciatore d\u2019Italia in Giappone, Gianluigi Benedetti, in occasione della cerimonia per il 25\u00b0 anniversario della fondazione dell\u2019Associazione italo-giapponese di Niigata (Niigata, 17 ottobre 2024)"},"content":{"rendered":"<p>Carissimi amici dell&#8217;Associazione Italo-Giapponese di Niigata, Signore e signori,<\/p>\n<p>&nbsp;<\/p>\n<p>\u00e8 per me un grande privilegio essere qui oggi per celebrare il 25\u00b0 anniversario della fondazione dell&#8217;Associazione italo-giapponese di Niigata, un traguardo che merita il massimo riconoscimento e apprezzamento.<\/p>\n<p>&nbsp;<\/p>\n<p>Vorrei esprimere un sentito ringraziamento al Presidente Mario Perversi e a tutti i membri dell\u2019Associazione, qui e nelle altre sedi in Giappone, per il loro instancabile impegno nel rafforzare i legami culturali e di amicizia tra i nostri due Paesi.<\/p>\n<p>&nbsp;<\/p>\n<p>Siamo qui in un luogo particolarmente simbolico, l\u2019Hotel Italia Ken, che quest&#8217;anno celebra anch&#8217;esso un importante anniversario: i 150 anni dalla sua fondazione da parte di Pietro Migliore, conosciuto in Giappone come Miora san.<\/p>\n<p>&nbsp;<\/p>\n<p>Questo edificio storico, che ha attraversato secoli di cambiamenti, rappresenta un ponte vivo tra l&#8217;Italia e il Giappone, un luogo di incontro e di scambio culturale. L\u2019Italia Ken \u00e8 un simbolo non solo delle relazioni economiche e culturali tra i nostri Paesi, ma anche della capacit\u00e0 di costruire relazioni umane profonde e durature.<\/p>\n<p>&nbsp;<\/p>\n<p>L&#8217;Associazione Italo-Giapponese di Niigata ha svolto un ruolo centrale in questo processo, promuovendo per un quarto di secolo un dialogo costante, fatto di scambi culturali, di eventi di grande richiamo e di attivit\u00e0 che hanno arricchito entrambe le nostre comunit\u00e0.<\/p>\n<p>&nbsp;<\/p>\n<p>Attraverso le iniziative dell\u2019Associazione, l&#8217;Italia ha trovato a Niigata una casa, un luogo in cui i nostri comuni valori di creativit\u00e0, bellezza e innovazione sono costantemente celebrati e promossi.<\/p>\n<p>&nbsp;<\/p>\n<p>Venticinque anni di attivit\u00e0 rendono testimonianza alla capacit\u00e0 delle comunit\u00e0 italiana e giapponese di superare le difficolt\u00e0 e di resistere anche nei tempi pi\u00f9 duri, come il Covid o il terremoto del gennaio scorso.<\/p>\n<p>&nbsp;<\/p>\n<p>Il vostro impegno ha permesso alla cultura italiana di continuare a fiorire qui e se le relazioni tra Italia e Giappone sono salde e in crescita esponenziale \u00e8 anche grazie al contributo di iniziative come quelle che voi portate avanti.<\/p>\n<p>&nbsp;<\/p>\n<p>Infatti, oltre alla diplomazia istituzionale, che svolge certamente un ruolo cruciale, \u00e8 proprio l\u2019impegno delle persone come voi a far s\u00ec che i legami culturali e di amicizia tra i nostri Paesi rimangano vitali e significativi.<\/p>\n<p>&nbsp;<\/p>\n<p>A nome dell&#8217;Ambasciata d&#8217;Italia in Giappone, desidero rinnovare il pi\u00f9 sincero sostegno all&#8217;Associazione Italo-Giapponese di Niigata. Siamo orgogliosi di supportare ogni iniziativa che promuova lo scambio culturale e l\u2019amicizia tra Italia e Giappone, e saremo al vostro fianco anche nelle future celebrazioni legate a questi importanti anniversari.<\/p>\n<p>&nbsp;<\/p>\n<p>Vi ringrazio ancora una volta per il vostro impegno e per l\u2019ospitalit\u00e0. Vi auguro un futuro ricco di successi e nuove iniziative, sempre all\u2019insegna della collaborazione e dell\u2019amicizia che ci lega da secoli.<\/p>\n<p>&nbsp;<\/p>\n<p>Grazie di cuore e congratulazioni per questo importante traguardo!<\/p>\n","protected":false},"excerpt":{"rendered":"Carissimi amici dell&#8217;Associazione Italo-Giapponese di Niigata, Signore e signori, &nbsp; \u00e8 per me un grande privilegio essere qui oggi per celebrare il 25\u00b0 anniversario della fondazione dell&#8217;Associazione italo-giapponese di Niigata, un traguardo che merita il massimo riconoscimento e apprezzamento. &nbsp; Vorrei esprimere un sentito ringraziamento al Presidente Mario Perversi e a tutti i membri dell\u2019Associazione, [&hellip;]","protected":false},"author":6,"featured_media":0,"parent":272,"menu_order":0,"comment_status":"closed","ping_status":"closed","template":"","meta":{"footnotes":""},"class_list":["post-5400","page","type-page","status-publish","hentry"],"_links":{"self":[{"href":"https:\/\/ambtokyo.esteri.it\/it\/wp-json\/wp\/v2\/pages\/5400","targetHints":{"allow":["GET"]}}],"collection":[{"href":"https:\/\/ambtokyo.esteri.it\/it\/wp-json\/wp\/v2\/pages"}],"about":[{"href":"https:\/\/ambtokyo.esteri.it\/it\/wp-json\/wp\/v2\/types\/page"}],"author":[{"embeddable":true,"href":"https:\/\/ambtokyo.esteri.it\/it\/wp-json\/wp\/v2\/users\/6"}],"replies":[{"embeddable":true,"href":"https:\/\/ambtokyo.esteri.it\/it\/wp-json\/wp\/v2\/comments?post=5400"}],"version-history":[{"count":1,"href":"https:\/\/ambtokyo.esteri.it\/it\/wp-json\/wp\/v2\/pages\/5400\/revisions"}],"predecessor-version":[{"id":5402,"href":"https:\/\/ambtokyo.esteri.it\/it\/wp-json\/wp\/v2\/pages\/5400\/revisions\/5402"}],"up":[{"embeddable":true,"href":"https:\/\/ambtokyo.esteri.it\/it\/wp-json\/wp\/v2\/pages\/272"}],"wp:attachment":[{"href":"https:\/\/ambtokyo.esteri.it\/it\/wp-json\/wp\/v2\/media?parent=5400"}],"curies":[{"name":"wp","href":"https:\/\/api.w.org\/{rel}","templated":true}]}}