{"id":5423,"date":"2024-10-26T06:50:42","date_gmt":"2024-10-26T04:50:42","guid":{"rendered":"https:\/\/ambtokyo.esteri.it\/?page_id=5423"},"modified":"2024-10-29T06:52:44","modified_gmt":"2024-10-29T05:52:44","slug":"intervento-dellambasciatore-ditalia-gianluigi-benedetti-in-occasione-lancio-della-collezione-primavera-estate-2025-di-brunello-cucinelli-tokyo-25-ottobre-2024","status":"publish","type":"page","link":"https:\/\/ambtokyo.esteri.it\/it\/chi-siamo\/ambasciatore\/discorsi-dellambasciatore__trashed\/intervento-dellambasciatore-ditalia-gianluigi-benedetti-in-occasione-lancio-della-collezione-primavera-estate-2025-di-brunello-cucinelli-tokyo-25-ottobre-2024\/","title":{"rendered":"Intervento dell\u2019Ambasciatore d\u2019Italia Gianluigi Benedetti, in occasione lancio della collezione primavera-estate 2025 di Brunello Cucinelli (Tokyo, 25 ottobre 2024)"},"content":{"rendered":"<p>Gentili ospiti, cari amici, buonasera e benvenuti a nome mio e di mia moglie Sabina, nella Residenza dell\u2019Ambasciatore d\u2019Italia in Giappone.<\/p>\n<p>&nbsp;<\/p>\n<p>Ci troviamo in una magnifica dimora che unisce il fascino di un\u2019architettura, arredi e opere d\u2019arte degli anni Sessanta con la bellezza senza tempo di un giardino giapponese che nel periodo Edo faceva parte della Residenza di mezzo della famiglia feudale Matsudaira. Questo giardino \u00e8 stato teatro nel 1703 del celebre sacrificio degli Akoroshi raccontato nell\u2019opera teatrale Chushingura e dal 1930 \u00e8 la sede dell\u2019Ambasciata d\u2019Italia.<\/p>\n<p>&nbsp;<\/p>\n<p>In questa cornice straordinaria, insieme a Davide Miyakawa, Presidente di <em>Brunello Cucinelli <\/em>Japan e a Chiara De Donato, Head of Women\u2019s Retail Buying, abbiamo il piacere di ospitare il lancio della collezione primavera-estate 2025 di Brunello Cucinelli, un <em>brand<\/em> che non ha bisogno di presentazioni: Brunello Cucinelli incarna infatti l\u2019eccellenza del <em>Made in Italy<\/em> nel mondo, \u00e8 un autentico testimone del nostro saper fare.<\/p>\n<p>&nbsp;<\/p>\n<p>Questa sera avremo l\u2019opportunit\u00e0 di ammirare capi che esprimono al meglio questa maestria. Ogni pezzo \u00e8 realizzato con materiali pregiati e lavorazioni impeccabili, che garantiscono qualit\u00e0 in ogni fase del processo produttivo. Cucinelli lo definisce un \u201clusso gentile\u201d, caratterizzato da una creativit\u00e0 sobria e raffinata.<\/p>\n<p>&nbsp;<\/p>\n<p>La maggior parte di questi capi \u00e8 fatta interamente a mano in Italia, in oltre 400 laboratori artigianali, molti dei quali situati in Umbria nei pressi di Solomeo, il \u201cBorgo dello Spirito\u201d, che abbiamo ammirato nelle splendide immagini proiettate.<\/p>\n<p>&nbsp;<\/p>\n<p>Concludo questo mio breve intervento sottolineando che Brunello Cucinelli \u00e8 pi\u00f9 di un semplice brand di moda; \u00e8 un simbolo di eccellenza italiana, di rispetto per le tradizioni e di impegno verso un futuro sostenibile. La sua storia, ma soprattutto la sua visione sulla dignit\u00e0 morale ed economica del lavoro continua a ispirare e a conquistare il mondo, portando avanti con orgoglio i valori del Made in Italy.<\/p>\n<p>&nbsp;<\/p>\n<p>Sono certo che la bellezza delle creazioni di Brunello Cucinelli ci affascineranno, rendendo questa serata davvero indimenticabile. Grazie a tutti per la vostra presenza e per il continuo sostegno alle eccellenze del <em>Made in Italy<\/em> e buona serata.<\/p>\n","protected":false},"excerpt":{"rendered":"Gentili ospiti, cari amici, buonasera e benvenuti a nome mio e di mia moglie Sabina, nella Residenza dell\u2019Ambasciatore d\u2019Italia in Giappone. &nbsp; Ci troviamo in una magnifica dimora che unisce il fascino di un\u2019architettura, arredi e opere d\u2019arte degli anni Sessanta con la bellezza senza tempo di un giardino giapponese che nel periodo Edo faceva [&hellip;]","protected":false},"author":6,"featured_media":0,"parent":272,"menu_order":0,"comment_status":"closed","ping_status":"closed","template":"","meta":{"footnotes":""},"class_list":["post-5423","page","type-page","status-publish","hentry"],"_links":{"self":[{"href":"https:\/\/ambtokyo.esteri.it\/it\/wp-json\/wp\/v2\/pages\/5423","targetHints":{"allow":["GET"]}}],"collection":[{"href":"https:\/\/ambtokyo.esteri.it\/it\/wp-json\/wp\/v2\/pages"}],"about":[{"href":"https:\/\/ambtokyo.esteri.it\/it\/wp-json\/wp\/v2\/types\/page"}],"author":[{"embeddable":true,"href":"https:\/\/ambtokyo.esteri.it\/it\/wp-json\/wp\/v2\/users\/6"}],"replies":[{"embeddable":true,"href":"https:\/\/ambtokyo.esteri.it\/it\/wp-json\/wp\/v2\/comments?post=5423"}],"version-history":[{"count":1,"href":"https:\/\/ambtokyo.esteri.it\/it\/wp-json\/wp\/v2\/pages\/5423\/revisions"}],"predecessor-version":[{"id":5426,"href":"https:\/\/ambtokyo.esteri.it\/it\/wp-json\/wp\/v2\/pages\/5423\/revisions\/5426"}],"up":[{"embeddable":true,"href":"https:\/\/ambtokyo.esteri.it\/it\/wp-json\/wp\/v2\/pages\/272"}],"wp:attachment":[{"href":"https:\/\/ambtokyo.esteri.it\/it\/wp-json\/wp\/v2\/media?parent=5423"}],"curies":[{"name":"wp","href":"https:\/\/api.w.org\/{rel}","templated":true}]}}