{"id":5526,"date":"2024-11-11T04:40:27","date_gmt":"2024-11-11T03:40:27","guid":{"rendered":"https:\/\/ambtokyo.esteri.it\/?page_id=5526"},"modified":"2024-11-11T04:40:27","modified_gmt":"2024-11-11T03:40:27","slug":"intervento-dellambasciatore-ditalia-gianluigi-benedetti-in-occasione-del-salone-dello-studio-in-italia-2024-iic-tokyo-9-novembre-2024","status":"publish","type":"page","link":"https:\/\/ambtokyo.esteri.it\/it\/chi-siamo\/ambasciatore\/discorsi-dellambasciatore__trashed\/intervento-dellambasciatore-ditalia-gianluigi-benedetti-in-occasione-del-salone-dello-studio-in-italia-2024-iic-tokyo-9-novembre-2024\/","title":{"rendered":"Intervento dell\u2019Ambasciatore d\u2019Italia Gianluigi Benedetti in occasione del Salone dello Studio in Italia 2024 (IIC Tokyo, 9 novembre 2024)"},"content":{"rendered":"<p>Gentili Signore e Signori, \u00e8 un piacere darvi il benvenuto all\u2019edizione 2024 del Salone dello Studio in Italia. Vorrei esprimere un sincero ringraziamento all\u2019Istituto Italiano di Cultura, alla sua Direttrice e a tutto il personale per l\u2019impegno e la dedizione dimostrati nell\u2019organizzare e realizzare questo evento.<\/p>\n<p>&nbsp;<\/p>\n<p>Il Salone rappresenta un\u2019opportunit\u00e0 preziosa per presentare al pubblico giapponese un ricco panorama di possibilit\u00e0 in ambito universitario, linguistico e artistico. \u00c8 una finestra aperta su un\u2019Italia che non \u00e8 solo luogo di studio, ma anche fonte di ispirazione e di crescita personale e culturale.<\/p>\n<p>&nbsp;<\/p>\n<p>Questa iniziativa si inserisce perfettamente in una collaborazione pi\u00f9 ampia che coinvolge molteplici sfere: quella politica, economica, culturale e della societ\u00e0 civile. Infatti, l\u2019Ambasciata, insieme a tutto il Sistema Paese in Giappone, \u00e8 impegnata con convinzione nel dare concretezza al partenariato strategico tra Italia e Giappone e al relativo Piano di Azione per il 2024-2027.<\/p>\n<p>&nbsp;<\/p>\n<p>Il Salone dello Studio in Italia \u00e8 uno dei tasselli fondamentali di questo impegno, volto a stimolare l\u2019interesse di nuove persone per studiare, lavorare e vivere in Italia.<\/p>\n<p>&nbsp;<\/p>\n<p>Ci stiamo adoperando con entusiasmo per coinvolgere sempre pi\u00f9 istituzioni in questa iniziativa e per migliorare continuamente i servizi offerti dall\u2019Istituto di Cultura e dall\u2019Ambasciata. Anche quest\u2019anno, abbiamo organizzato una sessione informativa sui visti, che si terr\u00e0 domani, per rispondere a tutte le vostre domande e facilitare l\u2019accesso alle opportunit\u00e0 di studio in Italia.<\/p>\n<p>&nbsp;<\/p>\n<p>Ringrazio ciascuno di voi per la passione e l\u2019impegno che rendono possibile questo evento. Mi auguro che i visitatori di oggi e di domani possano trovare qui l\u2019ispirazione per intraprendere un percorso formativo in Italia, portando con s\u00e9 non solo conoscenze, ma anche un\u2019esperienza unica e arricchente.<\/p>\n<p>&nbsp;<\/p>\n<p>Vi auguro un Salone dello Studio ricco di stimoli, scoperte e nuove prospettive.<\/p>\n<p>Grazie.<\/p>\n","protected":false},"excerpt":{"rendered":"Gentili Signore e Signori, \u00e8 un piacere darvi il benvenuto all\u2019edizione 2024 del Salone dello Studio in Italia. Vorrei esprimere un sincero ringraziamento all\u2019Istituto Italiano di Cultura, alla sua Direttrice e a tutto il personale per l\u2019impegno e la dedizione dimostrati nell\u2019organizzare e realizzare questo evento. &nbsp; Il Salone rappresenta un\u2019opportunit\u00e0 preziosa per presentare al [&hellip;]","protected":false},"author":6,"featured_media":0,"parent":272,"menu_order":0,"comment_status":"closed","ping_status":"closed","template":"","meta":{"footnotes":""},"class_list":["post-5526","page","type-page","status-publish","hentry"],"_links":{"self":[{"href":"https:\/\/ambtokyo.esteri.it\/it\/wp-json\/wp\/v2\/pages\/5526","targetHints":{"allow":["GET"]}}],"collection":[{"href":"https:\/\/ambtokyo.esteri.it\/it\/wp-json\/wp\/v2\/pages"}],"about":[{"href":"https:\/\/ambtokyo.esteri.it\/it\/wp-json\/wp\/v2\/types\/page"}],"author":[{"embeddable":true,"href":"https:\/\/ambtokyo.esteri.it\/it\/wp-json\/wp\/v2\/users\/6"}],"replies":[{"embeddable":true,"href":"https:\/\/ambtokyo.esteri.it\/it\/wp-json\/wp\/v2\/comments?post=5526"}],"version-history":[{"count":1,"href":"https:\/\/ambtokyo.esteri.it\/it\/wp-json\/wp\/v2\/pages\/5526\/revisions"}],"predecessor-version":[{"id":5527,"href":"https:\/\/ambtokyo.esteri.it\/it\/wp-json\/wp\/v2\/pages\/5526\/revisions\/5527"}],"up":[{"embeddable":true,"href":"https:\/\/ambtokyo.esteri.it\/it\/wp-json\/wp\/v2\/pages\/272"}],"wp:attachment":[{"href":"https:\/\/ambtokyo.esteri.it\/it\/wp-json\/wp\/v2\/media?parent=5526"}],"curies":[{"name":"wp","href":"https:\/\/api.w.org\/{rel}","templated":true}]}}