{"id":5631,"date":"2024-11-20T00:52:03","date_gmt":"2024-11-19T23:52:03","guid":{"rendered":"https:\/\/ambtokyo.esteri.it\/?page_id=5631"},"modified":"2024-11-20T00:52:03","modified_gmt":"2024-11-19T23:52:03","slug":"intervento-dellambasciatore-ditalia-in-giappone-gianluigi-benedetti-in-occasione-del-seminario-marche-terra-di-benessere-ambasciata-ditalia-a-tokyo-19","status":"publish","type":"page","link":"https:\/\/ambtokyo.esteri.it\/it\/chi-siamo\/ambasciatore\/discorsi-dellambasciatore__trashed\/intervento-dellambasciatore-ditalia-in-giappone-gianluigi-benedetti-in-occasione-del-seminario-marche-terra-di-benessere-ambasciata-ditalia-a-tokyo-19\/","title":{"rendered":"Intervento dell\u2019Ambasciatore d\u2019Italia in Giappone, Gianluigi Benedetti, in occasione del seminario \u201cMarche: Terra di Benessere\u201d (Ambasciata d\u2019Italia a Tokyo, 19 novembre 2024)"},"content":{"rendered":"<p>Consigliere Renzo Marinelli, Presidente della Commissione Bilancio della Regione Marche, Dott. Angelo Serri, Direttore di Tipicit\u00e0, Membri della Delegazione Marche, Signore e Signori,<\/p>\n<p>&nbsp;<\/p>\n<p>Buon pomeriggio e benvenuti all\u2019Ambasciata d\u2019Italia a Tokyo.<\/p>\n<p>&nbsp;<\/p>\n<p>\u00c8 un piacere ospitare questo seminario dedicato alle Marche, una Regione caratterizzata da straordinarie bellezze artistiche, dal genio musicale e da un tessuto economico vivace, con una solida tradizione produttiva e imprenditoriale.<\/p>\n<p>&nbsp;<\/p>\n<p>Dalla Riviera del Conero ai Monti Sibillini, il territorio delle Marche offre paesaggi armoniosi e borghi accoglienti, in un equilibrio unico tra natura, cultura e qualit\u00e0 della vita.<\/p>\n<p>&nbsp;<\/p>\n<p>La ricchezza del territorio \u00e8 testimoniata dalle sue citt\u00e0: Urbino, paese natale di Raffaello Sanzio e sito UNESCO; Pesaro, Capitale della Cultura Italiana 2024 e citt\u00e0 natale del musicista e compositore Gioachino Rossini; Ancona e la Riviera del Conero, perle del turismo marchigiano; Macerata e il monumentale Sferisterio con la sua prestigiosa stagione lirica; Ascoli Piceno, la citt\u00e0 di travertino, e Fermo, con il suo centro storico splendidamente conservato.<\/p>\n<p>&nbsp;<\/p>\n<p>Oggi, i rappresentanti di questa bellissima regione del centro Italia, ancora poco conosciuta qui in Giappone, avranno modo di presentarvi le eccellenze di questi straordinari territori e dei suoi distretti produttivi dalla spiccata vocazione artigianale.<\/p>\n<p>&nbsp;<\/p>\n<p>Grazie a un tessuto economico e industriale tra i pi\u00f9 dinamici d\u2019Italia, che spazia dalla meccanica all\u2019agroalimentare, dal calzaturiero alla moda, le Marche rappresentano un vero \u201claboratorio manifatturiero\u201d, che combina tradizione e innovazione ed \u00e8 sostenuto da oltre 100 piccole e medie imprese e 300 start-up.<\/p>\n<p>&nbsp;<\/p>\n<p>Negli ultimi anni, il settore calzaturiero marchigiano \u2013 con <em>brand<\/em> iconici e di successo mondiale come Tod\u2019s \u2013 ha contribuito a rafforzare l\u2019immagine del <em>Made in Italy<\/em> all\u2019estero e soprattutto su questo importante mercato, premiando l\u2019alta qualit\u00e0 delle produzioni marchigiane.<\/p>\n<p>&nbsp;<\/p>\n<p>Questa crescente proiezione internazionale della Regione Marche \u00e8 stata altres\u00ec sostenuta, sul piano culturale e accademico, dalle sue quattro Universit\u00e0 \u2013 Camerino, Urbino, Macerata e Politecnico di Ancona \u2013 e dai suoi prestigiosi conservatori musicali, che rendono le Marche un territorio capace di formare i nostri giovani e attrarre talenti stranieri.<\/p>\n<p>&nbsp;<\/p>\n<p>Oggi, le Marche aspirano a diventare una destinazione di riferimento anche per il benessere e il viver sano: basti pensare che quasi il 30% dei terreni agricoli \u00e8 dedicato alla produzione biologica, rendendo la Regione il pi\u00f9 grande distretto biologico d\u2019Europa.<\/p>\n<p>&nbsp;<\/p>\n<p>Tutte queste caratteristiche si ricollegano ai temi portanti dell\u2019Esposizione Universale di Osaka, appuntamento al quale la regione parteciper\u00e0 nella settimana dall\u20191 al 7 giugno 2025 con eventi e iniziative che si propongono di valorizzare il proprio modello di vita sostenibile e innovativo.<\/p>\n<p>&nbsp;<\/p>\n<p>In questa prospettiva, con l\u2019evento di oggi abbiamo voluto accompagnare e sostenere la Regione Marche in questo importante percorso di progressivo avvicinamento al Giappone e all\u2019Expo del prossimo anno e siamo certi che le loro iniziative espositive avranno un grande successo con un ritorno importante in termini di turismo giapponese e di sviluppo dei partenariati sia nel settore culturale sia in quello economico e commerciale.<\/p>\n<p>&nbsp;<\/p>\n<p>Grazie a tutti e buon lavoro.<\/p>\n","protected":false},"excerpt":{"rendered":"Consigliere Renzo Marinelli, Presidente della Commissione Bilancio della Regione Marche, Dott. Angelo Serri, Direttore di Tipicit\u00e0, Membri della Delegazione Marche, Signore e Signori, &nbsp; Buon pomeriggio e benvenuti all\u2019Ambasciata d\u2019Italia a Tokyo. &nbsp; \u00c8 un piacere ospitare questo seminario dedicato alle Marche, una Regione caratterizzata da straordinarie bellezze artistiche, dal genio musicale e da un [&hellip;]","protected":false},"author":6,"featured_media":0,"parent":272,"menu_order":0,"comment_status":"closed","ping_status":"closed","template":"","meta":{"footnotes":""},"class_list":["post-5631","page","type-page","status-publish","hentry"],"_links":{"self":[{"href":"https:\/\/ambtokyo.esteri.it\/it\/wp-json\/wp\/v2\/pages\/5631","targetHints":{"allow":["GET"]}}],"collection":[{"href":"https:\/\/ambtokyo.esteri.it\/it\/wp-json\/wp\/v2\/pages"}],"about":[{"href":"https:\/\/ambtokyo.esteri.it\/it\/wp-json\/wp\/v2\/types\/page"}],"author":[{"embeddable":true,"href":"https:\/\/ambtokyo.esteri.it\/it\/wp-json\/wp\/v2\/users\/6"}],"replies":[{"embeddable":true,"href":"https:\/\/ambtokyo.esteri.it\/it\/wp-json\/wp\/v2\/comments?post=5631"}],"version-history":[{"count":1,"href":"https:\/\/ambtokyo.esteri.it\/it\/wp-json\/wp\/v2\/pages\/5631\/revisions"}],"predecessor-version":[{"id":5633,"href":"https:\/\/ambtokyo.esteri.it\/it\/wp-json\/wp\/v2\/pages\/5631\/revisions\/5633"}],"up":[{"embeddable":true,"href":"https:\/\/ambtokyo.esteri.it\/it\/wp-json\/wp\/v2\/pages\/272"}],"wp:attachment":[{"href":"https:\/\/ambtokyo.esteri.it\/it\/wp-json\/wp\/v2\/media?parent=5631"}],"curies":[{"name":"wp","href":"https:\/\/api.w.org\/{rel}","templated":true}]}}