{"id":6292,"date":"2025-04-29T03:05:34","date_gmt":"2025-04-29T01:05:34","guid":{"rendered":"https:\/\/ambtokyo.esteri.it\/?page_id=6292"},"modified":"2025-04-29T03:05:34","modified_gmt":"2025-04-29T01:05:34","slug":"intervento-dellambasciatore-ditalia-in-giappone-gianluigi-benedetti-al-seminario-selecting-italy-at-the-expo-osaka-2025-attrazione-investimenti-esteri-e-catene-regionali","status":"publish","type":"page","link":"https:\/\/ambtokyo.esteri.it\/it\/chi-siamo\/ambasciatore\/discorsi-dellambasciatore__trashed\/intervento-dellambasciatore-ditalia-in-giappone-gianluigi-benedetti-al-seminario-selecting-italy-at-the-expo-osaka-2025-attrazione-investimenti-esteri-e-catene-regionali\/","title":{"rendered":"Intervento dell\u2019Ambasciatore d\u2019Italia in Giappone, Gianluigi Benedetti al seminario  \u201cSelecting Italy at the Expo Osaka 2025. Attrazione investimenti esteri e catene regionali del valore\u201d (Osaka, 25 aprile 2025)"},"content":{"rendered":"<p>Signor Vice Ministro per le Imprese e il Made in Italy, Presidente della Conferenza delle Regioni e della Regione Friuli-Venezia Giulia, Commissario Generale del Padiglione italiano a Expo Osaka-Kansai, rappresentanti delle istituzioni e delle aziende italiane e giapponesi, buongiorno a tutti e grazie anzitutto per i preziosi spunti di riflessione e proposte che abbiamo ascoltato nella mattinata di oggi per incrementare le opportunit\u00e0 di investimento tra Italia e Giappone.<\/p>\n<p>&nbsp;<\/p>\n<p>Si tratta di un tema sul quale l\u2019Ambasciata &#8211; insieme agli Uffici dell\u2019ICE e della Banca d\u2019Italia a Tokyo &#8211; lavora con grande attenzione: quello odierno rappresenta, infatti, il quinto evento in Giappone sull\u2019attrazione investimenti negli ultimi 2 anni e mezzo.<\/p>\n<p>&nbsp;<\/p>\n<p>Tra Paesi legati da un \u201cPartenariato Strategico\u201d che guarda nel lungo periodo, una parte significativa della crescita delle nostre relazioni bilaterali dipender\u00e0 dalla capacit\u00e0 reciproca di aumentare le collaborazioni industriali e gli investimenti diretti, soprattutto nei settori pi\u00f9 avanzati che consentiranno anche un proficuo scambio di tecnologia e di risorse umane di talento, integrazione industriale e maggiori flussi commerciali.<\/p>\n<p>&nbsp;<\/p>\n<p>Negli ultimi anni, flussi e <em>stock<\/em> di investimenti dal Giappone verso il nostro Paese e viceversa sono cresciuti, ma a un ritmo inferiore rispetto ad altri Paesi e soprattutto al potenziale dei nostri sistemi industriali e dei nostri mercati. C\u2019\u00e8 quindi spazio per fare di pi\u00f9.<\/p>\n<p>&nbsp;<\/p>\n<p>Negli interventi che mi hanno preceduto, \u00e8 stato sottolineato che il Giappone \u00e8 un investitore altamente selettivo, orientato verso mercati sicuri, regolamentati e pienamente integrati nei circuiti economici globali.<\/p>\n<p>&nbsp;<\/p>\n<p>Da questo punto di vista, mi sembra che l\u2019Italia abbia tutte le carte in regola.<\/p>\n<p>&nbsp;<\/p>\n<p>L\u2019accresciuta credibilit\u00e0 sui mercati internazionali, certificata di recente anche dall\u2019<em>outlook<\/em> positivo delle agenzie di <em>rating<\/em>, e la stabilit\u00e0 dell\u2019attuale Governo hanno senz\u2019altro rafforzato l\u2019immagine del nostro Paese in ambito internazionale.<\/p>\n<p>&nbsp;<\/p>\n<p>Inoltre, grazie alla progressiva introduzione di misure fiscali vantaggiose per gli investitori stranieri e \u2013 consentitemi di sottolinearlo \u2013 anche grazie allo straordinario lavoro svolto dalle Regioni con iniziative mirate, tra cui quella illustrata oggi, l\u2019Italia si presenta oggi pi\u00f9 che mai come un Paese nel quale \u00e8 vantaggioso investire.<\/p>\n<p>&nbsp;<\/p>\n<p>Ma la strategia di investimento giapponese \u00e8 anche estremamente mirata e in una logica di sicurezza economica, tema molto caro anche all\u2019Italia, si concentra soprattutto sull\u2019acquisizione di <em>asset<\/em> produttivi, tecnologici e infrastrutturali utili a costruire filiere integrate per alimentare il proprio tessuto produttivo. In questa logica rientra, ad esempio, il recente investimento della JV tra Toshiba e Mitsubishi (TMEIC) a Bari.<\/p>\n<p>&nbsp;<\/p>\n<p>Da questo punto di vista, l\u2019Italia \u00e8 certamente attraente, ma \u00e8 fondamentale compiere ulteriori passi avanti, soprattutto per far comprendere agli investitori giapponesi &#8211; oltre ai grandi gruppi industriali si stanno muovendo anche grandi operatori finanziari come Nomura &#8211; che il sistema industriale italiano \u00e8 ampio e diversificato, ma soprattutto altamente evoluto, tecnologico e pienamente affidabile, anzi, in alcuni settori, addirittura leader mondiale.<\/p>\n<p>&nbsp;<\/p>\n<p>Non voglio certo dire che i giapponesi ci considerino ancora come il paese delle famose tre \u201cF\u201d &#8211; Food, Fashion, Furniture &#8211; ma certamente non siamo ancora il partner di riferimento in moltissimi settori ad alta tecnologia nei quali i giapponesi guardano prioritariamente ad altri Paesi europei.<\/p>\n<p>&nbsp;<\/p>\n<p>Su questo fronte serve quindi un maggiore impegno \u201cdi Sistema\u201d da un lato per promuovere e far conoscere meglio a una platea molto ampia di aziende e investitori giapponesi le nostre realt\u00e0 industriali, tecnologiche e scientifiche settoriali e dall\u2019altro per accompagnare sul mercato giapponese un maggior numero di aziende tecnologiche italiane in modo che siano proprio le storie di successo in Giappone a catturare l\u2019attenzione dei giapponesi, come fanno quelle di Marposs, De Nora, Pirelli, Brembo, Luxottica, Danieli, Bracco e Leonardo per citare le pi\u00f9 grandi e note che per\u00f2 sono ancora poche.<\/p>\n<p>&nbsp;<\/p>\n<p>I settori sui quali puntare sono molteplici e li abbiamo identificati rilanciando l\u2019Italy-Japan Business Group nel quadro del Partenariato Strategico. Mi riferisco alle nuove tecnologie di frontiera, dall\u2019intelligenza artificiale al <em>quantum computing<\/em> ai semiconduttori di nuova generazione; all\u2019energia verde e all\u2019idrogeno; alla robotica di servizio; alla mobilit\u00e0 che non \u00e8 solo automotive; allo spazio che offrir\u00e0 presto anche opportunit\u00e0 di produzione in assenza di gravit\u00e0; al grande comparto delle scienze della vita e al settore dell\u2019agritech, cosi importanti per i nostri due Paesi.<\/p>\n<p>&nbsp;<\/p>\n<p>Tutti questi ambiti rappresentano a mio avviso i settori prioritari per rafforzare nel lungo periodo l\u2019integrazione industriale tra i nostri Paesi e di conseguenza anche le collaborazioni scientifiche e tecnologiche e i flussi commerciali.<\/p>\n<p>&nbsp;<\/p>\n<p>Mi soffermo in particolare su quest\u2019ultimo aspetto perch\u00e9 la struttura del nostro interscambio mette proprio in evidenza come una maggiore integrazione industriale consentirebbe di accrescere anche il livello del nostro interscambio commerciale facendo crescere da un lato le esportazioni italiane di beni intermedi e industriali che oggi sono ancora molto limitate rispetto ai beni di consumo e dall\u2019altro anche le esportazioni giapponesi, favorendo una bilancia commerciale pi\u00f9 equilibrata in una logica \u201cwin-win\u201d.<\/p>\n<p>&nbsp;<\/p>\n<p>In questa prospettiva, sottolineo che il Piano d\u2019Azione per l\u2019Export italiano in Asia e in particolare in Giappone, recentemente presentato proprio in questa sala dal Vice Presidente del Consiglio e Ministro degli Esteri Antonio Tajani, potr\u00e0 giocare un ruolo determinante sia sul piano della promozione delle nostre eccellenze sia su quello di accompagnamento delle aziende italiane in Giappone.<\/p>\n<p>&nbsp;<\/p>\n<p>Concludo ringraziando nuovamente il Vice Ministro Valentini e il Presidente Fedriga per il loro costante impegno sul tema dell\u2019attrazione degli investimenti e per aver voluto sottolineare l\u2019amicizia tra Italia e Giappone visitando l\u2019Esposizione Universale di Osaka-Kansai.<\/p>\n<p>&nbsp;<\/p>\n<p>Ai nostri amici investitori giapponesi dico \u201cItaly is open for business!\u201d e aggiungo che siete tutti invitati a partecipare alla prossima riunione dell\u2019Italy Japan Business Group che si terr\u00e0 a Roma il 13 maggio per incontrare tante aziende italiane con le quali sono certo che sar\u00e0 possibile realizzare collaborazioni e partenariati anche in settori oggi ancora inesplorati.<\/p>\n<p>&nbsp;<\/p>\n<p>Grazie.<\/p>\n","protected":false},"excerpt":{"rendered":"Signor Vice Ministro per le Imprese e il Made in Italy, Presidente della Conferenza delle Regioni e della Regione Friuli-Venezia Giulia, Commissario Generale del Padiglione italiano a Expo Osaka-Kansai, rappresentanti delle istituzioni e delle aziende italiane e giapponesi, buongiorno a tutti e grazie anzitutto per i preziosi spunti di riflessione e proposte che abbiamo ascoltato [&hellip;]","protected":false},"author":6,"featured_media":0,"parent":272,"menu_order":0,"comment_status":"closed","ping_status":"closed","template":"","meta":{"footnotes":""},"class_list":["post-6292","page","type-page","status-publish","hentry"],"_links":{"self":[{"href":"https:\/\/ambtokyo.esteri.it\/it\/wp-json\/wp\/v2\/pages\/6292","targetHints":{"allow":["GET"]}}],"collection":[{"href":"https:\/\/ambtokyo.esteri.it\/it\/wp-json\/wp\/v2\/pages"}],"about":[{"href":"https:\/\/ambtokyo.esteri.it\/it\/wp-json\/wp\/v2\/types\/page"}],"author":[{"embeddable":true,"href":"https:\/\/ambtokyo.esteri.it\/it\/wp-json\/wp\/v2\/users\/6"}],"replies":[{"embeddable":true,"href":"https:\/\/ambtokyo.esteri.it\/it\/wp-json\/wp\/v2\/comments?post=6292"}],"version-history":[{"count":1,"href":"https:\/\/ambtokyo.esteri.it\/it\/wp-json\/wp\/v2\/pages\/6292\/revisions"}],"predecessor-version":[{"id":6294,"href":"https:\/\/ambtokyo.esteri.it\/it\/wp-json\/wp\/v2\/pages\/6292\/revisions\/6294"}],"up":[{"embeddable":true,"href":"https:\/\/ambtokyo.esteri.it\/it\/wp-json\/wp\/v2\/pages\/272"}],"wp:attachment":[{"href":"https:\/\/ambtokyo.esteri.it\/it\/wp-json\/wp\/v2\/media?parent=6292"}],"curies":[{"name":"wp","href":"https:\/\/api.w.org\/{rel}","templated":true}]}}