{"id":6353,"date":"2025-05-05T07:46:33","date_gmt":"2025-05-05T05:46:33","guid":{"rendered":"https:\/\/ambtokyo.esteri.it\/?page_id=6353"},"modified":"2025-05-05T07:46:33","modified_gmt":"2025-05-05T05:46:33","slug":"intervento-dellambasciatore-ditalia-in-giappone-gianluigi-benedetti-in-occasione-della-settimana-della-regione-veneto-a-osaka-expo-2025-osaka-5-maggio-2025","status":"publish","type":"page","link":"https:\/\/ambtokyo.esteri.it\/it\/chi-siamo\/ambasciatore\/discorsi-dellambasciatore__trashed\/intervento-dellambasciatore-ditalia-in-giappone-gianluigi-benedetti-in-occasione-della-settimana-della-regione-veneto-a-osaka-expo-2025-osaka-5-maggio-2025\/","title":{"rendered":"Intervento dell\u2019Ambasciatore d\u2019Italia in Giappone, Gianluigi Benedetti in occasione della settimana della Regione Veneto a Osaka Expo 2025 (Osaka, 5 maggio 2025)"},"content":{"rendered":"<p>Gentile Dottoressa Bisson, gentili membri della Delegazione della Regione Veneto, caro Commissario Generale, collega e amico Mario Vattani, Signore e Signori, buon pomeriggio a tutti. \u00c8 per me un grande piacere e un onore partecipare oggi all\u2019apertura della settimana in cui la Regione Veneto sar\u00e0 la protagonista all\u2019interno dell\u2019Expo Osaka-Kansai.<\/p>\n<p>&nbsp;<\/p>\n<p>Dopo la straordinaria accoglienza riservata alla citt\u00e0 di Venezia in occasione dell\u2019inaugurazione di Expo ed il grande successo del concerto del Teatro La Fenice nella Festival Hall di Osaka, sono certo che questa settimana, con il suo ricco programma di attivit\u00e0 e iniziative, sar\u00e0 un&#8217;altra tappa fondamentale del percorso, ormai gi\u00e0 di grandissimo successo, di questo splendido Padiglione.<\/p>\n<p>&nbsp;<\/p>\n<p>\u201cTradizione e innovazione\u201d \u00e8 il tema del vostro progetto e in Giappone non poteva che essere il Veneto e Venezia a sottolineare questo binomio tutto italiano. Sin dai tempi della Serenissima Repubblica, Venezia e il Veneto sono infatti il simbolo della capacit\u00e0 dei nostri territori di aprirsi ai mercati internazionali e di essere un crocevia strategico per i traffici commerciali, ma anche per lo scambio di idee e talenti tra l\u2019Europa e l\u2019Oriente.<\/p>\n<p>&nbsp;<\/p>\n<p>Il Veneto ha mantenuto queste caratteristiche fino ad oggi e si presenta in Giappone non solo come una Regione italiana tra le pi\u00f9 sviluppate e attive sul piano industriale e del commercio, ma anche dal punto di vista culturale, artistico, accademico e scientifico.<\/p>\n<p>&nbsp;<\/p>\n<p>Oggi in Veneto operano importanti aziende nei settori pi\u00f9 noti del <em>Made in Italy<\/em>, come abbigliamento, pelletteria, occhialeria, oreficeria agroalimentare. Ma in questa importante regione vanta anche imprese attive nella meccanica di precisione e nelle tecnologie pi\u00f9 avanzate, incluso il settore dello spazio nel quale le collaborazioni con le aziende giapponesi stanno rapidamente crescendo.<\/p>\n<p>&nbsp;<\/p>\n<p>Accanto al mondo imprenditoriale e in sinergia con esso, il Veneto si distingue anche sul piano accademico e scientifico, grazie a istituzioni di prestigio come l\u2019Universit\u00e0 di Padova, tra le pi\u00f9 antiche e rinomate al mondo, e l\u2019Universit\u00e0 Ca\u2019 Foscari di Venezia, uno dei poli pi\u00f9 prestigiosi in Italia per lo studio della lingua e della cultura giapponese.<\/p>\n<p>&nbsp;<\/p>\n<p>Sul piano culturale, all\u2019enorme capitale artistico, architettonico e musicale di cui il Veneto \u00e8 custode, si aggiungono ben nove siti iscritti alla lista del Patrimonio Mondiale UNESCO: oltre a Venezia, la Laguna e le opere di difesa del XVI e XVII secolo, Vicenza e le ville palladiane, Verona, gli affreschi e l\u2019Orto botanico di Padova, tre siti archeologici alpini, le Dolomiti e le Colline del Prosecco.<\/p>\n<p>&nbsp;<\/p>\n<p>Tutti eccezionali esempi della ricchezza culturale, artistica e paesaggistica del Veneto grazie alla quale la Regione vanta il record di prima meta turistica in Italia e tra le prime destinazioni del turismo giapponese con 21 milioni di arrivi e 73 milioni di presenze nel 2024. Sono convinto che grazie all\u2019effetto Expo questi numeri cresceranno ulteriormente quest\u2019anno e ancora di pi\u00f9 nel 2026 spinti anche dall\u2019appuntamento dei Giochi Olimpici e Paraolimpici Invernali di Milano-Cortina.<\/p>\n<p>&nbsp;<\/p>\n<p>Tutti questi aspetti che ho sommariamente citato saranno approfonditi e messi in evidenza nelle tante interessanti iniziative che compongono il programma della settimana e, come dicevo all\u2019inizio, sono certo che sar\u00e0 una tappa importante non solo per promuovere il Veneto, ma per mettere in mostra l\u2019Italia le sue innumerevoli eccellenze all\u2019insegna di tradizione e innovazione.<\/p>\n<p>&nbsp;<\/p>\n<p>Grazie e buona settimana del Veneto!<\/p>\n","protected":false},"excerpt":{"rendered":"Gentile Dottoressa Bisson, gentili membri della Delegazione della Regione Veneto, caro Commissario Generale, collega e amico Mario Vattani, Signore e Signori, buon pomeriggio a tutti. \u00c8 per me un grande piacere e un onore partecipare oggi all\u2019apertura della settimana in cui la Regione Veneto sar\u00e0 la protagonista all\u2019interno dell\u2019Expo Osaka-Kansai. &nbsp; Dopo la straordinaria accoglienza [&hellip;]","protected":false},"author":6,"featured_media":0,"parent":272,"menu_order":0,"comment_status":"closed","ping_status":"closed","template":"","meta":{"footnotes":""},"class_list":["post-6353","page","type-page","status-publish","hentry"],"_links":{"self":[{"href":"https:\/\/ambtokyo.esteri.it\/it\/wp-json\/wp\/v2\/pages\/6353","targetHints":{"allow":["GET"]}}],"collection":[{"href":"https:\/\/ambtokyo.esteri.it\/it\/wp-json\/wp\/v2\/pages"}],"about":[{"href":"https:\/\/ambtokyo.esteri.it\/it\/wp-json\/wp\/v2\/types\/page"}],"author":[{"embeddable":true,"href":"https:\/\/ambtokyo.esteri.it\/it\/wp-json\/wp\/v2\/users\/6"}],"replies":[{"embeddable":true,"href":"https:\/\/ambtokyo.esteri.it\/it\/wp-json\/wp\/v2\/comments?post=6353"}],"version-history":[{"count":1,"href":"https:\/\/ambtokyo.esteri.it\/it\/wp-json\/wp\/v2\/pages\/6353\/revisions"}],"predecessor-version":[{"id":6354,"href":"https:\/\/ambtokyo.esteri.it\/it\/wp-json\/wp\/v2\/pages\/6353\/revisions\/6354"}],"up":[{"embeddable":true,"href":"https:\/\/ambtokyo.esteri.it\/it\/wp-json\/wp\/v2\/pages\/272"}],"wp:attachment":[{"href":"https:\/\/ambtokyo.esteri.it\/it\/wp-json\/wp\/v2\/media?parent=6353"}],"curies":[{"name":"wp","href":"https:\/\/api.w.org\/{rel}","templated":true}]}}