{"id":6517,"date":"2025-06-05T10:59:18","date_gmt":"2025-06-05T08:59:18","guid":{"rendered":"https:\/\/ambtokyo.esteri.it\/?page_id=6517"},"modified":"2025-06-18T03:39:13","modified_gmt":"2025-06-18T01:39:13","slug":"intervento-dellambasciatore-ditalia-in-giappone-gianluigi-benedetti-in-occasione-del-ricevimento-per-la-festa-della-repubblica-tokyo-4-giugno-2025","status":"publish","type":"page","link":"https:\/\/ambtokyo.esteri.it\/it\/chi-siamo\/ambasciatore\/discorsi-dellambasciatore__trashed\/intervento-dellambasciatore-ditalia-in-giappone-gianluigi-benedetti-in-occasione-del-ricevimento-per-la-festa-della-repubblica-tokyo-4-giugno-2025\/","title":{"rendered":"Intervento dell\u2019Ambasciatore d\u2019Italia in Giappone, Gianluigi Benedetti, in occasione del ricevimento per la Festa della Repubblica (Tokyo, 4 giugno 2025)"},"content":{"rendered":"<p>Gentile Ministro Kiuchi, Vice Ministro Ikuina, Onorevoli membri della Dieta e autorit\u00e0, gentili ospiti giapponesi e di altri Paesi, care italiane e cari italiani, \u00e8 un vero piacere accogliervi di nuovo in questo bellissimo e storico giardino, insieme alla mia famiglia e a tutto il personale dell\u2019Ambasciata e degli altri Uffici italiani, per festeggiare insieme la Festa della Repubblica.<\/p>\n<p>&nbsp;<\/p>\n<p>Come ho avuto modo di ribadire nelle precedenti tre occasioni, la celebrazione della nascita della nostra Repubblica \u00e8 in questo momento storico molto significativa.<\/p>\n<p>&nbsp;<\/p>\n<p>Infatti, quella decisione di 79 anni fa, fu il frutto di una scelta di ripudio della violenza tra le nazioni, di indipendenza e di sviluppo fondato sui principi di libert\u00e0, democrazia e solidariet\u00e0 e ispirato alla centralit\u00e0 della dignit\u00e0 umana e del lavoro.<\/p>\n<p>&nbsp;<\/p>\n<p>Questi valori e principi sono oggi pi\u00f9 che mai attuali, in un mondo in cui l\u2019ordine internazionale basato su regole comuni sancite dalla carta delle Nazioni Unite \u00e8 scosso da numerosi conflitti e ripetutamente messo alla prova.<\/p>\n<p>&nbsp;<\/p>\n<p>Per questo, ritrovarci in questa circostanza \u00e8 importante: significa ribadire il nostro impegno affinch\u00e9 prevalgano i principi democratici della leale collaborazione internazionale e del libero commercio.<\/p>\n<p>&nbsp;<\/p>\n<p>In questo scenario, l\u2019amicizia che lega Italia e Giappone, che come noi condivide l\u2019interesse alla pace e al rispetto delle regole internazionali, \u00e8 cruciale. Come lo \u00e8 quella tra Unione Europea e Giappone.<\/p>\n<p>&nbsp;<\/p>\n<p>E sono veramente molto felice di constatare, dopo quattro anni trascorsi come Ambasciatore d\u2019Italia in Giappone, che le relazioni tra i nostri Paesi abbiano compiuto passi da gigante, nella consapevolezza, a Tokyo come a Roma, delle nostre priorit\u00e0 comuni a livello internazionale e dell\u2019ampio potenziale di collaborazione bilaterale esistente.<\/p>\n<p>&nbsp;<\/p>\n<p>Come vi avevo anticipato l\u2019anno scorso, il nostro percorso comune per i prossimi anni \u00e8 stato tracciato in un Piano d\u2019Azione adottato nel giugno 2024. Seguendo questa nuova mappa abbiamo sviluppato con grande rapidit\u00e0 e determinazione i rapporti politici, quelli di sicurezza, quelli economici e scientifici e quelli culturali.<\/p>\n<p>&nbsp;<\/p>\n<p>Tengo a citare in particolare lo stretto coordinamento a livello G7 sulle grandi questioni internazionali dalla guerra di aggressione russa in Ucraina alla crisi in Medio Oriente, dalla cooperazione in Africa alla stabilit\u00e0 dell\u2019Indo Pacifico, dallo sviluppo etico dell\u2019intelligenza artificiale alla questione delle migrazioni.<\/p>\n<p>&nbsp;<\/p>\n<p>Sul piano bilaterale, la nostra cooperazione nel settore della sicurezza ha consentito di firmare l\u2019accordo internazionale per lo sviluppo di un aereo militare di sesta generazione, il programma GCAP, e la realizzazione di nuove importanti missioni navali e aeree per esercitazioni congiunte.<\/p>\n<p>&nbsp;<\/p>\n<p>Sul fronte economico e scientifico, abbiamo realizzato gli obiettivi che vi avevo indicato, rafforzando la presenza di aziende nell\u2019Italy-Japan Business Group, promuovendo nuovi investimenti e nuove collaborazioni tecnologiche nei due Paesi, aumentando gli scambi commerciali e cofinanziando due grandi progetti di ricerca scientifica che adesso sono in fase operativa.<\/p>\n<p>&nbsp;<\/p>\n<p>Nel settore culturale abbiamo organizzato numerose iniziative di grande rilevanza, sviluppato i flussi turistici, promosso i primi progetti cinematografici in coproduzione e soprattutto assicurato &#8211; grazie al lavoro del Commissario Generale e della sua squadra &#8211; una presenza italiana all\u2019Esposizione Universale di Osaka che sta battendo ogni record di popolarit\u00e0 e presenze.<\/p>\n<p>&nbsp;<\/p>\n<p>Questi successi sono stati sugellati dalla storica visita in Giappone del Presidente della Repubblica Sergio Mattarella nel marzo scorso a distanza di 16 anni dalla precedente visita presidenziale.<\/p>\n<p><strong>\u00a0<\/strong><\/p>\n<p>\u00c8 stata un\u2019attivit\u00e0 intensa, nell\u2019arco di tutto il mio mandato, che ha richiesto spirito di squadra tra le istituzioni presenti in Giappone alle quali rivolgo un caloroso ringraziamento.<\/p>\n<p>&nbsp;<\/p>\n<p>Ma questi risultati sono anche il frutto del lavoro della comunit\u00e0 italiana che dall\u2019inizio delle relazioni diplomatiche con il Giappone, un secolo e mezzo fa, ha sempre assicurato, nei rispettivi settori di competenza, la sostanza necessaria per creare quello speciale rapporto di fiducia, rispetto e amicizia che oggi lega indissolubilmente i nostri popoli.<\/p>\n<p>&nbsp;<\/p>\n<p>A tutti voi, cari connazionali e cari amici, va la mia stima e il mio ringraziamento per il supporto che mi avete sempre fornito in questi quattro anni, per la vostra dedizione e &#8211; soprattutto &#8211; per il lavoro che continuerete a svolgere per rafforzare ulteriormente le relazioni bilaterali.<\/p>\n<p>&nbsp;<\/p>\n<p>In conclusione, permettetemi di rivolgere un ringraziamento speciale alle Autorit\u00e0 e ai tanti amici giapponesi qui presenti per aver voluto festeggiare con noi questo giorno cos\u00ec importante per l\u2019Italia e per il loro impegno a rafforzare il rapporto tra i nostri due Paesi che l\u2019anno prossimo festegger\u00e0 il suo 160\u00b0 anniversario.<\/p>\n<p>&nbsp;<\/p>\n<p>Consentitemi infine anche un sincero ringraziamento a tutte le societ\u00e0 italiane e giapponesi che ci hanno generosamente sostenuto e aiutato nella realizzazione di questa serata e in particolare alle autorit\u00e0 e alle aziende di Ojiya che sono sempre state vicine all\u2019Ambasciata e anche quest\u2019anno renderanno memorabile questa serata con spettacolari fuochi d\u2019artificio.<\/p>\n<p>&nbsp;<\/p>\n<p>Grazie a tutti, viva l\u2019Italia! Viva la Repubblica! Viva l\u2019amicizia tra Italia e Giappone!<\/p>\n","protected":false},"excerpt":{"rendered":"Gentile Ministro Kiuchi, Vice Ministro Ikuina, Onorevoli membri della Dieta e autorit\u00e0, gentili ospiti giapponesi e di altri Paesi, care italiane e cari italiani, \u00e8 un vero piacere accogliervi di nuovo in questo bellissimo e storico giardino, insieme alla mia famiglia e a tutto il personale dell\u2019Ambasciata e degli altri Uffici italiani, per festeggiare insieme [&hellip;]","protected":false},"author":15,"featured_media":0,"parent":272,"menu_order":0,"comment_status":"closed","ping_status":"closed","template":"","meta":{"footnotes":""},"class_list":["post-6517","page","type-page","status-publish","hentry"],"_links":{"self":[{"href":"https:\/\/ambtokyo.esteri.it\/it\/wp-json\/wp\/v2\/pages\/6517","targetHints":{"allow":["GET"]}}],"collection":[{"href":"https:\/\/ambtokyo.esteri.it\/it\/wp-json\/wp\/v2\/pages"}],"about":[{"href":"https:\/\/ambtokyo.esteri.it\/it\/wp-json\/wp\/v2\/types\/page"}],"author":[{"embeddable":true,"href":"https:\/\/ambtokyo.esteri.it\/it\/wp-json\/wp\/v2\/users\/15"}],"replies":[{"embeddable":true,"href":"https:\/\/ambtokyo.esteri.it\/it\/wp-json\/wp\/v2\/comments?post=6517"}],"version-history":[{"count":1,"href":"https:\/\/ambtokyo.esteri.it\/it\/wp-json\/wp\/v2\/pages\/6517\/revisions"}],"predecessor-version":[{"id":6519,"href":"https:\/\/ambtokyo.esteri.it\/it\/wp-json\/wp\/v2\/pages\/6517\/revisions\/6519"}],"up":[{"embeddable":true,"href":"https:\/\/ambtokyo.esteri.it\/it\/wp-json\/wp\/v2\/pages\/272"}],"wp:attachment":[{"href":"https:\/\/ambtokyo.esteri.it\/it\/wp-json\/wp\/v2\/media?parent=6517"}],"curies":[{"name":"wp","href":"https:\/\/api.w.org\/{rel}","templated":true}]}}