{"id":6647,"date":"2025-07-08T02:34:52","date_gmt":"2025-07-08T00:34:52","guid":{"rendered":"https:\/\/ambtokyo.esteri.it\/?page_id=6647"},"modified":"2025-07-08T02:34:52","modified_gmt":"2025-07-08T00:34:52","slug":"intervento-dellambasciatore-ditalia-gianluigi-benedetti-in-occasione-del-ricevimento-in-onore-del-vice-presidente-del-consiglio-dei-ministri-on-matteo-salvini-tokyo-7-luglio-202","status":"publish","type":"page","link":"https:\/\/ambtokyo.esteri.it\/it\/chi-siamo\/ambasciatore\/discorsi-dellambasciatore__trashed\/intervento-dellambasciatore-ditalia-gianluigi-benedetti-in-occasione-del-ricevimento-in-onore-del-vice-presidente-del-consiglio-dei-ministri-on-matteo-salvini-tokyo-7-luglio-202\/","title":{"rendered":"Intervento dell\u2019Ambasciatore d\u2019Italia, Gianluigi Benedetti in occasione del ricevimento in onore del Vice Presidente del Consiglio dei Ministri, On. Matteo Salvini (Tokyo, 7 luglio 2025)"},"content":{"rendered":"<p>Signor Vice Presidente del Consiglio per me, mia moglie Sabina e per i miei collaboratori \u00e8 un grande onore accoglierla in questa bellissima Residenza.<\/p>\n<p>Per noi italiani e giapponesi che viviamo qui \u00e8 il luogo dove l&#8217;amicizia e le strette relazioni tra i nostri due Paesi sono fisicamente rappresentati dall&#8217;unione tra due tesori, l&#8217;antico e famoso giardino giapponese e la casa che \u00e8 un museo di architettura, design e arte italiana della met\u00e0 degli anni Sessanta.<\/p>\n<p>Signor Vice Presidente, la Sua visita segna un&#8217;altra importante tappa della nuova era delle relazioni bilaterali avviata nel gennaio 2023 dai Primi Ministri Meloni e Kishida con il lancio del Partenariato strategico.<\/p>\n<p>Questa nuova era, che immaginiamo di lungo periodo, ci porter\u00e0 a un legame ancora pi\u00f9 profondo e forte con il Giappone, un Paese che non solo ammiriamo e amiamo, ma che, nell&#8217;attuale congiuntura internazionale, \u00e8 ancora di pi\u00f9 un partner strategico perch\u00e9 condivide i nostri valori e principi e perch\u00e9 \u00e8 come noi una potenza economica basata su capacit\u00e0 manifatturiera, sviluppo tecnologico e libero commercio.<\/p>\n<p>Analogamente all&#8217;Italia, il Giappone ha di fronte sfide imponenti come quella dell&#8217;invecchiamento della popolazione, quella doppia della transizione digitale e verde e quella dell&#8217;ammodernamento &#8211; direi quasi ripensamento &#8211; del sistema delle infrastrutture che \u00e8 il vero, grande fattore abilitante dello sviluppo futuro e sostenibile dei nostri Paesi.<\/p>\n<p>In questa prospettiva, la sua visita, a due mesi da un nuovo vertice tra i Capi di Governo, riveste un significato del tutto speciale.<\/p>\n<p>Infatti, i suoi incontri a Tokyo, all&#8217;Expo di Osaka e ad Akashi, oltre a consentire un confronto sulle strategie e sulle scelte politiche, apriranno la strada a una cooperazione tecnologica e industriale in un settore, quello delle infrastrutture, che pu\u00f2 dare un enorme slancio alle nostre relazioni bilaterali.<\/p>\n<p>Con questo augurio, Signor Vice Presidente, le cedo la parola ringraziandola ancora per la visita e augurando a tutti noi che il prossimo anno, nel quale celebreremo i 160 anni di relazioni diplomatiche, sia un anno di ulteriore crescita dell&#8217;amicizia e delle relazioni tra i nostri Paesi.<\/p>\n<p>&nbsp;<\/p>\n","protected":false},"excerpt":{"rendered":"Signor Vice Presidente del Consiglio per me, mia moglie Sabina e per i miei collaboratori \u00e8 un grande onore accoglierla in questa bellissima Residenza. Per noi italiani e giapponesi che viviamo qui \u00e8 il luogo dove l&#8217;amicizia e le strette relazioni tra i nostri due Paesi sono fisicamente rappresentati dall&#8217;unione tra due tesori, l&#8217;antico e [&hellip;]","protected":false},"author":6,"featured_media":0,"parent":272,"menu_order":0,"comment_status":"closed","ping_status":"closed","template":"","meta":{"footnotes":""},"class_list":["post-6647","page","type-page","status-publish","hentry"],"_links":{"self":[{"href":"https:\/\/ambtokyo.esteri.it\/it\/wp-json\/wp\/v2\/pages\/6647","targetHints":{"allow":["GET"]}}],"collection":[{"href":"https:\/\/ambtokyo.esteri.it\/it\/wp-json\/wp\/v2\/pages"}],"about":[{"href":"https:\/\/ambtokyo.esteri.it\/it\/wp-json\/wp\/v2\/types\/page"}],"author":[{"embeddable":true,"href":"https:\/\/ambtokyo.esteri.it\/it\/wp-json\/wp\/v2\/users\/6"}],"replies":[{"embeddable":true,"href":"https:\/\/ambtokyo.esteri.it\/it\/wp-json\/wp\/v2\/comments?post=6647"}],"version-history":[{"count":1,"href":"https:\/\/ambtokyo.esteri.it\/it\/wp-json\/wp\/v2\/pages\/6647\/revisions"}],"predecessor-version":[{"id":6650,"href":"https:\/\/ambtokyo.esteri.it\/it\/wp-json\/wp\/v2\/pages\/6647\/revisions\/6650"}],"up":[{"embeddable":true,"href":"https:\/\/ambtokyo.esteri.it\/it\/wp-json\/wp\/v2\/pages\/272"}],"wp:attachment":[{"href":"https:\/\/ambtokyo.esteri.it\/it\/wp-json\/wp\/v2\/media?parent=6647"}],"curies":[{"name":"wp","href":"https:\/\/api.w.org\/{rel}","templated":true}]}}