{"id":6668,"date":"2025-07-11T06:37:51","date_gmt":"2025-07-11T04:37:51","guid":{"rendered":"https:\/\/ambtokyo.esteri.it\/?page_id=6668"},"modified":"2026-04-09T12:48:20","modified_gmt":"2026-04-09T10:48:20","slug":"elenco-delle-associazioni-italiane","status":"publish","type":"page","link":"https:\/\/ambtokyo.esteri.it\/it\/servizi-consolari-e-visti\/servizi-per-il-cittadino-italiano\/elenco-delle-associazioni-italiane\/","title":{"rendered":"Elenco delle associazioni italiane"},"content":{"rendered":"<p><strong>ELENCO DELLE ASSOCIAZIONI ITALIANE OPERANTI NELLA CIRCOSCRIZIONE CONSOLARE DI TOKYO<\/strong><\/p>\n<p>In ragione del costante aumento della presenza di residenti italiani nella circoscrizione consolare di Tokyo registrato negli ultimi anni, l\u2019Ambasciata d\u2019Italia desidera promuovere e valorizzare le forme di aggregazione della comunit\u00e0, offrendo maggiore visibilit\u00e0 e pubblicit\u00e0 alle associazioni italiane attive sul territorio.<\/p>\n<p>Su richiesta delle associazioni interessate e previa verifica dei requisiti per l\u2019iscrizione, i dati delle associazioni italiane presenti nella circoscrizione consolare di Tokyo sono raccolti in un elenco messo a disposizione del pubblico.<\/p>\n<p>I recapiti delle associazioni sono inseriti nell\u2019elenco in ordine alfabetico. L\u2019Ambasciata non risponde per l\u2019operato delle associazioni e ne verifica la sola sussistenza dei requisiti per l\u2019iscrizione nell\u2019elenco. L\u2019Ambasciata declina ogni responsabilit\u00e0 per le imprecisioni o le omissioni nei dati forniti dalle associazioni. L\u2019elenco viene aggiornato con cadenza semestrale.<\/p>\n<p><a href=\"https:\/\/ambtokyo.esteri.it\/wp-content\/uploads\/2026\/04\/2026-03-26-ELENCO-DELLE-ASSOCIAZIONI-ITALIANE-TOKYO.pdf\"><strong>CONSULTA QUI L&#8217;ELENCO<\/strong><\/a><\/p>\n<p>&nbsp;<\/p>\n<p><strong>PER REGISTRARSI<\/strong><\/p>\n<p>Le associazioni che intendono essere inserite nell\u2019elenco dovranno inviarne richiesta utilizzando <a href=\"https:\/\/ambtokyo.esteri.it\/wp-content\/uploads\/2025\/07\/RICHIESTA-DI-ISCRIZIONE-ASSOCIAZIONE.docx\">questo modulo<\/a>, a firma del proprio rappresentante legale, all\u2019indirizzo: <a href=\"mailto:consular.tokyo@esteri.it\">consular.tokyo@esteri.it<\/a>, corredata della seguente documentazione:<\/p>\n<ol>\n<li>atto di costituzione e statuto;<\/li>\n<li>elenco dei rappresentanti legali e delle cariche sociali;<\/li>\n<li>rlenco nominativo dei soci, specificando quali siano iscritti all\u2019AIRE come residenti nella circoscrizione di Tokyo;<\/li>\n<li>tlenco dei soci partecipanti all\u2019ultima assemblea;<\/li>\n<li>relazione sulle attivit\u00e0 svolte nell\u2019ultimo anno;<\/li>\n<li>copia di un documento di identit\u00e0 del dichiarante.<\/li>\n<\/ol>\n<p>&nbsp;<\/p>\n<p><strong>REQUISITI PER L\u2019ISCRIZIONE<\/strong><\/p>\n<p>Possono richiedere l\u2019iscrizione le associazioni che soddisfino i seguenti requisiti:<\/p>\n<ul>\n<li>abbiano sede nella circoscrizione consolare di Tokyo;<\/li>\n<li>svolgano attivit\u00e0 lecite e conformi alle legislazioni italiana e giapponese;<\/li>\n<li>siano composte da almeno 25 soci cittadini italiani e iscritti all\u2019AIRE nella circoscrizione di riferimento;<\/li>\n<li>presentino regolare statuto e atto costitutivo;<\/li>\n<li>siano in grado di documentare le attivit\u00e0 svolte nell\u2019ultimo anno.<\/li>\n<\/ul>\n<p>Al fine della verifica della rappresentativit\u00e0 e dell\u2019operativit\u00e0, le associazioni devono regolarmente informare per iscritto, almeno una volta l\u2019anno, l\u2019Ufficio consolare delle attivit\u00e0 svolte nel corso dell\u2019anno e della convocazione della loro Assemblea annuale, nonch\u00e9 delle eventuali variazioni nelle cariche sociali.<\/p>\n<p>L\u2019Associazione pu\u00f2 essere cancellata dal registro \u2013 oltre che quando il numero dei soci diventa inferiore al numero minimo richiesto \u2013 per sopravvenuto scioglimento o per richiesta esplicita dei legali rappresentanti dell\u2019Associazione stessa. Qualora le attivit\u00e0 previste dallo Statuto dell\u2019Associazione risultino inesistenti o irrilevanti, anche tramite verifiche condotte dall\u2019Ufficio consolare, l\u2019Associazione verr\u00e0 cancellata dal registro, previa comunicazione scritta.<\/p>\n<p>L\u2019iscrizione nell\u2019elenco non comporta alcuna forma di riconoscimento ufficiale da parte dell\u2019Ambasciata n\u00e9 comporta benefici di tipo giuridico o fiscale.<\/p>\n","protected":false},"excerpt":{"rendered":"ELENCO DELLE ASSOCIAZIONI ITALIANE OPERANTI NELLA CIRCOSCRIZIONE CONSOLARE DI TOKYO In ragione del costante aumento della presenza di residenti italiani nella circoscrizione consolare di Tokyo registrato negli ultimi anni, l\u2019Ambasciata d\u2019Italia desidera promuovere e valorizzare le forme di aggregazione della comunit\u00e0, offrendo maggiore visibilit\u00e0 e pubblicit\u00e0 alle associazioni italiane attive sul territorio. Su richiesta delle [&hellip;]","protected":false},"author":6,"featured_media":0,"parent":824,"menu_order":4,"comment_status":"closed","ping_status":"closed","template":"","meta":{"footnotes":""},"class_list":["post-6668","page","type-page","status-publish","hentry"],"_links":{"self":[{"href":"https:\/\/ambtokyo.esteri.it\/it\/wp-json\/wp\/v2\/pages\/6668","targetHints":{"allow":["GET"]}}],"collection":[{"href":"https:\/\/ambtokyo.esteri.it\/it\/wp-json\/wp\/v2\/pages"}],"about":[{"href":"https:\/\/ambtokyo.esteri.it\/it\/wp-json\/wp\/v2\/types\/page"}],"author":[{"embeddable":true,"href":"https:\/\/ambtokyo.esteri.it\/it\/wp-json\/wp\/v2\/users\/6"}],"replies":[{"embeddable":true,"href":"https:\/\/ambtokyo.esteri.it\/it\/wp-json\/wp\/v2\/comments?post=6668"}],"version-history":[{"count":6,"href":"https:\/\/ambtokyo.esteri.it\/it\/wp-json\/wp\/v2\/pages\/6668\/revisions"}],"predecessor-version":[{"id":8082,"href":"https:\/\/ambtokyo.esteri.it\/it\/wp-json\/wp\/v2\/pages\/6668\/revisions\/8082"}],"up":[{"embeddable":true,"href":"https:\/\/ambtokyo.esteri.it\/it\/wp-json\/wp\/v2\/pages\/824"}],"wp:attachment":[{"href":"https:\/\/ambtokyo.esteri.it\/it\/wp-json\/wp\/v2\/media?parent=6668"}],"curies":[{"name":"wp","href":"https:\/\/api.w.org\/{rel}","templated":true}]}}