{"id":6756,"date":"2025-09-16T01:14:44","date_gmt":"2025-09-15T23:14:44","guid":{"rendered":"https:\/\/ambtokyo.esteri.it\/?page_id=6756"},"modified":"2025-09-16T01:14:44","modified_gmt":"2025-09-15T23:14:44","slug":"intervento-dellambasciatore-ditalia-gianluigi-benedetti-in-occasione-dellevento-inaugurale-dei-campionati-mondiali-di-atletica-leggera-di-tokyo-2025-tokyo-12-settembre-20","status":"publish","type":"page","link":"https:\/\/ambtokyo.esteri.it\/it\/chi-siamo\/ambasciatore\/discorsi-dellambasciatore__trashed\/intervento-dellambasciatore-ditalia-gianluigi-benedetti-in-occasione-dellevento-inaugurale-dei-campionati-mondiali-di-atletica-leggera-di-tokyo-2025-tokyo-12-settembre-20\/","title":{"rendered":"Intervento dell\u2019Ambasciatore d\u2019Italia, Gianluigi Benedetti in occasione dell\u2019evento inaugurale dei Campionati Mondiali di Atletica Leggera di Tokyo 2025 (Tokyo, 12 settembre 2025)"},"content":{"rendered":"<p>Buonasera a tutti e benvenuti nella Residenza dell\u2019Ambasciatore d\u2019Italia a Tokyo, una \u201ccasa-museo\u201d della met\u00e0 degli anni sessanta affacciata su uno storico giardino giapponese del diciassettesimo secolo, appartenuto nel passato ai principi feudali Matsudaira e successivamente residenza privata di Matsukata Masayoshi, un influente uomo politico del primo periodo Meiji.<\/p>\n<p>In questa straordinaria Ambasciata, la diplomazia dello sport \u00e8 stata messa in pratica costantemente, ospitando eventi dedicati alla scherma, al golf, al rugby, al motociclismo e alla F1, al calcio, alla pallavolo e alle prossime Olimpiadi e Paralimpiadi di Milano-Cortina 2026.<\/p>\n<p>Stasera, ho il piacere di dare il benvenuto alla Federazione Italiana di Atletica Leggera e agli atleti della squadra nazionale in occasione dell\u2019apertura dei Campionati Mondiali di atletica di Tokyo e sono grato alla FIDAL e in particolare al Presidente Stefano Mei che \u00e8 qui con noi, per aver immaginato questa iniziativa.<\/p>\n<p>Per me, per mia moglie Sabina e per tutta la comunit\u00e0 italiana a Tokyo \u00e8 una grande emozione vedervi qui riuniti esattamente nel giorno in cui, nel 1979, Pietro Mennea vinse a Citt\u00e0 del Messico la gara dei 200 metri stabilendo il record mondiale. Un giorno che, da due anni, viene ufficialmente celebrato come \u201cGiornata dello sport italiano nel mondo\u201d.<\/p>\n<p>L\u2019atletica mondiale a Tokyo ci riporta subito indietro di quattro anni, quando alle Olimpiadi, i nostri campioni hanno scritto bellissime pagine di storia dello sport italiano.<\/p>\n<p>Abbiamo ancora negli occhi il ricordo della storica medaglia d\u2019oro nei 100 metri di Marcel Jacobs, di quella della staffetta maschile 4&#215;100, con Fausto Desalu, che stasera \u00e8 qui, e di quelle di Gianmarco Tamberi nel salto in alto e di Massimo Stano e Antonella Palmisano nella marcia.<\/p>\n<p>Tutte queste e le altre tantissime medaglie vinte hanno contribuito a riaffermare, ancora una volta, che l\u2019Italia \u00e8 una grande potenza mondiale dello sport e che lo sport italiano \u00e8 un driver potentissimo della nostra immagine internazionale, oltre che della nostra economia e del nostro export.<\/p>\n<p>Nel giorno in cui, insieme al Ministro della Cultura Giuli e al Segretario Generale del Ministero degli Esteri Ambasciatore Guariglia, abbiamo celebrato nella grande vetrina mondiale dell\u2019Expo di Osaka, l\u2019<em>Italy Day<\/em>, dare avvio a Tokyo al grande spettacolo dell\u2019atletica italiana ci consente di rafforzare ancora di pi\u00f9 l\u2019immagine dell\u2019Italia in Giappone.<\/p>\n<p>Eloisa, Vittoria, Dalia, Andy, Fausto grazie per la vostra presenza stasera, sono certo che nei prossimi giorni insieme alle altre campionesse e campioni del Team Italia porterete alta la bandiera tricolore e saprete dare lustro al nostro Paese!<\/p>\n<p>E allora non mi resta che augurarvi grandi successi nei prossimi giorni.<\/p>\n<p>Forza Italia, forza ragazze e ragazzi! \u00a0\u00a0\u00a0\u00a0\u00a0<em>Gambatte kudasai<\/em>!<\/p>\n","protected":false},"excerpt":{"rendered":"Buonasera a tutti e benvenuti nella Residenza dell\u2019Ambasciatore d\u2019Italia a Tokyo, una \u201ccasa-museo\u201d della met\u00e0 degli anni sessanta affacciata su uno storico giardino giapponese del diciassettesimo secolo, appartenuto nel passato ai principi feudali Matsudaira e successivamente residenza privata di Matsukata Masayoshi, un influente uomo politico del primo periodo Meiji. In questa straordinaria Ambasciata, la diplomazia [&hellip;]","protected":false},"author":6,"featured_media":0,"parent":272,"menu_order":0,"comment_status":"closed","ping_status":"closed","template":"","meta":{"footnotes":""},"class_list":["post-6756","page","type-page","status-publish","hentry"],"_links":{"self":[{"href":"https:\/\/ambtokyo.esteri.it\/it\/wp-json\/wp\/v2\/pages\/6756","targetHints":{"allow":["GET"]}}],"collection":[{"href":"https:\/\/ambtokyo.esteri.it\/it\/wp-json\/wp\/v2\/pages"}],"about":[{"href":"https:\/\/ambtokyo.esteri.it\/it\/wp-json\/wp\/v2\/types\/page"}],"author":[{"embeddable":true,"href":"https:\/\/ambtokyo.esteri.it\/it\/wp-json\/wp\/v2\/users\/6"}],"replies":[{"embeddable":true,"href":"https:\/\/ambtokyo.esteri.it\/it\/wp-json\/wp\/v2\/comments?post=6756"}],"version-history":[{"count":1,"href":"https:\/\/ambtokyo.esteri.it\/it\/wp-json\/wp\/v2\/pages\/6756\/revisions"}],"predecessor-version":[{"id":6759,"href":"https:\/\/ambtokyo.esteri.it\/it\/wp-json\/wp\/v2\/pages\/6756\/revisions\/6759"}],"up":[{"embeddable":true,"href":"https:\/\/ambtokyo.esteri.it\/it\/wp-json\/wp\/v2\/pages\/272"}],"wp:attachment":[{"href":"https:\/\/ambtokyo.esteri.it\/it\/wp-json\/wp\/v2\/media?parent=6756"}],"curies":[{"name":"wp","href":"https:\/\/api.w.org\/{rel}","templated":true}]}}