{"id":6786,"date":"2025-09-23T07:57:36","date_gmt":"2025-09-23T05:57:36","guid":{"rendered":"https:\/\/ambtokyo.esteri.it\/?page_id=6786"},"modified":"2025-09-23T07:57:36","modified_gmt":"2025-09-23T05:57:36","slug":"intervento-dellambasciatore-ditalia-gianluigi-benedetti-in-occasione-della-cerimonia-dincenso-della-oie-ryu-kodo-residenza-dellambasciatore-ditalia-in-giappone-22-sett","status":"publish","type":"page","link":"https:\/\/ambtokyo.esteri.it\/it\/chi-siamo\/ambasciatore\/discorsi-dellambasciatore__trashed\/intervento-dellambasciatore-ditalia-gianluigi-benedetti-in-occasione-della-cerimonia-dincenso-della-oie-ryu-kodo-residenza-dellambasciatore-ditalia-in-giappone-22-sett\/","title":{"rendered":"Intervento dell&#8217;Ambasciatore d&#8217;Italia Gianluigi Benedetti in occasione della cerimonia d\u2019incenso della Oie-ryu Kodo (Residenza dell\u2019Ambasciatore d\u2019Italia in Giappone, 22 settembre 2025)"},"content":{"rendered":"<p>Buon pomeriggio a tutti e benvenuti nella Residenza dell&#8217;ambasciatore d&#8217;Italia a Tokyo, un luogo unico per la combinazione tra uno storico giardino del periodo Edo e una casa di architettura e arredo della met\u00e0 degli anni sessanta.<\/p>\n<p>&nbsp;<\/p>\n<p>Ringrazio il Gran Maestro Sanjonishi Gyosui, la Signora Shioi e mia moglie Sabina per l&#8217;iniziativa e la disponibilit\u00e0 di organizzare una cerimonia dell&#8217;incenso.<\/p>\n<p>&nbsp;<\/p>\n<p>Un rito antichissimo che affonda le radici nel periodo Heian \u00e8 citata nella &#8220;storia di Genji&#8221; ed \u00e8 una delle tre arti tradizionali giapponesi, insieme alla cerimonia del t\u00e8 e all&#8217;ikebana.<\/p>\n<p>&nbsp;<\/p>\n<p>Il tema della cerimonia di oggi \u00e8 la luna e il Gran Maestro non poteva scegliere un soggetto migliore.<\/p>\n<p>&nbsp;<\/p>\n<p>Infatti, Mita \u00e8 molto famosa nella storia giapponese per essere uno dei luoghi migliori di Tokyo per osservare la luna nascente.<\/p>\n<p>&nbsp;<\/p>\n<p>Pensate che \u00e8 cos\u00ec famoso che il notissimo artista di Ukio-e Hiroshige incluse nei 100 famosi panorami di Edo proprio la scena della luna nascente sul porto di Shinagawa vista da una casa da te.<\/p>\n<p>&nbsp;<\/p>\n<p>Di questo bellissimo panorama dovevamo essere ben consapevoli anche i Daimyo Matsudaira che quando fecero realizzare il giardino vollero creare una collinetta artificiale, che ancora oggi esiste, dalla quale poter godere proprio il bellissimo panorama della luna nascente sull&#8217;acqua.<\/p>\n<p>&nbsp;<\/p>\n<p>Auguro a tutti di poter immaginare questo spettacolo naturale intenti nell&#8217;ascolto delle fragranze dei preziosissimi legni di incenso.<\/p>\n","protected":false},"excerpt":{"rendered":"Buon pomeriggio a tutti e benvenuti nella Residenza dell&#8217;ambasciatore d&#8217;Italia a Tokyo, un luogo unico per la combinazione tra uno storico giardino del periodo Edo e una casa di architettura e arredo della met\u00e0 degli anni sessanta. &nbsp; Ringrazio il Gran Maestro Sanjonishi Gyosui, la Signora Shioi e mia moglie Sabina per l&#8217;iniziativa e la [&hellip;]","protected":false},"author":6,"featured_media":0,"parent":272,"menu_order":0,"comment_status":"closed","ping_status":"closed","template":"","meta":{"footnotes":""},"class_list":["post-6786","page","type-page","status-publish","hentry"],"_links":{"self":[{"href":"https:\/\/ambtokyo.esteri.it\/it\/wp-json\/wp\/v2\/pages\/6786","targetHints":{"allow":["GET"]}}],"collection":[{"href":"https:\/\/ambtokyo.esteri.it\/it\/wp-json\/wp\/v2\/pages"}],"about":[{"href":"https:\/\/ambtokyo.esteri.it\/it\/wp-json\/wp\/v2\/types\/page"}],"author":[{"embeddable":true,"href":"https:\/\/ambtokyo.esteri.it\/it\/wp-json\/wp\/v2\/users\/6"}],"replies":[{"embeddable":true,"href":"https:\/\/ambtokyo.esteri.it\/it\/wp-json\/wp\/v2\/comments?post=6786"}],"version-history":[{"count":1,"href":"https:\/\/ambtokyo.esteri.it\/it\/wp-json\/wp\/v2\/pages\/6786\/revisions"}],"predecessor-version":[{"id":6789,"href":"https:\/\/ambtokyo.esteri.it\/it\/wp-json\/wp\/v2\/pages\/6786\/revisions\/6789"}],"up":[{"embeddable":true,"href":"https:\/\/ambtokyo.esteri.it\/it\/wp-json\/wp\/v2\/pages\/272"}],"wp:attachment":[{"href":"https:\/\/ambtokyo.esteri.it\/it\/wp-json\/wp\/v2\/media?parent=6786"}],"curies":[{"name":"wp","href":"https:\/\/api.w.org\/{rel}","templated":true}]}}