{"id":6793,"date":"2025-09-25T05:46:32","date_gmt":"2025-09-25T03:46:32","guid":{"rendered":"https:\/\/ambtokyo.esteri.it\/?page_id=6793"},"modified":"2025-09-25T05:46:32","modified_gmt":"2025-09-25T03:46:32","slug":"discorso-dellambasciatore-ditalia-gianluigi-benedetti-in-occasione-dellevento-ducati-corse-meet-greet-2025-tokyo-24-settembre-2025","status":"publish","type":"page","link":"https:\/\/ambtokyo.esteri.it\/it\/chi-siamo\/ambasciatore\/discorsi-dellambasciatore__trashed\/discorso-dellambasciatore-ditalia-gianluigi-benedetti-in-occasione-dellevento-ducati-corse-meet-greet-2025-tokyo-24-settembre-2025\/","title":{"rendered":"Discorso dell\u2019Ambasciatore d\u2019Italia Gianluigi Benedetti in occasione dell\u2019evento \u201cDucati Corse meet &#038; greet 2025\u201d (Tokyo, 24 settembre 2025)"},"content":{"rendered":"<p>Sottosegretario di Stato agli Affari Esteri e alla Cooperazione Internazionale, Giorgio SILLI, Direttore Sportivo di Ducati Corse, Mauro GRASSILI, Presidente di Ducati Japan, Matt LINDSTROM, buonasera e benvenuti nella Residenza dell\u2019Ambasciatore d\u2019Italia a Tokyo, una <em>casa-museo<\/em> della met\u00e0 degli anni sessanta che, con il suo storico giardino giapponese di epoca Edo, rappresenta in maniera simbolica l\u2019unione e l\u2019amicizia tra Italia e Giappone e l\u2019incontro tra le nostre culture.<\/p>\n<p>Onorevole Sottosegretario la sua visita ufficiale in Giappone, con una tappa a Osaka, dove ha avuto modo di visitare l\u2019Esposizione Universale e una a Tokyo per incontri governativi e con la nostra comunit\u00e0 residente, rappresenta un\u2019ulteriore conferma del forte legame tra l\u2019Italia e il Giappone, uniti dal gennaio 2023 da un Partenariato Strategico.<\/p>\n<p>Si tratta &#8211; mi permetto di dirlo &#8211; di una relazione \u201cspeciale\u201d, costantemente alimentata negli ultimi tre anni da reciproci scambi di visite di alto livello, culminate nel marzo di quest\u2019anno con quella del Signor Presidente della Repubblica Sergio Mattarella, alla quale hanno fatto seguito quelle dei Vice Presidenti del Consiglio Antonio Tajani e Matteo Salvini.<\/p>\n<p>In questi anni il Team Italia, l\u2019Ambasciata, gli enti e le istituzioni del Sistema Italia in Giappone e il Commissariato Generale per il Padiglione italiano all\u2019Expo, ha costantemente lavorato per arricchire il rapporto bilaterale, realizzando una serie di eventi e iniziative promozionali di natura economica, culturale, scientifica e sportiva, nel solco della diplomazia della crescita.<\/p>\n<p>L\u2019evento di questa sera, alla presenza del team di Ducati Corse che questo fine settimana sar\u00e0 impegnato nel Gran Premio di Moto GP di Motegi, si inserisce proprio in questo filone, che ci ha visto promuovere lo sport come un volano dello sviluppo economico del nostro Paese e come straordinaria vetrina delle nostre eccellenze.<\/p>\n<p>Dall\u2019atletica, con i Campionati Mondiali appena conclusisi a Tokyo, al golf, alla scherma, alla F1 e prossimamente alla pallavolo e alle Olimpiadi e Paralimpiadi di Milano-Cortina 2026, attraverso la diplomazia dello sport abbiamo sostenuto un comparto che racconta l\u2019Italia nel mondo, che crea valore, occupazione e opportunit\u00e0 di export.<\/p>\n<p>Il grande successo di Ducati in Giappone, \u00e8 certamente la conferma dell\u2019importanza di proiettare nel mondo l\u2019immagine sportiva italiana, l\u2019immagine di un\u2019Italia vincente, ma \u00e8 anche il risultato di saper raccontare attraverso lo sport, l\u2019immagine di un Paese capace di realizzare prodotti eccezionali, imbattibili e spesso unici, che sono il risultato dell\u2019unione tra la creativit\u00e0, il saper fare e le tecnologie italiane. E ci\u00f2 \u00e8 importante soprattutto in Giappone.<\/p>\n<p>Grazie a tutti per la vostra presenza e un caloroso augurio di successo a Ducati! Con grande piacere passo ora la parola al Sottosegretario di Stato agli Affari Esteri e alla Cooperazione Internazionale, Giorgio SILLI.<\/p>\n","protected":false},"excerpt":{"rendered":"Sottosegretario di Stato agli Affari Esteri e alla Cooperazione Internazionale, Giorgio SILLI, Direttore Sportivo di Ducati Corse, Mauro GRASSILI, Presidente di Ducati Japan, Matt LINDSTROM, buonasera e benvenuti nella Residenza dell\u2019Ambasciatore d\u2019Italia a Tokyo, una casa-museo della met\u00e0 degli anni sessanta che, con il suo storico giardino giapponese di epoca Edo, rappresenta in maniera simbolica [&hellip;]","protected":false},"author":6,"featured_media":0,"parent":272,"menu_order":0,"comment_status":"closed","ping_status":"closed","template":"","meta":{"footnotes":""},"class_list":["post-6793","page","type-page","status-publish","hentry"],"_links":{"self":[{"href":"https:\/\/ambtokyo.esteri.it\/it\/wp-json\/wp\/v2\/pages\/6793","targetHints":{"allow":["GET"]}}],"collection":[{"href":"https:\/\/ambtokyo.esteri.it\/it\/wp-json\/wp\/v2\/pages"}],"about":[{"href":"https:\/\/ambtokyo.esteri.it\/it\/wp-json\/wp\/v2\/types\/page"}],"author":[{"embeddable":true,"href":"https:\/\/ambtokyo.esteri.it\/it\/wp-json\/wp\/v2\/users\/6"}],"replies":[{"embeddable":true,"href":"https:\/\/ambtokyo.esteri.it\/it\/wp-json\/wp\/v2\/comments?post=6793"}],"version-history":[{"count":1,"href":"https:\/\/ambtokyo.esteri.it\/it\/wp-json\/wp\/v2\/pages\/6793\/revisions"}],"predecessor-version":[{"id":6795,"href":"https:\/\/ambtokyo.esteri.it\/it\/wp-json\/wp\/v2\/pages\/6793\/revisions\/6795"}],"up":[{"embeddable":true,"href":"https:\/\/ambtokyo.esteri.it\/it\/wp-json\/wp\/v2\/pages\/272"}],"wp:attachment":[{"href":"https:\/\/ambtokyo.esteri.it\/it\/wp-json\/wp\/v2\/media?parent=6793"}],"curies":[{"name":"wp","href":"https:\/\/api.w.org\/{rel}","templated":true}]}}