{"id":6815,"date":"2025-10-02T02:47:18","date_gmt":"2025-10-02T00:47:18","guid":{"rendered":"https:\/\/ambtokyo.esteri.it\/?page_id=6815"},"modified":"2025-10-02T02:47:18","modified_gmt":"2025-10-02T00:47:18","slug":"intervento-dellambasciatore-ditalia-gianluigi-benedetti-in-occasione-del-ricevimento-per-il-presidente-della-regione-piemonte-alberto-cirio-tokyo-1-ottobre-2025","status":"publish","type":"page","link":"https:\/\/ambtokyo.esteri.it\/it\/chi-siamo\/ambasciatore\/discorsi-dellambasciatore__trashed\/intervento-dellambasciatore-ditalia-gianluigi-benedetti-in-occasione-del-ricevimento-per-il-presidente-della-regione-piemonte-alberto-cirio-tokyo-1-ottobre-2025\/","title":{"rendered":"Intervento dell\u2019Ambasciatore d\u2019Italia Gianluigi Benedetti in occasione del ricevimento per il Presidente della Regione Piemonte, Alberto Cirio (Tokyo, 1 ottobre 2025)"},"content":{"rendered":"<p>Buongiorno a tutti, do il benvenuto a Tokyo al Presidente della Regione Piemonte Alberto Cirio, in occasione della sua visita in Giappone con tappe a Osaka per l\u2019EXPO e a Tokyo per incontri istituzionali.<\/p>\n<p>La visita del Presidente Cirio, insieme a quelle realizzate nel corso degli ultimi mesi da parte di altre Regioni, s\u2019inserisce nel contesto del Partenariato strategico tra Italia e Giappone, adottato dai Primi Ministri Meloni e Kishida nel gennaio del 2023, che ha rilanciato a 360 gradi le relazioni bilaterali.<\/p>\n<p>In perfetta coerenza con il Piano d\u2019Azione 2024-2027 che indica le azioni e gli obiettivi di medio termine per rafforzare concretamente i rapporti tra Italia e Giappone, la visita del Presidente e della delegazione del Piemonte si propone di accrescere la qualit\u00e0 e la profondit\u00e0 degli legami gi\u00e0 esistenti tra le istituzioni, le universit\u00e0 e le imprese della Regione e il Giappone. Considerate che il Piemonte e la quarta Regione italiana esportatrice in Giappone.<\/p>\n<p>Sono legami che esistono da anni e con storie di successo, come nel caso del gemellaggio tra Torino e Nagoya o nel caso degli accordi tra l\u2019Universit\u00e0 e il Politecnico di Torino con importanti universit\u00e0 giapponesi, oppure nel caso di importanti aziende piemontesi come Stellantis, Ferrero, Italdesign, Avio, Loro Piana, Zegna, Damiani e Lavazza, per citare le pi\u00f9 note.<\/p>\n<p>Tuttavia, anche oggi &#8211; anzi soprattutto oggi &#8211; il Giappone \u00e8 un Paese e un mercato con grandi potenzialit\u00e0 in moltissimi settori per il sistema Italia e il Governo centrale e quelli locali sono fermamente impegnati a promuovere e sostenere ogni possibile opportunit\u00e0 industriale, commerciale, scientifica, culturale e turistica che possa rafforzare l\u2019interdipendenza tra i nostri sistemi economici e i contatti tra i nostri cittadini.<\/p>\n<p>\u00c8 questo il senso della \u201cdiplomazia della crescita\u201d promossa dal Ministro Tajani che in questi giorni \u00e8 perfettamente messa in pratica in Giappone dalla delegazione piemontese.<\/p>\n<p>Lascio quindi la parola al Presidente Alberto Cirio, che ringrazio nuovamente per la sua importante missione in Giappone e per la sua graditissima presenza in Ambasciata.<\/p>\n","protected":false},"excerpt":{"rendered":"Buongiorno a tutti, do il benvenuto a Tokyo al Presidente della Regione Piemonte Alberto Cirio, in occasione della sua visita in Giappone con tappe a Osaka per l\u2019EXPO e a Tokyo per incontri istituzionali. La visita del Presidente Cirio, insieme a quelle realizzate nel corso degli ultimi mesi da parte di altre Regioni, s\u2019inserisce nel [&hellip;]","protected":false},"author":6,"featured_media":0,"parent":272,"menu_order":0,"comment_status":"closed","ping_status":"closed","template":"","meta":{"footnotes":""},"class_list":["post-6815","page","type-page","status-publish","hentry"],"_links":{"self":[{"href":"https:\/\/ambtokyo.esteri.it\/it\/wp-json\/wp\/v2\/pages\/6815","targetHints":{"allow":["GET"]}}],"collection":[{"href":"https:\/\/ambtokyo.esteri.it\/it\/wp-json\/wp\/v2\/pages"}],"about":[{"href":"https:\/\/ambtokyo.esteri.it\/it\/wp-json\/wp\/v2\/types\/page"}],"author":[{"embeddable":true,"href":"https:\/\/ambtokyo.esteri.it\/it\/wp-json\/wp\/v2\/users\/6"}],"replies":[{"embeddable":true,"href":"https:\/\/ambtokyo.esteri.it\/it\/wp-json\/wp\/v2\/comments?post=6815"}],"version-history":[{"count":1,"href":"https:\/\/ambtokyo.esteri.it\/it\/wp-json\/wp\/v2\/pages\/6815\/revisions"}],"predecessor-version":[{"id":6816,"href":"https:\/\/ambtokyo.esteri.it\/it\/wp-json\/wp\/v2\/pages\/6815\/revisions\/6816"}],"up":[{"embeddable":true,"href":"https:\/\/ambtokyo.esteri.it\/it\/wp-json\/wp\/v2\/pages\/272"}],"wp:attachment":[{"href":"https:\/\/ambtokyo.esteri.it\/it\/wp-json\/wp\/v2\/media?parent=6815"}],"curies":[{"name":"wp","href":"https:\/\/api.w.org\/{rel}","templated":true}]}}