{"id":6885,"date":"2025-10-10T03:34:30","date_gmt":"2025-10-10T01:34:30","guid":{"rendered":"https:\/\/ambtokyo.esteri.it\/?page_id=6885"},"modified":"2025-10-10T03:35:15","modified_gmt":"2025-10-10T01:35:15","slug":"intervento-dellambasciatore-ditalia-in-giappone-gianluigi-benedetti-in-occasione-delle-celebrazioni-della-giornata-nazionale-dello-sport-italiano-nel-mondo-tokyo-9-ottobre-2025","status":"publish","type":"page","link":"https:\/\/ambtokyo.esteri.it\/it\/chi-siamo\/ambasciatore\/discorsi-dellambasciatore__trashed\/intervento-dellambasciatore-ditalia-in-giappone-gianluigi-benedetti-in-occasione-delle-celebrazioni-della-giornata-nazionale-dello-sport-italiano-nel-mondo-tokyo-9-ottobre-2025\/","title":{"rendered":"Intervento dell\u2019Ambasciatore d\u2019Italia in Giappone, Gianluigi Benedetti, in occasione delle celebrazioni della Giornata Nazionale dello Sport italiano nel mondo (Tokyo, 9 ottobre 2025)"},"content":{"rendered":"<p>Presidente della Regione Lombardia, Attilio FONTANA, Presidente del Comitato Paralimpico giapponese Kazuyuki MORI, Presidente della SIR Susa Scai Perugia, Gino SIRCI, e della Suntory Sunbirds Osaka, Keisuke KURIHARA, Signore e signori, buonasera e benvenuti da parte mia e di mia moglie Sabina, nella Residenza dell\u2019Ambasciatore d\u2019Italia a Tokyo. Un luogo particolare, che con il suo antico giardino di epoca Edo e la <em>casa-museo<\/em>, della met\u00e0 degli anni sessanta rappresenta simbolicamente l\u2019incontro tra la cultura italiana e quella giapponese, nonch\u00e9 l\u2019amicizia che unisce i nostri Paesi.<\/p>\n<p>In questo straordinario luogo abbiamo il piacere di celebrare stasera la seconda \u201cGiornata dello sport italiano nel mondo\u201d. Questa ricorrenza, che si tiene a pochi giorni dalla giornata giapponese, <em>Sup\u014dtsu no hi<\/em>, di luned\u00ec prossimo, giunge in un momento particolarmente denso di avvenimenti sportivi in Giappone, che &#8211; come negli ultimi Campionati Mondiali di Atletica Leggera terminati appena due settimane fa &#8211; hanno visto protagonisti gli atleti italiani.<\/p>\n<p>L\u2019immagine di un\u2019Italia sportiva giovane e vincente, insieme al nostro inno nazionale, \u00e8 qui risuonata pi\u00f9 volte: dai trionfi delle Olimpiadi di Tokyo nell\u2019estate del 2021 alla recente vittoria del pilota della Ducati Pecco Bagnaia al Gran Premio di MotoGP di Motegi, lo sport italiano continua a mostrarsi in tutto il suo straordinario valore.<\/p>\n<p>Un valore che va al di l\u00e0 di quei tanti successi sportivi, che ci rendono orgogliosi come Nazione in Italia e ancor pi\u00f9 all\u2019estero, ma che assume una rilevanza ancora maggiore anche ai fini della promozione delle nostre aziende, dei nostri brand e del nostro <em>Made in Italy<\/em> nel mondo e, particolarmente, in un Paese importante come il Giappone.<\/p>\n<p>La \u201cdiplomazia dello sport\u201d, come l\u2019ha ribattezzata il nostro Ministro degli Esteri, Antonio Tajani, \u00e8 dunque diventata per tutta la rete diplomatico-consolare italiana nel mondo un potentissimo strumento di sostegno al nostro <em>export<\/em> e di promozione degli eventi sportivi di caratura internazionale che il nostro Paese ospita.<\/p>\n<p>Pensiamo ad esempio alle prossime Olimpiadi e Paralimpiadi Invernali di Milano-Cortina, che inizieranno il prossimo 6 febbraio 2026 e le cui torce olimpiche sono state svelate in occasione dell\u2019apertura del Padiglione Italia a Expo Osaka lo scorso 13 aprile dando inizio a sei mesi di straordinaria promozione dell\u2019immagine dell\u2019Italia in Giappone grazie all\u2019infaticabile e intelligente opera del Commissario Generale, amico e collega Mario Vattani.<\/p>\n<p>L\u2019Ambasciata d\u2019Italia e tutto il \u201cTeam Italia\u201d in Giappone sono protagonisti di questo nuovo modo di interpretare l\u2019azione diplomatica all\u2019insegna della diplomazia della crescita e, in tale ottica, abbiamo fortemente voluto quest\u2019anno dedicare la seconda giornata dello sport italiano nel mondo a Tokyo alla pallavolo.<\/p>\n<p>Uno sport che quest\u2019anno ha visto trionfare sia la Nazionale italiana maschile che quella femminile rispettivamente ai Campionati del mondo nelle Filippine e in Thailandia, portando altissimo il nome dell\u2019Italia nel mondo!<\/p>\n<p>Questa sera, siamo dunque davvero onorati di avere con noi due delle squadre pi\u00f9 importanti nel panorama della pallavolo globale: la SIR Susa Scai Perugia, campione d\u2019Italia e d\u2019Europa, e i Suntory Sunbirds Osaka, vincitori dell\u2019ultima <em>SV League<\/em> giapponese.<\/p>\n<p>Per questo, ci tengo a ringraziare i Presidenti di questi due prestigiosi club, Gino SIRCI e Keisuke KURIHARA, per essere qui in Ambasciata questa sera, insieme alle due squadre e alle loro stelle internazionali. Da tifosissimo della pallavolo che seguo insieme a mia figlia Gaia, tengo in particolare a dare il benvenuto a due campioni del mondo della Nazionale Italiana: il nostro capitano Simone GIANNELLI e Roberto RUSSO. Grazie ragazzi, ci avete fatto vivere emozioni uniche!<\/p>\n<p>Consentitemi di salutare anche il Capitano della Nazionale giapponese Yuki ISHIKAWA, che dallo scorso anno veste i colori della maglia del Perugia e che rappresenta il <em>testimonial<\/em> perfetto della profonda amicizia che lega i nostri due Paesi ed i nostri due popoli, non solo sul piano sportivo.<\/p>\n<p>Prima facevo cenno ai prossimi appuntamenti internazionali che l\u2019Italia si prepara ad ospitare e tra questi, in particolare, le Olimpiadi e Paralimpiadi Invernali di Milano-Cortina del prossimo anno.<\/p>\n<p>Si tratta di un evento molto importante per il nostro Paese, che \u2013 come ci dir\u00e0 a breve il Presidente della Regione Lombardia, Attilio Fontana, qui in visita ufficiale, che saluto e ringrazio per la sua presenza &#8211; sar\u00e0 una straordinaria occasione per mostrare ancora una volta al mondo la nostra capacit\u00e0 di organizzare grandi eventi e sar\u00e0 anche una splendida cartolina di promozione dei nostri territori, delle nostre montagne e della nostra bellissima Italia.<\/p>\n<p>Viva lo sport, viva la pallavolo, viva Milano-Cortina 2026, viva l\u2019amicizia tra Italia e Giappone!<\/p>\n","protected":false},"excerpt":{"rendered":"Presidente della Regione Lombardia, Attilio FONTANA, Presidente del Comitato Paralimpico giapponese Kazuyuki MORI, Presidente della SIR Susa Scai Perugia, Gino SIRCI, e della Suntory Sunbirds Osaka, Keisuke KURIHARA, Signore e signori, buonasera e benvenuti da parte mia e di mia moglie Sabina, nella Residenza dell\u2019Ambasciatore d\u2019Italia a Tokyo. Un luogo particolare, che con il suo [&hellip;]","protected":false},"author":6,"featured_media":0,"parent":272,"menu_order":0,"comment_status":"closed","ping_status":"closed","template":"","meta":{"footnotes":""},"class_list":["post-6885","page","type-page","status-publish","hentry"],"_links":{"self":[{"href":"https:\/\/ambtokyo.esteri.it\/it\/wp-json\/wp\/v2\/pages\/6885","targetHints":{"allow":["GET"]}}],"collection":[{"href":"https:\/\/ambtokyo.esteri.it\/it\/wp-json\/wp\/v2\/pages"}],"about":[{"href":"https:\/\/ambtokyo.esteri.it\/it\/wp-json\/wp\/v2\/types\/page"}],"author":[{"embeddable":true,"href":"https:\/\/ambtokyo.esteri.it\/it\/wp-json\/wp\/v2\/users\/6"}],"replies":[{"embeddable":true,"href":"https:\/\/ambtokyo.esteri.it\/it\/wp-json\/wp\/v2\/comments?post=6885"}],"version-history":[{"count":1,"href":"https:\/\/ambtokyo.esteri.it\/it\/wp-json\/wp\/v2\/pages\/6885\/revisions"}],"predecessor-version":[{"id":6888,"href":"https:\/\/ambtokyo.esteri.it\/it\/wp-json\/wp\/v2\/pages\/6885\/revisions\/6888"}],"up":[{"embeddable":true,"href":"https:\/\/ambtokyo.esteri.it\/it\/wp-json\/wp\/v2\/pages\/272"}],"wp:attachment":[{"href":"https:\/\/ambtokyo.esteri.it\/it\/wp-json\/wp\/v2\/media?parent=6885"}],"curies":[{"name":"wp","href":"https:\/\/api.w.org\/{rel}","templated":true}]}}