{"id":6893,"date":"2025-10-13T02:10:58","date_gmt":"2025-10-13T00:10:58","guid":{"rendered":"https:\/\/ambtokyo.esteri.it\/?page_id=6893"},"modified":"2025-10-13T02:10:58","modified_gmt":"2025-10-13T00:10:58","slug":"intervento-dellambasciatore-ditalia-gianluigi-benedetti-in-occasione-della-conferenza-stampa-di-presentazione-della-mostra-latlante-farnese-e-i-tesori-del-padiglion","status":"publish","type":"page","link":"https:\/\/ambtokyo.esteri.it\/it\/chi-siamo\/ambasciatore\/discorsi-dellambasciatore__trashed\/intervento-dellambasciatore-ditalia-gianluigi-benedetti-in-occasione-della-conferenza-stampa-di-presentazione-della-mostra-latlante-farnese-e-i-tesori-del-padiglion\/","title":{"rendered":"Intervento dell\u2019Ambasciatore d\u2019Italia Gianluigi Benedetti in occasione della conferenza stampa di presentazione della mostra \u201cL\u2019Atlante Farnese e i tesori del Padiglione Italia all\u2019Expo di Osaka 2025\u201d (Osaka, 10 ottobre 2025)"},"content":{"rendered":"<p>Autorit\u00e0, amici del Giappone e dell\u2019Italia, Signore e Signori, desidero anzitutto ringraziare <strong>il Padiglione Italia e<\/strong> <strong>Osaka City Museum of Fine Arts<\/strong> per l\u2019ospitalit\u00e0 e per aver reso possibile questa straordinaria mostra che racchiude alcune delle gemme pi\u00f9 preziose del Padiglione Italia a Expo 2025.<\/p>\n<p>&nbsp;<\/p>\n<p><strong>Successo Expo Osaka 2025<\/strong><\/p>\n<p>Expo Osaka 2025 ha rappresentato per l\u2019Italia una vetrina irripetibile: la <strong>partecipazione record di visitatori<\/strong> al nostro Padiglione, tra i pi\u00f9 apprezzati e visitati della manifestazione, testimonia la forza del nostro messaggio e l\u2019attrazione universale esercitata dalla cultura italiana. Non solo il Padiglione \u00e8 stato riconosciuto dalla stampa giapponese e da autorevoli riviste internazionali per la sua capacit\u00e0 di coniugare arte, scienza e innovazione, ma \u00e8 diventato <strong>motore di diplomazia economica<\/strong>, con centinaia di eventi, nuove partnership commerciali e iniziative di business networking che hanno favorito la promozione di imprese e cultura italiana in Giappone. Questi risultati rafforzano la convinzione che l\u2019Expo sia stata una leva strategica fondamentale per la crescita dei nostri rapporti bilaterali.<\/p>\n<p>&nbsp;<\/p>\n<p><strong>Partenariato Strategico Italia-Giappone e Piano d\u2019Azione<\/strong><\/p>\n<p>L\u2019Italia e il Giappone hanno elevato la loro partnership a un livello di autentico partenariato strategico dal 2023, impostando un dialogo avanzato su sicurezza, economia, cultura, scienza e tecnologia. Il <strong>Piano d\u2019Azione Italia-Giappone 2024-2027 rappresenta lo strumento operativo di questa alleanza<\/strong>, puntando a intensificare i contatti istituzionali, i partenariati industriali, la cooperazione nel settore della sicurezza, gli scambi culturali e scientifici e i rapporti people-to-people per arricchire e approfondire la relazione tra i nostri Paesi.<\/p>\n<p>&nbsp;<\/p>\n<p><strong>Pilastro Culturale e People-to-People<\/strong><\/p>\n<p>Il <strong>pilastro culturale resta uno dei capisaldi delle relazioni italo-giapponesi<\/strong>. La fitta rete di scambi accademici, artistici e people-to-people gi\u00e0 esistente ha trovato nell\u2019Expo e nella mostra \u201cL\u2019Atlante Farnese e i tesori del Padiglione Italia\u201d occasioni privilegiate per favorire il dialogo, la conoscenza reciproca e la condivisione dei valori universali che uniscono le nostre civilt\u00e0. Settimane tematiche, eventi musicali, partnership tra istituzioni e universit\u00e0 sono segni tangibili di una relazione viva, partecipata e proiettata verso il futuro.<\/p>\n<p>&nbsp;<\/p>\n<p><strong>Rinnovata attenzione per l\u2019arte italiana<\/strong><\/p>\n<p>In particolare, la mostra qui esposta celebra la bellezza e la profondit\u00e0 della nostra cultura: l\u2019Atlante Farnese, il Cristo Risorto di Michelangelo, il Gonfalone della Giustizia del Perugino e i disegni del Codex Atlanticus di Leonardo sono capolavori in grado di <strong>suscitare emozione, ispirazione e dialogo interculturale<\/strong>. Il loro successo conferma una rinnovata attenzione del pubblico giapponese per il patrimonio artistico italiano e la sua capacit\u00e0 di proiettare idee nuove e collaborazioni inedite.<\/p>\n<p>&nbsp;<\/p>\n<p><strong>Musei prestatori delle opere<\/strong><\/p>\n<p>Ringrazio di cuore i prestigiosi musei italiani che hanno reso possibile questa impresa: il <strong>Museo Archeologico Nazionale di Napoli<\/strong> (Atlante Farnese), la <strong>Galleria Nazionale dell\u2019Umbria<\/strong> (Perugino), la <strong>Biblioteca Ambrosiana di Milano<\/strong> (Codex Atlanticus di Leonardo da Vinci) sono istituzioni che con generosit\u00e0 e visione contribuiscono a portare nel mondo la grandezza della nostra cultura. La loro collaborazione, pilastro del sistema museale italiano, testimonia il ruolo fondamentale delle istituzioni museali nella promozione internazionale dell\u2019arte e nel rafforzamento del dialogo tra i popoli.<\/p>\n<p>&nbsp;<\/p>\n<p><strong>Opportunit\u00e0 per l\u2019internazionalizzazione dei musei italiani<\/strong><\/p>\n<p>L\u2019esperienza di Expo e di questa mostra offre un <strong>modello virtuoso di diplomazia culturale <\/strong>e collaborazione internazionale. Ha aperto nuove opportunit\u00e0 di dialogo tra musei italiani e giapponesi, favorendo la <strong>creazione di reti di prestito<\/strong> opere, mostre condivise, progetti educativi e iniziative di digitalizzazione delle collezioni. Promuovere la <strong>circolazione delle eccellenze e la visibilit\u00e0 globale delle nostre collezioni <\/strong>rafforza l\u2019identit\u00e0 dell\u2019Italia nei circuiti internazionali dell\u2019arte, stimola la ricerca e accresce la consapevolezza del valore universale del nostro patrimonio.<\/p>\n<p>&nbsp;<\/p>\n<p>Grazie di cuore a tutti per il sostegno, la passione e la visione condivisa che rendono possibile tutto questo.<\/p>\n<p>&nbsp;<\/p>\n","protected":false},"excerpt":{"rendered":"Autorit\u00e0, amici del Giappone e dell\u2019Italia, Signore e Signori, desidero anzitutto ringraziare il Padiglione Italia e Osaka City Museum of Fine Arts per l\u2019ospitalit\u00e0 e per aver reso possibile questa straordinaria mostra che racchiude alcune delle gemme pi\u00f9 preziose del Padiglione Italia a Expo 2025. &nbsp; Successo Expo Osaka 2025 Expo Osaka 2025 ha rappresentato [&hellip;]","protected":false},"author":6,"featured_media":0,"parent":272,"menu_order":0,"comment_status":"closed","ping_status":"closed","template":"","meta":{"footnotes":""},"class_list":["post-6893","page","type-page","status-publish","hentry"],"_links":{"self":[{"href":"https:\/\/ambtokyo.esteri.it\/it\/wp-json\/wp\/v2\/pages\/6893","targetHints":{"allow":["GET"]}}],"collection":[{"href":"https:\/\/ambtokyo.esteri.it\/it\/wp-json\/wp\/v2\/pages"}],"about":[{"href":"https:\/\/ambtokyo.esteri.it\/it\/wp-json\/wp\/v2\/types\/page"}],"author":[{"embeddable":true,"href":"https:\/\/ambtokyo.esteri.it\/it\/wp-json\/wp\/v2\/users\/6"}],"replies":[{"embeddable":true,"href":"https:\/\/ambtokyo.esteri.it\/it\/wp-json\/wp\/v2\/comments?post=6893"}],"version-history":[{"count":1,"href":"https:\/\/ambtokyo.esteri.it\/it\/wp-json\/wp\/v2\/pages\/6893\/revisions"}],"predecessor-version":[{"id":6895,"href":"https:\/\/ambtokyo.esteri.it\/it\/wp-json\/wp\/v2\/pages\/6893\/revisions\/6895"}],"up":[{"embeddable":true,"href":"https:\/\/ambtokyo.esteri.it\/it\/wp-json\/wp\/v2\/pages\/272"}],"wp:attachment":[{"href":"https:\/\/ambtokyo.esteri.it\/it\/wp-json\/wp\/v2\/media?parent=6893"}],"curies":[{"name":"wp","href":"https:\/\/api.w.org\/{rel}","templated":true}]}}