{"id":6920,"date":"2025-10-27T03:51:23","date_gmt":"2025-10-27T02:51:23","guid":{"rendered":"https:\/\/ambtokyo.esteri.it\/?page_id=6920"},"modified":"2025-10-27T03:51:23","modified_gmt":"2025-10-27T02:51:23","slug":"intervento-dellambasciatore-ditalia-gianluigi-benedetti-allinaugurazione-della-mostra-latlante-farnese-e-i-tesori-del-padiglione-italia-allexpo-di","status":"publish","type":"page","link":"https:\/\/ambtokyo.esteri.it\/it\/chi-siamo\/ambasciatore\/discorsi-dellambasciatore__trashed\/intervento-dellambasciatore-ditalia-gianluigi-benedetti-allinaugurazione-della-mostra-latlante-farnese-e-i-tesori-del-padiglione-italia-allexpo-di\/","title":{"rendered":"Intervento dell\u2019Ambasciatore d\u2019Italia Gianluigi Benedetti all\u2019inaugurazione della mostra \u201cL\u2019Atlante Farnese e i tesori del Padiglione Italia all\u2019Expo di Osaka 2025\u201d (Osaka, 24 ottobre 2025)"},"content":{"rendered":"<p>Autorit\u00e0, amici del Giappone e dell\u2019Italia, signore e signori, \u00e8 per me un grande onore inaugurare oggi, insieme a voi, questa straordinaria mostra che riunisce alcuni dei capolavori pi\u00f9 emblematici del Padiglione Italia all\u2019Expo di Osaka 2025.<\/p>\n<p>Desidero anzitutto salutare il Commissario Generale del Padiglione Italia, amico e collega Ambasciatore Mario Vattani, il Direttore dell\u2019Osaka City Museum of Fine Arts, Sakae Naito, la Managing Director di Asahi Shimbun, Reiko\u00a0Horikoshi e il Vice Sindaco di Osaka Tsuyoshi Yamamoto. Complimenti vivissimi a tutti per questa iniziativa di altissimo valore culturale!<\/p>\n<p>Expo Osaka 2025 ha rappresentato per il nostro Paese una vetrina di eccezionale successo. Il Padiglione Italia, il pi\u00f9 popolare e tra i pi\u00f9 visitati e apprezzati dell\u2019Esposizione, ha incarnato la nostra idea di futuro: un futuro costruito sulla bellezza, l\u2019innovazione e la sostenibilit\u00e0. La risposta entusiasta del pubblico giapponese \u00e8 per noi motivo di orgoglio e di incoraggiamento a proseguire nella direzione di una diplomazia culturale viva, partecipata e creativa.<\/p>\n<p>Come sapete, dal 2023 Italia e Giappone sono legati da un Partenariato Strategico e in questa cornice un Piano d\u2019Azione fissa gli obiettivi principali fino al 2027 per rafforzare la collaborazione nei settori della sicurezza, della cooperazione economica, in quella scientifica e tecnologica e in quella culturale.<\/p>\n<p>La mostra che inauguriamo oggi si inserisce in questo percorso e ci accompagna fino all\u2019inizio del 2026, di fatto aprendo le celebrazioni del centosessantesimo anniversario delle relazioni diplomatiche tra Italia e Giappone.<\/p>\n<p>Non potevamo iniziare queste celebrazioni nel modo migliore. Infatti all\u2019inizio dell\u2019era Meiji, nei primissimi anni della nostra storia comune, furono proprio importanti maestri italiani &#8211; cito in particolare Felice Beato, Edoardo Chiossone, Antonio Fontanesi e Vincenzo Ragusa &#8211; a portare in Giappone le conoscenze e le tradizioni artistiche italiane.<\/p>\n<p>Da allora abbiamo assistito senza sosta a una straordinaria fioritura di scambi culturali, dalla musica alle arti figurative, dall\u2019architettura al teatro e le numerose iniziative sviluppate intorno all\u2019Expo hanno rafforzato questa presenza culturale italiana in Giappone e creato nuove occasioni e opportunit\u00e0 di collaborazione e questa bellissima mostra, che \u00e8 gi\u00e0 tutta esaurita prima ancora di aprire i battenti, ne \u00e8 un chiarissimo esempio.<\/p>\n<p>Vorrei ringraziare il Ministero della Cultura italiano e i Musei prestatori \u2013 il Museo Archeologico Nazionale di Napoli, la Galleria Nazionale dell\u2019Umbria e la Biblioteca Ambrosiana di Milano \u2013 per la generosit\u00e0 e la visione con cui hanno partecipato a questa straordinaria azione di diplomazia culturale e di promozione internazionale delle straordinarie tradizioni artistiche e scientifiche italiane.<\/p>\n<p>Rivolgo un ringraziamento particolare al Commissario Generale per il Padiglione Italia che ha concepito e realizzato un\u2019iniziativa che non solo riafferma la funzione della cultura come ponte tra i nostri Paesi e i nostri popoli, ma apre la strada a future collaborazioni congiunte tra musei e istituzioni italiane e giapponesi.<\/p>\n<p>Tengo infine a esprimere la mia gratitudine pi\u00f9 profonda a tutti gli amici giapponesi che hanno reso possibile questa straordinaria avventura, a tutti voi che questa sera siete qui presenti e a tutti i visitatori che affolleranno queste sale nei prossimi mesi. La bellezza dell\u2019arte italiana trova in Giappone un pubblico colto, sensibile e curioso: \u00e8 nei vostri occhi, nella vostra attenzione e nel vostro entusiasmo che il messaggio dell\u2019Italia trova la sua eco pi\u00f9 autentica.<\/p>\n<p>Grazie a tutti, arigat\u014d gozaimasu.<\/p>\n","protected":false},"excerpt":{"rendered":"Autorit\u00e0, amici del Giappone e dell\u2019Italia, signore e signori, \u00e8 per me un grande onore inaugurare oggi, insieme a voi, questa straordinaria mostra che riunisce alcuni dei capolavori pi\u00f9 emblematici del Padiglione Italia all\u2019Expo di Osaka 2025. Desidero anzitutto salutare il Commissario Generale del Padiglione Italia, amico e collega Ambasciatore Mario Vattani, il Direttore dell\u2019Osaka [&hellip;]","protected":false},"author":6,"featured_media":0,"parent":272,"menu_order":0,"comment_status":"closed","ping_status":"closed","template":"","meta":{"footnotes":""},"class_list":["post-6920","page","type-page","status-publish","hentry"],"_links":{"self":[{"href":"https:\/\/ambtokyo.esteri.it\/it\/wp-json\/wp\/v2\/pages\/6920","targetHints":{"allow":["GET"]}}],"collection":[{"href":"https:\/\/ambtokyo.esteri.it\/it\/wp-json\/wp\/v2\/pages"}],"about":[{"href":"https:\/\/ambtokyo.esteri.it\/it\/wp-json\/wp\/v2\/types\/page"}],"author":[{"embeddable":true,"href":"https:\/\/ambtokyo.esteri.it\/it\/wp-json\/wp\/v2\/users\/6"}],"replies":[{"embeddable":true,"href":"https:\/\/ambtokyo.esteri.it\/it\/wp-json\/wp\/v2\/comments?post=6920"}],"version-history":[{"count":1,"href":"https:\/\/ambtokyo.esteri.it\/it\/wp-json\/wp\/v2\/pages\/6920\/revisions"}],"predecessor-version":[{"id":6921,"href":"https:\/\/ambtokyo.esteri.it\/it\/wp-json\/wp\/v2\/pages\/6920\/revisions\/6921"}],"up":[{"embeddable":true,"href":"https:\/\/ambtokyo.esteri.it\/it\/wp-json\/wp\/v2\/pages\/272"}],"wp:attachment":[{"href":"https:\/\/ambtokyo.esteri.it\/it\/wp-json\/wp\/v2\/media?parent=6920"}],"curies":[{"name":"wp","href":"https:\/\/api.w.org\/{rel}","templated":true}]}}