{"id":7078,"date":"2025-11-10T07:08:23","date_gmt":"2025-11-10T06:08:23","guid":{"rendered":"https:\/\/ambtokyo.esteri.it\/?page_id=7078"},"modified":"2025-11-10T07:08:23","modified_gmt":"2025-11-10T06:08:23","slug":"intervento-dellambasciatore-ditalia-gianluigi-benedetti-alla-conferenza-italian-design-day-2025-il-policarbonato-come-materia-poetica-tokyo-5-novembre-2","status":"publish","type":"page","link":"https:\/\/ambtokyo.esteri.it\/it\/chi-siamo\/ambasciatore\/discorsi-dellambasciatore__trashed\/intervento-dellambasciatore-ditalia-gianluigi-benedetti-alla-conferenza-italian-design-day-2025-il-policarbonato-come-materia-poetica-tokyo-5-novembre-2\/","title":{"rendered":"Intervento dell\u2019Ambasciatore d\u2019Italia Gianluigi Benedetti Alla conferenza \u201cItalian Design Day 2025 \u2013 Il policarbonato come materia poetica\u201d (Tokyo, 5 novembre 2025)"},"content":{"rendered":"<p>Gentili Signore, gentili Signori, \u00e8 con grande piacere che festeggiamo oggi la Giornata del Design italiano nel mondo. Desidero innanzitutto ringraziare la Direttrice dell\u2019Istituto Italiano di Cultura, Silvana De Maio, per la generosa ospitalit\u00e0 e per l\u2019impegno con cui sostiene la promozione della cultura italiana in Giappone.<\/p>\n<p>Sono lieto di celebrare insieme a tutti voi l\u2019edizione 2025 di un appuntamento \u2013 l\u2019Italian Design Day \u2013 che ogni anno unisce idealmente il mondo intero nel nome della creativit\u00e0 e dell\u2019ingegno italiani.<\/p>\n<p>Il design \u00e8 una delle arti pi\u00f9 autentiche e riconoscibili del nostro Paese. \u00c8 il frutto della nostra lunga tradizione artistica, ingegneristica e artigianale e, oggi pi\u00f9 che mai, il risultato di una costante ricerca di equilibrio tra funzionalit\u00e0, estetica e innovazione per rispondere alle esigenze di una societ\u00e0 pi\u00f9 esigente, ma anche pi\u00f9 attenta alla sostenibilit\u00e0 ambientale.<\/p>\n<p>La Giornata del Design italiano, promossa dal Ministero degli Affari Esteri, ha l\u2019obiettivo di valorizzare tutto l\u2019ecosistema di creativit\u00e0 e competenza del design italiano che ha un impatto significativo sia culturale sia economico: dai designer agli architetti, dai laboratori alle universit\u00e0, dagli artigiani alle industrie, dall\u2019editoria alle piattaforme espositive.<\/p>\n<p>Ogni anno, designer, progettisti, aziende e istituzioni portano nel mondo i valori di un\u2019Italia che continua a distinguersi per originalit\u00e0, visione e qualit\u00e0 e questa sera abbiamo il piacere di accogliere Jacopo Foggini, artista e designer che, con grande sensibilit\u00e0, ha saputo far dialogare la tecnica industriale con l\u2019immaginazione poetica.<\/p>\n<p>Nelle sue mani, il policarbonato \u2013 materiale contemporaneo e tecnologico \u2013 diventa luce, trasparenza e colore, trasformandosi in un mezzo espressivo capace di evocare emozioni, di raccontare spazi e di ridefinire la percezione della materia. La sua ricerca dimostra come il design possa essere, al tempo stesso, gesto tecnico e visione artistica.<\/p>\n<p>In Giappone, questo tema assume un valore ancora pi\u00f9 significativo. Italia e Giappone condividono una stessa attenzione per la qualit\u00e0 del lavoro, per la precisione dei dettagli e per la bellezza che nasce dall\u2019armonia tra forma e funzione. Questo dialogo creativo tra le nostre due culture continua a generare esperienze e collaborazioni che arricchiscono entrambi i Paesi e rafforzano i legami tra le nostre comunit\u00e0.<\/p>\n<p>Desidero esprimere un sincero ringraziamento a Jacopo Foggini per la sua presenza e per aver condiviso con noi la sua visione, allo staff dell\u2019Istituto Italiano di Cultura per l\u2019impeccabile organizzazione e a tutti coloro che sostengono, con passione, la diffusione del design e della cultura italiana in Giappone.<\/p>\n","protected":false},"excerpt":{"rendered":"Gentili Signore, gentili Signori, \u00e8 con grande piacere che festeggiamo oggi la Giornata del Design italiano nel mondo. Desidero innanzitutto ringraziare la Direttrice dell\u2019Istituto Italiano di Cultura, Silvana De Maio, per la generosa ospitalit\u00e0 e per l\u2019impegno con cui sostiene la promozione della cultura italiana in Giappone. Sono lieto di celebrare insieme a tutti voi [&hellip;]","protected":false},"author":6,"featured_media":0,"parent":272,"menu_order":0,"comment_status":"closed","ping_status":"closed","template":"","meta":{"footnotes":""},"class_list":["post-7078","page","type-page","status-publish","hentry"],"_links":{"self":[{"href":"https:\/\/ambtokyo.esteri.it\/it\/wp-json\/wp\/v2\/pages\/7078","targetHints":{"allow":["GET"]}}],"collection":[{"href":"https:\/\/ambtokyo.esteri.it\/it\/wp-json\/wp\/v2\/pages"}],"about":[{"href":"https:\/\/ambtokyo.esteri.it\/it\/wp-json\/wp\/v2\/types\/page"}],"author":[{"embeddable":true,"href":"https:\/\/ambtokyo.esteri.it\/it\/wp-json\/wp\/v2\/users\/6"}],"replies":[{"embeddable":true,"href":"https:\/\/ambtokyo.esteri.it\/it\/wp-json\/wp\/v2\/comments?post=7078"}],"version-history":[{"count":1,"href":"https:\/\/ambtokyo.esteri.it\/it\/wp-json\/wp\/v2\/pages\/7078\/revisions"}],"predecessor-version":[{"id":7084,"href":"https:\/\/ambtokyo.esteri.it\/it\/wp-json\/wp\/v2\/pages\/7078\/revisions\/7084"}],"up":[{"embeddable":true,"href":"https:\/\/ambtokyo.esteri.it\/it\/wp-json\/wp\/v2\/pages\/272"}],"wp:attachment":[{"href":"https:\/\/ambtokyo.esteri.it\/it\/wp-json\/wp\/v2\/media?parent=7078"}],"curies":[{"name":"wp","href":"https:\/\/api.w.org\/{rel}","templated":true}]}}