{"id":7137,"date":"2025-11-17T07:26:53","date_gmt":"2025-11-17T06:26:53","guid":{"rendered":"https:\/\/ambtokyo.esteri.it\/?page_id=7137"},"modified":"2025-11-17T07:26:53","modified_gmt":"2025-11-17T06:26:53","slug":"intervento-dellambasciatore-ditalia-gianluigi-benedetti-in-occasione-della-cerimonia-di-conferimento-delle-onorificenze-della-repubblica-italiana-tokyo-14-novembre-2025","status":"publish","type":"page","link":"https:\/\/ambtokyo.esteri.it\/it\/chi-siamo\/ambasciatore\/discorsi-dellambasciatore__trashed\/intervento-dellambasciatore-ditalia-gianluigi-benedetti-in-occasione-della-cerimonia-di-conferimento-delle-onorificenze-della-repubblica-italiana-tokyo-14-novembre-2025\/","title":{"rendered":"Intervento dell\u2019Ambasciatore d\u2019Italia, Gianluigi Benedetti in occasione della cerimonia di conferimento delle onorificenze della Repubblica Italiana (Tokyo, 14 novembre 2025)"},"content":{"rendered":"<p>Cari ospiti, signore e signori, benvenuti nell\u2019Ambasciata d\u2019Italia. Per me e mia moglie Sabina \u00e8 un grande onore accogliervi in questa bellissima Residenza contornata da uno storico giardino giapponese, un luogo unico che rappresenta simbolicamente l\u2019incontro tra la cultura italiana e quella giapponese, nonch\u00e9 l\u2019amicizia che da sempre unisce i nostri Paesi.<\/p>\n<p>La cerimonia di oggi \u00e8 un\u2019occasione solenne, dedicata alla consegna delle onorificenze della Repubblica Italiana, conferite su decisione del Presidente della Repubblica Sergio Mattarella, ad alcuni italiani e giapponesi che si sono distinti per il loro eccezionale contributo al rafforzamento delle relazioni tra l\u2019Italia e il Giappone.<\/p>\n<p>In particolare, oggi celebriamo i meriti di personalit\u00e0 di assoluto rilievo, che con il loro talento, la loro dedizione e il loro spirito di iniziativa hanno promosso i rapporti di amicizia, collaborazione e scambio tra Italia e Giappone, distinguendosi in maniera particolare per l\u2019importanza del loro lavoro al fine del rafforzamento delle relazioni bilaterali tra i nostri Paesi.<\/p>\n<p>A Toshihiko Hamada consegno il titolo di Cavaliere dell\u2019Ordine al Merito della Repubblica Italiana per il suo straordinario contributo alla cooperazione economica tra Italia e Giappone. Sotto la sua guida, la Nippon Sanso Holdings ha investito oltre un miliardo di euro in Italia, creando pi\u00f9 di 1.300 posti di lavoro e avviando nuovi progetti industriali nei settori dei gas medici e dei gas alimentari. La sua visione d\u2019impresa ha rafforzato la presenza industriale giapponese in Italia e contribuito in modo decisivo alla crescita economica e all\u2019innovazione, anche durante i momenti pi\u00f9 difficili della pandemia.<\/p>\n<p>A Hidenobu Jinnai consegno il titolo di Commendatore dell\u2019Ordine al Merito della Repubblica Italiana per la sua instancabile attivit\u00e0 di promozione della cultura italiana nel mondo accademico giapponese. Il Professor Jinnai ha dedicato la sua carriera alla valorizzazione del patrimonio architettonico e urbano italiano, diffondendo in Giappone la conoscenza delle nostre pratiche di restauro e conservazione. Le sue ricerche, tra cui quella condotta insieme sul giardino storico dell\u2019Ambasciata, testimoniano la profondit\u00e0 del suo legame con l\u2019Italia.<\/p>\n<p>A Hiroshi Kamiya consegno il titolo di Cavaliere dell\u2019Ordine della Stella d\u2019Italia per il suo eccezionale contributo nei campi dell\u2019architettura sostenibile, dell\u2019ingegneria ambientale e della tutela del paesaggio. Grazie all\u2019esperienza di una carriera lunga e prestigiosa, il Professor Kamiya ha svolto un ruolo fondamentale nella conservazione del patrimonio naturalistico del giardino storico dell\u2019Ambasciata, consentendo a questo ecosistema di adattarsi ai cambiamenti e di essere pi\u00f9 fruibile al pubblico.<\/p>\n<p>A Masayuki Kobayashi consegno il titolo di Ufficiale dell\u2019Ordine della Stella d\u2019Italia per la sua appassionata opera di diffusione dell\u2019opera lirica italiana in Giappone. Come organizzatore e promotore culturale, ha portato sui palcoscenici giapponesi alcune delle pi\u00f9 importanti istituzioni teatrali italiane, tra cui il Teatro Massimo di Palermo e il Teatro Comunale di Bologna, contribuendo a far conoscere al pubblico giapponese l\u2019eccellenza della nostra tradizione musicale.<\/p>\n<p>A Shiro Nakamura consegno il titolo di Cavaliere dell\u2019Ordine della Stella d\u2019Italia per il suo contributo alla promozione dell\u2019arte e della cultura italiana in Giappone. Attraverso la sua leadership in Asahi Shimbun, ha reso possibili mostre di grandissimo rilievo, come quella dedicata alle terme dell\u2019Antcia Roma e quella su Giorgio de Chirico. Il suo impegno ha permesso di rafforzare i legami culturali e di far conoscere al pubblico giapponese la ricchezza delle nostre espressioni artistiche.<\/p>\n<p>A Hiroshi Okawa consegno il titolo di Ufficiale dell\u2019Ordine della Stella d\u2019Italia per la sua passione e dedizione nella promozione dei prodotti italiani in Giappone. Alla guida di Japan Salt, ha ampliato l\u2019importazione di eccellenze enogastronomiche italiane, contribuendo alla diffusione della nostra cultura del gusto. Okawa san partecipa da anni con entusiasmo alle iniziative dell\u2019Ambasciata e ha sostenuto con generosit\u00e0 i lavori di recupero dei giardini della Residenza, simbolo tangibile dell\u2019amicizia tra i nostri Paesi.<\/p>\n<p>A Danilo Parini consegno il titolo di Cavaliere dell\u2019Ordine della Stella d\u2019Italia per il ruolo fondamentale svolto nello sviluppo dei rapporti industriali tra Italia e Giappone. Grazie alla sua opera, \u00e8 stata in particolare avviata la partnership strategica tra De Nora e Asahi Kasei per la produzione di elettrolizzatori per idrogeno verde, dando impulso alla transizione energetica e all\u2019innovazione tecnologica in un settore decisivo per il futuro sostenibile dei nostri Paesi.<\/p>\n<p>A Shoei Utsuda consegno il titolo di Cavaliere dell\u2019Ordine della Stella d\u2019Italia per il suo meritorio impegno nella promozione delle arti performative italiane in Giappone. Sotto la sua direzione, la Japan Performing Arts Foundation ha accolto tourn\u00e9e di prestigiosi teatri italiani, tra cui l\u2019Opera di Roma e la Scala di Milano. Il suo contributo all\u2019organizzazione del recital di Vittorio Grig\u00f2lo in occasione della visita ufficiale del Presidente della Repubblica nel marzo scorso rappresenta un ulteriore segno della sua profonda amicizia verso l\u2019Italia.<\/p>\n<p>Cari amici, sono profondamente orgoglioso di rendere omaggio oggi a ciascuno di voi. Il vostro impegno, la vostra creativit\u00e0 e la vostra dedizione rappresentano il volto pi\u00f9 autentico della cooperazione tra Italia e Giappone. Vi esprimo la mia pi\u00f9 sincera ammirazione, la stima profonda che l\u2019Italia nutre nei vostri confronti e l\u2019augurio che questi riconoscimenti siano fonte di rinnovato entusiasmo e di ulteriori successi.<\/p>\n<p>Congratulazioni vivissime!<\/p>\n","protected":false},"excerpt":{"rendered":"Cari ospiti, signore e signori, benvenuti nell\u2019Ambasciata d\u2019Italia. Per me e mia moglie Sabina \u00e8 un grande onore accogliervi in questa bellissima Residenza contornata da uno storico giardino giapponese, un luogo unico che rappresenta simbolicamente l\u2019incontro tra la cultura italiana e quella giapponese, nonch\u00e9 l\u2019amicizia che da sempre unisce i nostri Paesi. La cerimonia di [&hellip;]","protected":false},"author":6,"featured_media":0,"parent":272,"menu_order":0,"comment_status":"closed","ping_status":"closed","template":"","meta":{"footnotes":""},"class_list":["post-7137","page","type-page","status-publish","hentry"],"_links":{"self":[{"href":"https:\/\/ambtokyo.esteri.it\/it\/wp-json\/wp\/v2\/pages\/7137","targetHints":{"allow":["GET"]}}],"collection":[{"href":"https:\/\/ambtokyo.esteri.it\/it\/wp-json\/wp\/v2\/pages"}],"about":[{"href":"https:\/\/ambtokyo.esteri.it\/it\/wp-json\/wp\/v2\/types\/page"}],"author":[{"embeddable":true,"href":"https:\/\/ambtokyo.esteri.it\/it\/wp-json\/wp\/v2\/users\/6"}],"replies":[{"embeddable":true,"href":"https:\/\/ambtokyo.esteri.it\/it\/wp-json\/wp\/v2\/comments?post=7137"}],"version-history":[{"count":1,"href":"https:\/\/ambtokyo.esteri.it\/it\/wp-json\/wp\/v2\/pages\/7137\/revisions"}],"predecessor-version":[{"id":7140,"href":"https:\/\/ambtokyo.esteri.it\/it\/wp-json\/wp\/v2\/pages\/7137\/revisions\/7140"}],"up":[{"embeddable":true,"href":"https:\/\/ambtokyo.esteri.it\/it\/wp-json\/wp\/v2\/pages\/272"}],"wp:attachment":[{"href":"https:\/\/ambtokyo.esteri.it\/it\/wp-json\/wp\/v2\/media?parent=7137"}],"curies":[{"name":"wp","href":"https:\/\/api.w.org\/{rel}","templated":true}]}}