{"id":7504,"date":"2026-01-28T01:41:01","date_gmt":"2026-01-28T00:41:01","guid":{"rendered":"https:\/\/ambtokyo.esteri.it\/?page_id=7504"},"modified":"2026-01-28T01:41:01","modified_gmt":"2026-01-28T00:41:01","slug":"intervento-dellambasciatore-ditalia-gianluigi-benedetti-in-occasione-del-ricevimento-per-la-giornata-del-design-italiano-nel-mondo-tokyo-27-gennaio-2026","status":"publish","type":"page","link":"https:\/\/ambtokyo.esteri.it\/it\/chi-siamo\/ambasciatore\/discorsi-dellambasciatore__trashed\/intervento-dellambasciatore-ditalia-gianluigi-benedetti-in-occasione-del-ricevimento-per-la-giornata-del-design-italiano-nel-mondo-tokyo-27-gennaio-2026\/","title":{"rendered":"Intervento dell\u2019Ambasciatore d\u2019Italia Gianluigi Benedetti in occasione del ricevimento per la Giornata del Design Italiano nel mondo (Tokyo, 27 gennaio 2026)"},"content":{"rendered":"<p>Gentili ospiti,<\/p>\n<p>insieme a mia moglie Sabina vi d\u00f2 il benvenuto nella Residenza dell\u2019Ambasciatore d\u2019Italia, per celebrare la Giornata del Design Italiano nel mondo insieme a Walter Mariotti, direttore editoriale della rivista Domus.<\/p>\n<p>Insieme a molti di voi, ieri abbiamo avuto il privilegio di ascoltare la conferenza di Walter, che ci ha guidato nel concetto di \u201cRedesign Rigenerativo\u201d come risposta filosofica ed esistenziale alla crisi della modernit\u00e0 tecnologica.<\/p>\n<p>Attraverso un dialogo tra pensiero occidentale ed estetica giapponese, abbiamo colto un messaggio essenziale: le \u201cfratture\u201d \u2014 urbane, materiali, relazionali o intellettuali \u2014 non vanno nascoste n\u00e9 rimosse, ma riconosciute, abitate e trasformate in occasione di senso e di bellezza.<\/p>\n<p>Questa Residenza \u00e8 parte di quel racconto. \u00c8 pi\u00f9 di un luogo di rappresentanza: \u00e8 uno spazio che, nel tempo, ha accolto incontri istituzionali, momenti di dialogo culturale e occasioni di amicizia tra Italia e Giappone.<\/p>\n<p>Le sue stanze e i suoi oggetti conservano tracce di passaggi, scambi e memorie: una stratificazione silenziosa che ci ricorda come l\u2019abitare non sia solo funzione, ma anche continuit\u00e0, cura e responsabilit\u00e0 verso ci\u00f2 che ci \u00e8 stato affidato.<\/p>\n<p>Come raccontavo ieri, In questi quattro anni, abbiamo cercato di applicare concretamente questa idea anche qui. Abbiamo rigenerato questa casa degli anni Sessanta recuperando le lampade e i tavoli originali; abbiamo replicato i divani dell\u2019epoca grazie all\u2019azienda italiana Unifor; abbiamo risistemato il giardino secondo i criteri tradizionali giapponesi, e molto altro!<\/p>\n<p>Questo immenso lavoro non sarebbe stato possibile senza mia moglie Sabina, che desidero ringraziare di cuore per il sostegno e per il contributo creativo, concreto e quotidiano a questo progetto: un progetto che speriamo possa durare negli anni e continuare ad accogliere, con la stessa sobriet\u00e0 e calore, la comunit\u00e0 italiana e i nostri amici giapponesi.<\/p>\n<p>Concludo ringraziandovi per la vostra presenza e per il vostro sostegno al design italiano e lascio ora la parola a Walter Mariotti.<\/p>\n","protected":false},"excerpt":{"rendered":"Gentili ospiti, insieme a mia moglie Sabina vi d\u00f2 il benvenuto nella Residenza dell\u2019Ambasciatore d\u2019Italia, per celebrare la Giornata del Design Italiano nel mondo insieme a Walter Mariotti, direttore editoriale della rivista Domus. Insieme a molti di voi, ieri abbiamo avuto il privilegio di ascoltare la conferenza di Walter, che ci ha guidato nel concetto [&hellip;]","protected":false},"author":6,"featured_media":0,"parent":272,"menu_order":0,"comment_status":"closed","ping_status":"closed","template":"","meta":{"footnotes":""},"class_list":["post-7504","page","type-page","status-publish","hentry"],"_links":{"self":[{"href":"https:\/\/ambtokyo.esteri.it\/it\/wp-json\/wp\/v2\/pages\/7504","targetHints":{"allow":["GET"]}}],"collection":[{"href":"https:\/\/ambtokyo.esteri.it\/it\/wp-json\/wp\/v2\/pages"}],"about":[{"href":"https:\/\/ambtokyo.esteri.it\/it\/wp-json\/wp\/v2\/types\/page"}],"author":[{"embeddable":true,"href":"https:\/\/ambtokyo.esteri.it\/it\/wp-json\/wp\/v2\/users\/6"}],"replies":[{"embeddable":true,"href":"https:\/\/ambtokyo.esteri.it\/it\/wp-json\/wp\/v2\/comments?post=7504"}],"version-history":[{"count":1,"href":"https:\/\/ambtokyo.esteri.it\/it\/wp-json\/wp\/v2\/pages\/7504\/revisions"}],"predecessor-version":[{"id":7506,"href":"https:\/\/ambtokyo.esteri.it\/it\/wp-json\/wp\/v2\/pages\/7504\/revisions\/7506"}],"up":[{"embeddable":true,"href":"https:\/\/ambtokyo.esteri.it\/it\/wp-json\/wp\/v2\/pages\/272"}],"wp:attachment":[{"href":"https:\/\/ambtokyo.esteri.it\/it\/wp-json\/wp\/v2\/media?parent=7504"}],"curies":[{"name":"wp","href":"https:\/\/api.w.org\/{rel}","templated":true}]}}