{"id":7532,"date":"2026-02-04T02:02:20","date_gmt":"2026-02-04T01:02:20","guid":{"rendered":"https:\/\/ambtokyo.esteri.it\/?page_id=7532"},"modified":"2026-02-04T02:02:20","modified_gmt":"2026-02-04T01:02:20","slug":"intervento-dellambasciatore-ditalia-gianluigi-benedetti-in-occasione-del-ricevimento-per-presentare-liniziativa-one-earth-house-of-heart-prevista-a","status":"publish","type":"page","link":"https:\/\/ambtokyo.esteri.it\/it\/chi-siamo\/ambasciatore\/discorsi-dellambasciatore__trashed\/intervento-dellambasciatore-ditalia-gianluigi-benedetti-in-occasione-del-ricevimento-per-presentare-liniziativa-one-earth-house-of-heart-prevista-a\/","title":{"rendered":"Intervento dell\u2019Ambasciatore d\u2019Italia Gianluigi Benedetti in occasione del ricevimento per presentare l\u2019iniziativa \u201cOne Earth\u2013House of Heart\u201d prevista al Salone del Mobile di Milano (Tokyo, 3 febbraio 2026)"},"content":{"rendered":"<p>&#8220;Minasama, konbanwa. Honjitsu wa, Itaria Taishikan e yokoso okoshi kudasaimashita.<\/p>\n<p>\u00c8 un grande onore accogliervi questa sera nella Residenza dell\u2019Ambasciatore d\u2019Italia, insieme a mia moglie Sabina. Un ringraziamento speciale va all\u2019Ambasciatore Fujisaki: la sua presenza non solo onora questa casa, ma testimonia la profondit\u00e0 e la solidit\u00e0 dei legami che uniscono le nostre Nazioni.<\/p>\n<p>Il luogo che ci ospita trascende la sua funzione diplomatica: \u00e8 un simbolo vivente dell\u2019amicizia tra Italia e Giappone. Qui, l\u2019eleganza dell\u2019architettura e del design italiano degli anni Sessanta dialoga con la serenit\u00e0 di questo antico giardino di epoca Edo. \u00c8 un incontro che avviene in perfetta armonia, rispecchiando lo spirito stesso delle nostre relazioni: un connubio indissolubile tra tradizione millenaria e slancio verso il futuro.<\/p>\n<p>Questa sera, il nostro sguardo si volge all\u2019Italia, verso un appuntamento che definisce l\u2019orizzonte della creativit\u00e0 globale: il Salone del Mobile di Milano. Il Salone non \u00e8 una semplice rassegna espositiva; \u00e8 un catalizzatore culturale unico, capace di attrarre l\u2019eccellenza dell\u2019industria, dell\u2019arte e dell\u2019architettura internazionale.<\/p>\n<p>Questa vitalit\u00e0 trasforma l\u2019intera citt\u00e0 nel \u201cFuorisalone\u201d: un laboratorio a cielo aperto dove il design diventa strumento di rigenerazione urbana e dialogo sociale. \u00c8 in questa cornice straordinaria che, il prossimo aprile, prender\u00e0 vita il progetto \u201cOne Earth\u2013House of Heart\u201d.<\/p>\n<p>Questa iniziativa rappresenta la quintessenza della \u201cDiplomazia Culturale\u201d. Sotto la prestigiosa direzione del Maestro Toyo Ito e dell\u2019architetto Astrid Klein, il progetto suggella una collaborazione d&#8217;eccezione tra le eccellenze accademiche dei nostri Paesi, unendo il Politecnico di Milano e l\u2019Universit\u00e0 di Tokyo.<\/p>\n<p>Vedere cento bambini di cinque diverse nazioni, guidati da giovani talenti universitari e ispirati dalla visione di maestri come Kazuyo Sejima, Sou Fujimoto e Maki Onishi, lancia un messaggio universale. \u201cOne Earth\u201d ci ricorda che proteggere la nostra terra significa, prima di tutto, investire nella risorsa pi\u00f9 preziosa: la creativit\u00e0 e l\u2019istruzione delle nuove generazioni.<\/p>\n<p>Concludo confermando il pieno sostegno dell\u2019Italia a questa iniziativa, che seguiamo con orgoglio attraverso l&#8217;attivit\u00e0 dell&#8217;Ambasciata d&#8217;Italia a Tokyo. Sono certo che l\u2019evento di aprile non sar\u00e0 solo un traguardo espositivo, ma un nuovo, fondamentale capitolo nel dialogo fecondo tra le nostre culture.<\/p>\n<p>Grazie a tutti per la vostra attenzione e vi auguro una splendida serata.<\/p>\n","protected":false},"excerpt":{"rendered":"&#8220;Minasama, konbanwa. Honjitsu wa, Itaria Taishikan e yokoso okoshi kudasaimashita. \u00c8 un grande onore accogliervi questa sera nella Residenza dell\u2019Ambasciatore d\u2019Italia, insieme a mia moglie Sabina. Un ringraziamento speciale va all\u2019Ambasciatore Fujisaki: la sua presenza non solo onora questa casa, ma testimonia la profondit\u00e0 e la solidit\u00e0 dei legami che uniscono le nostre Nazioni. Il [&hellip;]","protected":false},"author":6,"featured_media":0,"parent":272,"menu_order":0,"comment_status":"closed","ping_status":"closed","template":"","meta":{"footnotes":""},"class_list":["post-7532","page","type-page","status-publish","hentry"],"_links":{"self":[{"href":"https:\/\/ambtokyo.esteri.it\/it\/wp-json\/wp\/v2\/pages\/7532","targetHints":{"allow":["GET"]}}],"collection":[{"href":"https:\/\/ambtokyo.esteri.it\/it\/wp-json\/wp\/v2\/pages"}],"about":[{"href":"https:\/\/ambtokyo.esteri.it\/it\/wp-json\/wp\/v2\/types\/page"}],"author":[{"embeddable":true,"href":"https:\/\/ambtokyo.esteri.it\/it\/wp-json\/wp\/v2\/users\/6"}],"replies":[{"embeddable":true,"href":"https:\/\/ambtokyo.esteri.it\/it\/wp-json\/wp\/v2\/comments?post=7532"}],"version-history":[{"count":1,"href":"https:\/\/ambtokyo.esteri.it\/it\/wp-json\/wp\/v2\/pages\/7532\/revisions"}],"predecessor-version":[{"id":7534,"href":"https:\/\/ambtokyo.esteri.it\/it\/wp-json\/wp\/v2\/pages\/7532\/revisions\/7534"}],"up":[{"embeddable":true,"href":"https:\/\/ambtokyo.esteri.it\/it\/wp-json\/wp\/v2\/pages\/272"}],"wp:attachment":[{"href":"https:\/\/ambtokyo.esteri.it\/it\/wp-json\/wp\/v2\/media?parent=7532"}],"curies":[{"name":"wp","href":"https:\/\/api.w.org\/{rel}","templated":true}]}}