{"id":7568,"date":"2026-02-04T04:16:40","date_gmt":"2026-02-04T03:16:40","guid":{"rendered":"https:\/\/ambtokyo.esteri.it\/?page_id=7568"},"modified":"2026-02-04T04:16:40","modified_gmt":"2026-02-04T03:16:40","slug":"intervento-dellambasciatore-ditalia-gianluigi-benedetti-in-occasione-della-cerimonia-di-conferimento-dellonorificenza-di-commendatore-omri-al-dottor-davide-sesia-tokyo-27","status":"publish","type":"page","link":"https:\/\/ambtokyo.esteri.it\/it\/chi-siamo\/ambasciatore\/discorsi-dellambasciatore__trashed\/intervento-dellambasciatore-ditalia-gianluigi-benedetti-in-occasione-della-cerimonia-di-conferimento-dellonorificenza-di-commendatore-omri-al-dottor-davide-sesia-tokyo-27\/","title":{"rendered":"Intervento dell\u2019Ambasciatore d\u2019Italia, Gianluigi Benedetti in occasione della cerimonia di conferimento dell\u2019onorificenza di Commendatore OMRI al Dottor Davide Sesia (Tokyo, 27 ottobre 2025)"},"content":{"rendered":"<p>Eminenza Reverendissima, cari ospiti, care amiche e cari amici, \u00e8 per me un grande onore accogliervi oggi in questa Residenza, che rappresenta simbolicamente l\u2019incontro tra le migliori tradizioni italiane e giapponesi.<\/p>\n<p>Siamo riuniti per celebrare un momento significativo: il conferimento dell\u2019onorificenza di Commendatore dell\u2019Ordine al Merito della Repubblica Italiana, su decisione del Presidente della Repubblica, Sergio\u202fMattarella, a una personalit\u00e0 che, con il proprio percorso professionale e umano, ha contribuito in modo esemplare a rafforzare il legame tra Italia e Giappone.<\/p>\n<p>Oggi rendiamo omaggio a Davide\u202fSesia, figura di straordinaria competenza e sensibilit\u00e0 interculturale. Dopo una brillante carriera ai vertici di Prada, dal 1 novembre\u202f2023\u202fegli ha assunto l\u2019incarico di Executive\u202fVice\u202fPresident\u202f&amp;\u202fDirector di Sogo\u202f&amp;\u202fSeibu, il principale retailer giapponese di alta gamma.<\/p>\n<p>Con la sua nomina, Davide\u202fSesia \u00e8 divenuto il primo manager italiano a ricoprire un ruolo di tale responsabilit\u00e0 in un\u2019azienda giapponese di questo calibro, con una rete di dieci grandi magazzini in Giappone e di oltre trenta punti vendita in Asia.<\/p>\n<p>La sua esperienza professionale \u00e8 profondamente segnata da una visione internazionale e da valori che rispecchiano appieno l\u2019identit\u00e0 italiana: creativit\u00e0, eleganza, capacit\u00e0 di dialogo, apertura all\u2019innovazione e passione per la qualit\u00e0.<\/p>\n<p>Attraverso il suo lavoro e la sua leadership, Davide\u202fSesia ha saputo costruire ponti di collaborazione tra il mondo del lusso italiano e quello giapponese, dimostrando come impresa e stili di vita possano fondersi in un linguaggio comune.<\/p>\n<p>Caro Davide, questo riconoscimento rappresenta non solo l\u2019apprezzamento dell\u2019Italia per i tuoi successi professionali, ma anche la gratitudine per il tuo impegno nel promuovere i valori che accomunano i nostri due Paesi. La tua storia \u00e8 un esempio di come il talento italiano possa integrarsi, innovare e contribuire con rispetto e creativit\u00e0 al contesto giapponese.<\/p>\n<p>Anche a titolo personale, desidero esprimerti insieme a mia moglie Sabina e a tutti i colleghi dell\u2019Ambasciata, le mie pi\u00f9 sincere congratulazioni. Sii orgoglioso di questa onorificenza, che testimonia il valore del tuo percorso e la stima profonda che l\u2019Italia nutre nei tuoi confronti.<\/p>\n<p>Congratulazioni vivissime, Davide, e auguri per nuovi, grandi traguardi!<\/p>\n","protected":false},"excerpt":{"rendered":"Eminenza Reverendissima, cari ospiti, care amiche e cari amici, \u00e8 per me un grande onore accogliervi oggi in questa Residenza, che rappresenta simbolicamente l\u2019incontro tra le migliori tradizioni italiane e giapponesi. Siamo riuniti per celebrare un momento significativo: il conferimento dell\u2019onorificenza di Commendatore dell\u2019Ordine al Merito della Repubblica Italiana, su decisione del Presidente della Repubblica, [&hellip;]","protected":false},"author":6,"featured_media":0,"parent":272,"menu_order":0,"comment_status":"closed","ping_status":"closed","template":"","meta":{"footnotes":""},"class_list":["post-7568","page","type-page","status-publish","hentry"],"_links":{"self":[{"href":"https:\/\/ambtokyo.esteri.it\/it\/wp-json\/wp\/v2\/pages\/7568","targetHints":{"allow":["GET"]}}],"collection":[{"href":"https:\/\/ambtokyo.esteri.it\/it\/wp-json\/wp\/v2\/pages"}],"about":[{"href":"https:\/\/ambtokyo.esteri.it\/it\/wp-json\/wp\/v2\/types\/page"}],"author":[{"embeddable":true,"href":"https:\/\/ambtokyo.esteri.it\/it\/wp-json\/wp\/v2\/users\/6"}],"replies":[{"embeddable":true,"href":"https:\/\/ambtokyo.esteri.it\/it\/wp-json\/wp\/v2\/comments?post=7568"}],"version-history":[{"count":1,"href":"https:\/\/ambtokyo.esteri.it\/it\/wp-json\/wp\/v2\/pages\/7568\/revisions"}],"predecessor-version":[{"id":7573,"href":"https:\/\/ambtokyo.esteri.it\/it\/wp-json\/wp\/v2\/pages\/7568\/revisions\/7573"}],"up":[{"embeddable":true,"href":"https:\/\/ambtokyo.esteri.it\/it\/wp-json\/wp\/v2\/pages\/272"}],"wp:attachment":[{"href":"https:\/\/ambtokyo.esteri.it\/it\/wp-json\/wp\/v2\/media?parent=7568"}],"curies":[{"name":"wp","href":"https:\/\/api.w.org\/{rel}","templated":true}]}}