{"id":7574,"date":"2026-02-04T04:24:59","date_gmt":"2026-02-04T03:24:59","guid":{"rendered":"https:\/\/ambtokyo.esteri.it\/?page_id=7574"},"modified":"2026-02-04T04:24:59","modified_gmt":"2026-02-04T03:24:59","slug":"intervento-dellambasciatore-ditalia-gianluigi-benedetti-in-occasione-del-ricevimento-in-occasione-del-38-tokyo-international-film-festival-tokyo-30-ottobre-2025","status":"publish","type":"page","link":"https:\/\/ambtokyo.esteri.it\/it\/chi-siamo\/ambasciatore\/discorsi-dellambasciatore__trashed\/intervento-dellambasciatore-ditalia-gianluigi-benedetti-in-occasione-del-ricevimento-in-occasione-del-38-tokyo-international-film-festival-tokyo-30-ottobre-2025\/","title":{"rendered":"Intervento dell\u2019Ambasciatore d\u2019Italia Gianluigi Benedetti in occasione del ricevimento in occasione del 38\u00b0 Tokyo International Film Festival (Tokyo, 30 ottobre 2025)"},"content":{"rendered":"<p>Gentili ospiti, Signore e Signori, \u00e8 un grande piacere darvi il benvenuto a questa serata in onore dei film italiani in concorso alla 38\u00aa edizione del Tokyo International Film Festival.<\/p>\n<p>Desidero salutare il Presidente del Tokyo International Film Festival, Ambasciatore Hiroyasu Ando e il Presidente della Giuria del Festival, Carlo Chatrian, che \u00e8 anche il Direttore del Museo Nazionale del Cinema di Torino.<\/p>\n<p>Mia moglie Sabina e io siamo lieti di accogliervi in questo splendido e particolare luogo che fu la dimora dei Daimyo Matsudaira e teatro del sacrificio di 10 dei leggendari 47 Ronin e dal 1930 ospita l\u2019Ambasciata d\u2019Italia.<\/p>\n<p>In questa Residenza, una casa-museo costruita negli anni Sessanta che ospita importanti pezzi di arredo antichi e una straordinaria collezione di opere d\u2019arte contemporanea italiana \u00e8 stato firmato due anni fa l\u2019Accordo di co-produzione cinematografica fra Italia e Giappone.<\/p>\n<p>Questo trattato ha aperto nuove opportunit\u00e0 di collaborazione e sono gi\u00e0 cinque le coproduzioni in lavorazione tra aziende dei due Paesi. Un risultato straordinario che da un lato genera ricchezza economica e dall\u2019alto arricchisce l\u2019offerta culturale nazionale e internazionale.<\/p>\n<p>Su questa scia, Siamo particolarmente orgogliosi che questa edizione del Tokyo International Film Festival presenti in concorso due film di produzione italiana: \u201cHeads or Tails?\u201d e \u201cMother Bhumi\u201d. Entrambe le opere riflettono la visione dei loro produttori e registi, che con dedizione hanno trasformato le loro idee in storie capaci di emozionare il pubblico.<\/p>\n<p>E sono proprio i produttori e i registi il vero motore di questa collaborazione tra Italia e Giappone. Senza il loro coraggio di rischiare, di innovare e di credere nelle partnership internazionali, non esisterebbero coproduzioni, scambi artistici o narrazioni condivise. La loro capacit\u00e0 di unire talenti, risorse e prospettive \u00e8 ci\u00f2 che trasforma il potenziale del nostro Accordo in risultati concreti e in un cinema memorabile.<\/p>\n<p>Ma tutto ci\u00f2 non sarebbe stato possibile senza il sostegno pubblico che in Italia ha sempre accompagnato il settore cinematografico. Desidero ringraziare il Ministero della Cultura e Cinecitt\u00e0, qui rappresentanti dal Dottor Roberto Stabile, per l\u2019impegno con cui continuano a promuovere e sostenere la creativit\u00e0 e l\u2019immagine italiana all\u2019estero.<\/p>\n<p>Concludo con un incoraggiamento a tutti i produttori, i registi e i professionisti del settore qui presenti a continuare a esplorare le opportunit\u00e0 offerte dalla lunga amicizia e cooperazione tra Italia e Giappone che oggi, alla vigilia dei 160 anni delle relazioni diplomatiche, \u00e8 ancora piu\u2019 forte e dinamica.<\/p>\n<p>Rafforziamo i legami creativi, lanciamo nuove iniziative e diamo vita a storie che superano lingue, confini e generazioni, continuando ad arricchire quello scambio culturale che \u00e8 stato il volano della crescita e della profondit\u00e0 delle relazioni tra le nostre societ\u00e0 e i nostri popoli.<\/p>\n<p>Vi auguro una piacevole serata e una buona visione dei film del festival!<\/p>\n","protected":false},"excerpt":{"rendered":"Gentili ospiti, Signore e Signori, \u00e8 un grande piacere darvi il benvenuto a questa serata in onore dei film italiani in concorso alla 38\u00aa edizione del Tokyo International Film Festival. Desidero salutare il Presidente del Tokyo International Film Festival, Ambasciatore Hiroyasu Ando e il Presidente della Giuria del Festival, Carlo Chatrian, che \u00e8 anche il [&hellip;]","protected":false},"author":6,"featured_media":0,"parent":272,"menu_order":0,"comment_status":"closed","ping_status":"closed","template":"","meta":{"footnotes":""},"class_list":["post-7574","page","type-page","status-publish","hentry"],"_links":{"self":[{"href":"https:\/\/ambtokyo.esteri.it\/it\/wp-json\/wp\/v2\/pages\/7574","targetHints":{"allow":["GET"]}}],"collection":[{"href":"https:\/\/ambtokyo.esteri.it\/it\/wp-json\/wp\/v2\/pages"}],"about":[{"href":"https:\/\/ambtokyo.esteri.it\/it\/wp-json\/wp\/v2\/types\/page"}],"author":[{"embeddable":true,"href":"https:\/\/ambtokyo.esteri.it\/it\/wp-json\/wp\/v2\/users\/6"}],"replies":[{"embeddable":true,"href":"https:\/\/ambtokyo.esteri.it\/it\/wp-json\/wp\/v2\/comments?post=7574"}],"version-history":[{"count":1,"href":"https:\/\/ambtokyo.esteri.it\/it\/wp-json\/wp\/v2\/pages\/7574\/revisions"}],"predecessor-version":[{"id":7580,"href":"https:\/\/ambtokyo.esteri.it\/it\/wp-json\/wp\/v2\/pages\/7574\/revisions\/7580"}],"up":[{"embeddable":true,"href":"https:\/\/ambtokyo.esteri.it\/it\/wp-json\/wp\/v2\/pages\/272"}],"wp:attachment":[{"href":"https:\/\/ambtokyo.esteri.it\/it\/wp-json\/wp\/v2\/media?parent=7574"}],"curies":[{"name":"wp","href":"https:\/\/api.w.org\/{rel}","templated":true}]}}