{"id":7601,"date":"2026-02-04T04:42:03","date_gmt":"2026-02-04T03:42:03","guid":{"rendered":"https:\/\/ambtokyo.esteri.it\/?page_id=7601"},"modified":"2026-02-04T04:42:03","modified_gmt":"2026-02-04T03:42:03","slug":"intervento-dellambasciatore-ditalia-gianluigi-benedetti-in-occasione-della-cerimonia-di-formazione-del-team-japan-per-i-xxv-giochi-olimpici-invernali-di-milano-cortina-2026-18-genna","status":"publish","type":"page","link":"https:\/\/ambtokyo.esteri.it\/it\/chi-siamo\/ambasciatore\/discorsi-dellambasciatore__trashed\/intervento-dellambasciatore-ditalia-gianluigi-benedetti-in-occasione-della-cerimonia-di-formazione-del-team-japan-per-i-xxv-giochi-olimpici-invernali-di-milano-cortina-2026-18-genna\/","title":{"rendered":"Intervento dell\u2019Ambasciatore d\u2019Italia Gianluigi Benedetti In occasione della cerimonia di formazione del Team Japan per i XXV Giochi Olimpici Invernali di Milano-Cortina 2026 (18 gennaio 2026)"},"content":{"rendered":"<p>Vostre Altezze Imperiali, Principe Ereditario e Principessa Ereditaria Akishino, Vice Ministro Shimizu, Presidente Hashimoto, Autorit\u00e0, Signore e Signori,<\/p>\n<p>\u00e8 per me un grande onore intervenire a questa cerimonia di formazione del \u201cTeam Japan\u201d per i XXV Giochi Olimpici Invernali di Milano-Cortina 2026.<\/p>\n<p>Questo evento assume un significato ancor pi\u00f9 profondo celebrandosi a ridosso della storica visita a Tokyo del Presidente del Consiglio, Giorgia Meloni, che ha idealmente inaugurato le celebrazioni per il 160\u00b0 anniversario delle relazioni diplomatiche tra Italia e Giappone.<\/p>\n<p>Desidero ringraziare sentitamente il Comitato Olimpico Giapponese per l\u2019invito e rivolgere un saluto colmo di ammirazione agli atleti giapponesi che, tra poche settimane, saranno protagonisti in Italia.<\/p>\n<p>Come ricordato dal Presidente della Repubblica Sergio Mattarella, lo sport \u00e8 un pilastro della nostra identit\u00e0 nazionale: un motore di crescita sociale che regala momenti di unit\u00e0 e orgoglio collettivo.<\/p>\n<p>L&#8217;Italia vanta una nobile tradizione di inclusione, avendo ospitato a Roma, nel 1960, le prime Paralimpiadi della storia. Oggi, i Giochi di Milano-Cortina 2026 segnano un nuovo traguardo storico: per la prima volta, l&#8217;evento sar\u00e0 ospitato da due citt\u00e0 e due regioni distinte, armonizzando diversit\u00e0 geografiche e culturali in un&#8217;unica, complessa sinergia istituzionale.<\/p>\n<p>Ospitare i Giochi in un panorama internazionale ancora cos\u00ec incerto non \u00e8, tuttavia, solo una sfida logistica, ma un atto di accoglienza verso un mondo che auspichiamo sempre pi\u00f9 unito. Pace, inclusione e rispetto \u2014 pilastri del Movimento Olimpico \u2014 sono principi che lo sport esalta naturalmente e che riflettono l\u2019essenza stessa della nostra missione diplomatica.<\/p>\n<p>\u00c8 in quest\u2019ottica che l&#8217;Italia si \u00e8 fatta promotrice della Risoluzione ONU sulla Tregua Olimpica, in stretto raccordo con il Comitato Olimpico Internazionale e la Fondazione Milano-Cortina 2026. Siamo particolarmente fieri che tale iniziativa sia stata co-sponsorizzata dal Giappone e adottata dall&#8217;Assemblea Generale delle Nazioni Unite con il sostegno unanime di oltre 160 Paesi.<\/p>\n<p>Nell&#8217;ambito delle relazioni bilaterali, lo sport si conferma un cardine fondamentale della nostra storica amicizia. Negli ultimi anni, i nostri scambi si sono intensificati attraverso eventi di straordinario rilievo: dai Giochi di Tokyo 2021 ai recenti Giochi Mondiali Invernali Special Olympics di Torino 2025 e alla 25\u00aa edizione dei Deaflympics di Tokyo.<\/p>\n<p>Ricordiamo inoltre con ammirazione i Campionati Mondiali di Atletica Leggera svoltisi a Tokyo lo scorso settembre. In ognuna di queste occasioni, gli atleti italiani e giapponesi non si sono solo distinti per l\u2019eccellenza dei risultati, ma sono stati esemplari interpreti dei pi\u00f9 alti valori sportivi.<\/p>\n<p>In conclusione, desidero rivolgere alle Vostre Altezze Imperiali i miei pi\u00f9 fervidi auguri per gli atleti giapponesi che tra poche settimane prenderanno parte ai Giochi di Milano-Cortina 2026.<\/p>\n<p>Sono certo che i loro successi daranno lustro al Giappone e sapranno onorare lo spirito di amicizia e i profondi legami che, da oltre centosessant&#8217;anni, uniscono le nostre Nazioni e i nostri popoli in un cammino comune di stima e cooperazione. Che lo spirito di Milano-Cortina 2026 possa rafforzare ulteriormente la storica armonia tra i nostri popoli, nel segno dei valori olimpici che condividiamo con orgoglio.<\/p>\n","protected":false},"excerpt":{"rendered":"Vostre Altezze Imperiali, Principe Ereditario e Principessa Ereditaria Akishino, Vice Ministro Shimizu, Presidente Hashimoto, Autorit\u00e0, Signore e Signori, \u00e8 per me un grande onore intervenire a questa cerimonia di formazione del \u201cTeam Japan\u201d per i XXV Giochi Olimpici Invernali di Milano-Cortina 2026. Questo evento assume un significato ancor pi\u00f9 profondo celebrandosi a ridosso della storica [&hellip;]","protected":false},"author":6,"featured_media":0,"parent":272,"menu_order":0,"comment_status":"closed","ping_status":"closed","template":"","meta":{"footnotes":""},"class_list":["post-7601","page","type-page","status-publish","hentry"],"_links":{"self":[{"href":"https:\/\/ambtokyo.esteri.it\/it\/wp-json\/wp\/v2\/pages\/7601","targetHints":{"allow":["GET"]}}],"collection":[{"href":"https:\/\/ambtokyo.esteri.it\/it\/wp-json\/wp\/v2\/pages"}],"about":[{"href":"https:\/\/ambtokyo.esteri.it\/it\/wp-json\/wp\/v2\/types\/page"}],"author":[{"embeddable":true,"href":"https:\/\/ambtokyo.esteri.it\/it\/wp-json\/wp\/v2\/users\/6"}],"replies":[{"embeddable":true,"href":"https:\/\/ambtokyo.esteri.it\/it\/wp-json\/wp\/v2\/comments?post=7601"}],"version-history":[{"count":1,"href":"https:\/\/ambtokyo.esteri.it\/it\/wp-json\/wp\/v2\/pages\/7601\/revisions"}],"predecessor-version":[{"id":7603,"href":"https:\/\/ambtokyo.esteri.it\/it\/wp-json\/wp\/v2\/pages\/7601\/revisions\/7603"}],"up":[{"embeddable":true,"href":"https:\/\/ambtokyo.esteri.it\/it\/wp-json\/wp\/v2\/pages\/272"}],"wp:attachment":[{"href":"https:\/\/ambtokyo.esteri.it\/it\/wp-json\/wp\/v2\/media?parent=7601"}],"curies":[{"name":"wp","href":"https:\/\/api.w.org\/{rel}","templated":true}]}}