{"id":7606,"date":"2026-02-05T01:11:20","date_gmt":"2026-02-05T00:11:20","guid":{"rendered":"https:\/\/ambtokyo.esteri.it\/?page_id=7606"},"modified":"2026-02-05T01:11:20","modified_gmt":"2026-02-05T00:11:20","slug":"intervento-dellambasciatore-ditalia-gianluigi-benedetti-in-occasione-del-ricevimento-organizzato-da-japan-salt-per-celebrare-il-conferimento-dellonorificenze-della-repubbli","status":"publish","type":"page","link":"https:\/\/ambtokyo.esteri.it\/it\/chi-siamo\/ambasciatore\/discorsi-dellambasciatore__trashed\/intervento-dellambasciatore-ditalia-gianluigi-benedetti-in-occasione-del-ricevimento-organizzato-da-japan-salt-per-celebrare-il-conferimento-dellonorificenze-della-repubbli\/","title":{"rendered":"Intervento dell\u2019Ambasciatore d\u2019Italia, Gianluigi Benedetti in occasione del ricevimento organizzato da Japan Salt per celebrare il conferimento dell\u2019onorificenze della Repubblica Italiana al Presidente Okawa (Tokyo, 4 febbraio 2026)"},"content":{"rendered":"<p>Carissimo Presidente Okawa, sono sinceramente felice di potermi rivolgere a lei con il prestigioso titolo di \u201cUfficiale dell\u2019Ordine della Stella d\u2019Italia\u201d. Celebrare oggi questo conferimento insieme ai suoi ospiti significa rendere omaggio a un uomo che ha saputo costruire ponti laddove altri vedevano solo confini.<\/p>\n<p>L\u2019Ordine della Stella d\u2019Italia \u00e8 il riconoscimento con cui il Presidente della Repubblica premia chi si distingue nel promuovere l&#8217;amicizia con l&#8217;Italia. Nel suo caso non \u00e8 solo un premio alla carriera, ma il riconoscimento di una vera missione di vita.<\/p>\n<p>Seguendo con dedizione le orme della sua famiglia, lei ha trasformato la passione per l&#8217;Italia in un&#8217;opera di diffusione culturale. Ricordo con ammirazione i racconti dei suoi viaggi: la sua capacit\u00e0 di trovare l&#8217;eccellenza nei piccoli borghi italiani e la sua curiosit\u00e0 per i vitigni autoctoni pi\u00f9 rari testimoniano un legame intenso con la nostra terra, del quale siamo profondamente fieri.<\/p>\n<p>Grazie alla sua visione, Japan Salt \u00e8 oggi una realt\u00e0 moderna che porta nelle case giapponesi l&#8217;essenza del nostro Paese. Lei ha saputo essere, metaforicamente e concretamente, il \u201csale della terra\u201d della nostra collaborazione: quell\u2019elemento sapiente che esalta il gusto dell\u2019amicizia tra due popoli.<\/p>\n<p>Ma i suoi meriti superano i confini del commercio. Da anni, lei e il suo gruppo siete al fianco dell&#8217;Ambasciata d&#8217;Italia a Tokyo. Un ringraziamento speciale desidero rivolgerlo per il suo generoso contributo alla valorizzazione della nostra Residenza e del famoso giardino giapponese: un gesto di rara sensibilit\u00e0 che rende onore al simbolo pi\u00f9 concreto dell\u2019amicizia tra i nostri due popoli.<\/p>\n<p>Presidente, come sa, il mio mandato in Giappone volge al termine. Questi quattro anni e mezzo sono stati arricchiti dalla nostra collaborazione leale e sincera, un esempio straordinario di partenariato che spero continuer\u00e0 a dare frutti in futuro.<\/p>\n<p>Le rivolgo di nuovo le mie pi\u00f9 vive congratulazioni per questa onorificenza e i miei auguri pi\u00f9 affettuosi per i suoi futuri successi. Viva l&#8217;amicizia tra Italia e Giappone!<\/p>\n","protected":false},"excerpt":{"rendered":"Carissimo Presidente Okawa, sono sinceramente felice di potermi rivolgere a lei con il prestigioso titolo di \u201cUfficiale dell\u2019Ordine della Stella d\u2019Italia\u201d. Celebrare oggi questo conferimento insieme ai suoi ospiti significa rendere omaggio a un uomo che ha saputo costruire ponti laddove altri vedevano solo confini. L\u2019Ordine della Stella d\u2019Italia \u00e8 il riconoscimento con cui il [&hellip;]","protected":false},"author":6,"featured_media":0,"parent":272,"menu_order":0,"comment_status":"closed","ping_status":"closed","template":"","meta":{"footnotes":""},"class_list":["post-7606","page","type-page","status-publish","hentry"],"_links":{"self":[{"href":"https:\/\/ambtokyo.esteri.it\/it\/wp-json\/wp\/v2\/pages\/7606","targetHints":{"allow":["GET"]}}],"collection":[{"href":"https:\/\/ambtokyo.esteri.it\/it\/wp-json\/wp\/v2\/pages"}],"about":[{"href":"https:\/\/ambtokyo.esteri.it\/it\/wp-json\/wp\/v2\/types\/page"}],"author":[{"embeddable":true,"href":"https:\/\/ambtokyo.esteri.it\/it\/wp-json\/wp\/v2\/users\/6"}],"replies":[{"embeddable":true,"href":"https:\/\/ambtokyo.esteri.it\/it\/wp-json\/wp\/v2\/comments?post=7606"}],"version-history":[{"count":1,"href":"https:\/\/ambtokyo.esteri.it\/it\/wp-json\/wp\/v2\/pages\/7606\/revisions"}],"predecessor-version":[{"id":7607,"href":"https:\/\/ambtokyo.esteri.it\/it\/wp-json\/wp\/v2\/pages\/7606\/revisions\/7607"}],"up":[{"embeddable":true,"href":"https:\/\/ambtokyo.esteri.it\/it\/wp-json\/wp\/v2\/pages\/272"}],"wp:attachment":[{"href":"https:\/\/ambtokyo.esteri.it\/it\/wp-json\/wp\/v2\/media?parent=7606"}],"curies":[{"name":"wp","href":"https:\/\/api.w.org\/{rel}","templated":true}]}}