{"id":7697,"date":"2026-02-27T00:25:45","date_gmt":"2026-02-26T23:25:45","guid":{"rendered":"https:\/\/ambtokyo.esteri.it\/?page_id=7697"},"modified":"2026-02-27T00:32:25","modified_gmt":"2026-02-26T23:32:25","slug":"gianluigi-benedetti","status":"publish","type":"page","link":"https:\/\/ambtokyo.esteri.it\/it\/chi-siamo\/la-sede\/elenco-degli-ambasciatori-italiani-in-giappone\/gianluigi-benedetti\/","title":{"rendered":"Gianluigi Benedetti"},"content":{"rendered":"<p>Nato il 1 maggio 1959 a Roma, ha studiato all\u2019Universit\u00e0 \u201cSapienza\u201d laureandosi con 110 e lode in Giurisprudenza nel 1982. Ha iniziato la carriera diplomatica nel 1985 alla Direzione Generale Affari Economici del Ministero degli Affari Esteri<br \/>\nDal 1987 al 1991 ha prestato servizio all&#8217;Ufficio economico-commerciale dell\u2019Ambasciata d&#8217;Italia in Giappone e dal 1991 al 1995 presso l\u2019Ambasciata d\u2019Italia negli Stati Uniti. Al suo ritorno a Roma \u00e8 stato assegnato all&#8217;Ufficio per i Rapporti con il Parlamento del Ministero degli Affari Esteri.<br \/>\nDal 1998 al 1999 \u00e8 tornato a Washington, distaccato presso l&#8217;Ufficio NATO del Dipartimento di Stato americano nell&#8217;ambito del Programma di scambio diplomatico \u201cFellowship of Hope\u201d. A seguito di tale incarico, ha lavorato nell&#8217;Ufficio Politico dell&#8217;Ambasciata d&#8217;Italia negli Stati Uniti fino al 2001.<br \/>\nTornato al Ministero degli Affari Esteri, ha ricoperto il ruolo di Assistente del Ministro degli Esteri (2001-2002), poi quello di Coordinatore del sito web della Presidenza italiana dell&#8217;UE (2003) e poi quello di Vice Capo dell&#8217;Unit\u00e0 di Programmazione e Capo del l&#8217;Ufficio di Statistica (2004-2006).<br \/>\nDal 2006 al 2011 \u00e8 stato Consigliere Diplomatico di due successivi Ministri per la Pubblica Amministrazione e l&#8217;Innovazione. Nel 2011 \u00e8 stato nominato Consigliere Diplomatico del Ministro dell&#8217;Istruzione, dell&#8217;Universit\u00e0 e della Ricerca, incarico che ha mantenuto con quattro Ministri, assicurando il coordinamento delle attivit\u00e0 internazionali del Ministero e i rapporti con i Centri di ricerca e con le Universit\u00e0 per le questioni internazionali ed europee.<br \/>\nNel 2014 \u00e8 stato responsabile della preparazione e gestione del semestre di Presidenza italiana del Consiglio dell&#8217;Unione Europea nei settori Istruzione, Ricerca e Spazio, promuovendo il programma europeo \u201cPartenariato per la Ricerca e l&#8217;Innovazione nell&#8217;Area del Mediterraneo (PRIMA)\u201d. Durante la Presidenza italiana del G7, \u00e8 stato responsabile del coordinamento e della preparazione della Riunione dei Ministri della Scienza del G7, tenutasi a Torino il 28-29 settembre 2014.<br \/>\nDal 2012 al 2015 ha guidato la delegazione italiana presso l&#8217;International Holocaust Remembrance Alliance (IHRA).<br \/>\n\u00c8 stato Ambasciatore d&#8217;Italia presso lo Stato di Israele dal 14 agosto 2017 al 30 settembre 2021.<br \/>\n\u00c8 sposato con Sabina d\u2019Antonio. Ha tre figli Anna, Gabriele e Gaia.<br \/>\nNel 2021 \u00e8 stato nominato Grande Ufficiale dell\u2019Ordine al Merito della Repubblica.<\/p>\n<p>=&gt;Vai ai <a href=\"https:\/\/ambtokyo.esteri.it\/it\/chi-siamo\/la-sede\/elenco-degli-ambasciatori-italiani-in-giappone\/gianluigi-benedetti\/i-discorsi-dellambasciatore-ditalia-in-giappone-s-e-gianluigi-benedetti\/\">discorsi dell&#8217;Ambasciatore Gianluigi Benedetti<\/a>.<\/p>\n<p>&nbsp;<\/p>\n","protected":false},"excerpt":{"rendered":"Nato il 1 maggio 1959 a Roma, ha studiato all\u2019Universit\u00e0 \u201cSapienza\u201d laureandosi con 110 e lode in Giurisprudenza nel 1982. Ha iniziato la carriera diplomatica nel 1985 alla Direzione Generale Affari Economici del Ministero degli Affari Esteri Dal 1987 al 1991 ha prestato servizio all&#8217;Ufficio economico-commerciale dell\u2019Ambasciata d&#8217;Italia in Giappone e dal 1991 al 1995 [&hellip;]","protected":false},"author":6,"featured_media":0,"parent":7693,"menu_order":0,"comment_status":"closed","ping_status":"closed","template":"","meta":{"footnotes":""},"class_list":["post-7697","page","type-page","status-publish","hentry"],"_links":{"self":[{"href":"https:\/\/ambtokyo.esteri.it\/it\/wp-json\/wp\/v2\/pages\/7697","targetHints":{"allow":["GET"]}}],"collection":[{"href":"https:\/\/ambtokyo.esteri.it\/it\/wp-json\/wp\/v2\/pages"}],"about":[{"href":"https:\/\/ambtokyo.esteri.it\/it\/wp-json\/wp\/v2\/types\/page"}],"author":[{"embeddable":true,"href":"https:\/\/ambtokyo.esteri.it\/it\/wp-json\/wp\/v2\/users\/6"}],"replies":[{"embeddable":true,"href":"https:\/\/ambtokyo.esteri.it\/it\/wp-json\/wp\/v2\/comments?post=7697"}],"version-history":[{"count":3,"href":"https:\/\/ambtokyo.esteri.it\/it\/wp-json\/wp\/v2\/pages\/7697\/revisions"}],"predecessor-version":[{"id":7713,"href":"https:\/\/ambtokyo.esteri.it\/it\/wp-json\/wp\/v2\/pages\/7697\/revisions\/7713"}],"up":[{"embeddable":true,"href":"https:\/\/ambtokyo.esteri.it\/it\/wp-json\/wp\/v2\/pages\/7693"}],"wp:attachment":[{"href":"https:\/\/ambtokyo.esteri.it\/it\/wp-json\/wp\/v2\/media?parent=7697"}],"curies":[{"name":"wp","href":"https:\/\/api.w.org\/{rel}","templated":true}]}}